{"id":60503,"date":"2025-10-28T12:23:33","date_gmt":"2025-10-28T11:23:33","guid":{"rendered":"https:\/\/ultrasfactory.com\/politica-de-cookies\/"},"modified":"2025-10-28T12:23:34","modified_gmt":"2025-10-28T11:23:34","slug":"politica-de-cookies","status":"publish","type":"page","link":"https:\/\/ultrasfactory.com\/pt-pt\/politica-de-cookies\/","title":{"rendered":"Pol\u00edtica de cookies"},"content":{"rendered":"\n<p>Pol\u00edtica de cookies:<\/p>\n\n<ol class=\"wp-block-list\">\n<li>O administrador utiliza cookies (cookies), ou seja, pequenas informa\u00e7\u00f5es de texto, armazenadas no dispositivo final do Utilizador (por exemplo, computador, tablet, smartphone). Os cookies podem ser lidos pelo sistema inform\u00e1tico do Administrador.<\/li>\n\n\n\n<li>O Administrador armazena cookies no dispositivo final do Utilizador e obt\u00e9m acesso \u00e0s informa\u00e7\u00f5es a\u00ed contidas para efeitos de:<\/li>\n<\/ol>\n\n<p>1.criar estat\u00edsticas que ajudem a compreender como os utilizadores utilizam os s\u00edtios Web, o que permite melhorar a sua estrutura e conte\u00fado;<\/p>\n\n<p>2.marketing (remarketing)<\/p>\n\n<p>3.definir o perfil do Utilizador para lhe apresentar materiais correspondentes em redes de publicidade, em particular na rede Google,<\/p>\n\n<ol start=\"4\" class=\"wp-block-list\">\n<li>assegura o bom funcionamento da Loja.<\/li>\n\n\n\n<li>O utilizador pode configurar o seu programa de navega\u00e7\u00e3o para impedir o armazenamento de cookies no seu dispositivo final. No entanto, em tal situa\u00e7\u00e3o, a utiliza\u00e7\u00e3o do s\u00edtio Web pelo Utilizador pode ser dif\u00edcil.<\/li>\n\n\n\n<li>Os cookies podem ser eliminados pelo Utilizador depois de terem sido guardados atrav\u00e9s das fun\u00e7\u00f5es apropriadas do navegador Web, dos programas utilizados para este fim ou atrav\u00e9s das ferramentas apropriadas dispon\u00edveis no sistema operativo utilizado pelo Utilizador.<\/li>\n\n\n\n<li>Estas liga\u00e7\u00f5es cont\u00eam informa\u00e7\u00f5es sobre como apagar os cookies nos navegadores Web mais populares:<\/li>\n<\/ol>\n\n<ul class=\"wp-block-list\">\n<li>Firefox: http:\/\/support.mozilla.org\/pl\/kb\/usuwie-ciasteczek,<\/li>\n\n\n\n<li>Opera: http:\/\/help.opera.com\/Linux\/9.60\/pl\/cookies.html,<\/li>\n\n\n\n<li>Internet Explorer: http:\/\/support.microsoft.com\/kb\/278835\/pl,<\/li>\n\n\n\n<li>Cromado: http:\/\/support.google.com\/chrome\/bin\/answer.py?hl=pl&amp;answer=95647<\/li>\n\n\n\n<li>Safari: http:\/\/support.apple.com\/kb\/HT1677?viewlocale=pl_PL<\/li>\n<\/ul>\n","protected":false},"excerpt":{"rendered":"<p>Pol\u00edtica de cookies: 1.criar estat\u00edsticas que ajudem a compreender como os utilizadores utilizam os s\u00edtios Web, o que permite melhorar a sua estrutura e conte\u00fado; 2.marketing (remarketing) 3.definir o perfil do Utilizador para lhe apresentar materiais correspondentes em redes de publicidade, em particular na rede Google,<\/p>\n","protected":false},"author":1,"featured_media":0,"parent":0,"menu_order":0,"comment_status":"closed","ping_status":"closed","template":"template-fullwidth.php","meta":{"_acf_changed":false,"footnotes":""},"class_list":["post-60503","page","type-page","status-publish","hentry"],"acf":[],"_links":{"self":[{"href":"https:\/\/ultrasfactory.com\/pt-pt\/wp-json\/wp\/v2\/pages\/60503","targetHints":{"allow":["GET"]}}],"collection":[{"href":"https:\/\/ultrasfactory.com\/pt-pt\/wp-json\/wp\/v2\/pages"}],"about":[{"href":"https:\/\/ultrasfactory.com\/pt-pt\/wp-json\/wp\/v2\/types\/page"}],"author":[{"embeddable":true,"href":"https:\/\/ultrasfactory.com\/pt-pt\/wp-json\/wp\/v2\/users\/1"}],"replies":[{"embeddable":true,"href":"https:\/\/ultrasfactory.com\/pt-pt\/wp-json\/wp\/v2\/comments?post=60503"}],"version-history":[{"count":1,"href":"https:\/\/ultrasfactory.com\/pt-pt\/wp-json\/wp\/v2\/pages\/60503\/revisions"}],"predecessor-version":[{"id":60520,"href":"https:\/\/ultrasfactory.com\/pt-pt\/wp-json\/wp\/v2\/pages\/60503\/revisions\/60520"}],"wp:attachment":[{"href":"https:\/\/ultrasfactory.com\/pt-pt\/wp-json\/wp\/v2\/media?parent=60503"}],"curies":[{"name":"wp","href":"https:\/\/api.w.org\/{rel}","templated":true}]}}