{"id":60524,"date":"2025-10-28T12:24:23","date_gmt":"2025-10-28T11:24:23","guid":{"rendered":"https:\/\/ultrasfactory.com\/prazo-de-entrega\/"},"modified":"2025-10-30T10:37:45","modified_gmt":"2025-10-30T09:37:45","slug":"prazo-de-entrega","status":"publish","type":"page","link":"https:\/\/ultrasfactory.com\/pt-pt\/prazo-de-entrega\/","title":{"rendered":"Prazo de entrega"},"content":{"rendered":"\t<div class=\"full_row-bread\">\r\n\t\t<div class=\"col-full\">\r\n\t\t<nav aria-label=\"breadcrumbs\" class=\"rank-math-breadcrumb\"><p><span class=\"last\">Home<\/span><\/p><\/nav>\t\t<\/div>\r\n\t<\/div>\r\n\t\n<div style=\"height:30px\" aria-hidden=\"true\" class=\"wp-block-spacer\"><\/div>\n\n<h2 class=\"wp-block-heading\">Prazo de entrega<\/h2>\n\n<ul class=\"wp-block-list\">\n<li>Informamos-te sobre o prazo de entrega previsto da tua encomenda no passo &#8220;Proceder ao checkout&#8221; e no e-mail de confirma\u00e7\u00e3o da encomenda &#8211; este prazo pode variar em fun\u00e7\u00e3o dos artigos selecionados e do m\u00e9todo de envio. Para obteres uma data de entrega estimada mais precisa, consulta a confirma\u00e7\u00e3o de envio que receber\u00e1s por e-mail assim que a tua encomenda estiver a caminho.<\/li>\n\n\n\n<li>A prepara\u00e7\u00e3o da encomenda demora de 2 a 4 dias e o envio demora de 2 a 9 dias, consoante o pa\u00eds.<\/li>\n<\/ul>\n\n<h3 class=\"wp-block-heading\">N\u00e3o sabes onde est\u00e1 a tua encomenda?<\/h3>\n\n<ul class=\"wp-block-list\">\n<li>O teu envio tamb\u00e9m pode ser entregue por outra transportadora como segunda tentativa de entrega ap\u00f3s uma tentativa de entrega falhada. Tem em aten\u00e7\u00e3o que isto pode acontecer sem aviso pr\u00e9vio e utiliza o servi\u00e7o de seguimento dispon\u00edvel para localizar a tua encomenda.<\/li>\n\n\n\n<li>Se o teu estado de entrega n\u00e3o tiver mudado durante 5 dias \u00fateis e a empresa de correio n\u00e3o te tiver contactado, informa-nos. Desta forma, poderemos verificar a localiza\u00e7\u00e3o do teu envio o mais rapidamente poss\u00edvel e, se necess\u00e1rio, procur\u00e1-lo.<\/li>\n<\/ul>\n","protected":false},"excerpt":{"rendered":"<p>Prazo de entrega N\u00e3o sabes onde est\u00e1 a tua encomenda?<\/p>\n","protected":false},"author":1,"featured_media":0,"parent":0,"menu_order":0,"comment_status":"closed","ping_status":"closed","template":"template-fullwidth.php","meta":{"_acf_changed":false,"footnotes":""},"class_list":["post-60524","page","type-page","status-publish","hentry"],"acf":[],"_links":{"self":[{"href":"https:\/\/ultrasfactory.com\/pt-pt\/wp-json\/wp\/v2\/pages\/60524","targetHints":{"allow":["GET"]}}],"collection":[{"href":"https:\/\/ultrasfactory.com\/pt-pt\/wp-json\/wp\/v2\/pages"}],"about":[{"href":"https:\/\/ultrasfactory.com\/pt-pt\/wp-json\/wp\/v2\/types\/page"}],"author":[{"embeddable":true,"href":"https:\/\/ultrasfactory.com\/pt-pt\/wp-json\/wp\/v2\/users\/1"}],"replies":[{"embeddable":true,"href":"https:\/\/ultrasfactory.com\/pt-pt\/wp-json\/wp\/v2\/comments?post=60524"}],"version-history":[{"count":3,"href":"https:\/\/ultrasfactory.com\/pt-pt\/wp-json\/wp\/v2\/pages\/60524\/revisions"}],"predecessor-version":[{"id":64246,"href":"https:\/\/ultrasfactory.com\/pt-pt\/wp-json\/wp\/v2\/pages\/60524\/revisions\/64246"}],"wp:attachment":[{"href":"https:\/\/ultrasfactory.com\/pt-pt\/wp-json\/wp\/v2\/media?parent=60524"}],"curies":[{"name":"wp","href":"https:\/\/api.w.org\/{rel}","templated":true}]}}