{"id":60528,"date":"2025-10-28T12:26:32","date_gmt":"2025-10-28T11:26:32","guid":{"rendered":"https:\/\/ultrasfactory.com\/politica-de-privacidade\/"},"modified":"2025-10-28T12:26:33","modified_gmt":"2025-10-28T11:26:33","slug":"politica-de-privacidade","status":"publish","type":"page","link":"https:\/\/ultrasfactory.com\/pt-pt\/politica-de-privacidade\/","title":{"rendered":"Pol\u00edtica de privacidade"},"content":{"rendered":"\n<p>QUEM \u00c9 O ADMINISTRADOR DOS TEUS DADOS PESSOAIS?<\/p>\n\n<p>O administrador dos teus dados pessoais em conformidade com o Regulamento (UE) 2016\/679 do Parlamento Europeu e do Conselho, de 27 de abril de 2016, relativo \u00e0 prote\u00e7\u00e3o das pessoas singulares no que diz respeito ao tratamento de dados pessoais e \u00e0 livre circula\u00e7\u00e3o desses dados e que revoga a Diretiva 95\/46\/CE (Regulamento Geral sobre a Prote\u00e7\u00e3o de Dados)<\/p>\n\n<p>) (a seguir designado por &#8220;RGPD&#8221;) \u00e9 Kamil Kita, que gere uma empresa em nome individual sob o nome UF GROUP SP\u00d3\u0141KA Z OGRANICZON\u0104 ODPOWIEDZIALNO\u015aCI\u0104 KRS 0001027769 em Brzoski 8\/10 91-315 Lodz, Pol\u00f3nia a seguir tamb\u00e9m designado por &#8220;ADO&#8221;).<\/p>\n\n<p>COMO PODES CONTACTAR-NOS?<\/p>\n\n<p>Podes contactar a PDC por correio eletr\u00f3nico (e-mail: support@ultrasfactory.com), ou por escrito para o endere\u00e7o da empresa.<\/p>\n\n<p>QUE DADOS TRATAMOS?<\/p>\n\n<p>Processamos dados pessoais sob a forma de:<\/p>\n\n<p>nome, apelido,<\/p>\n\n<p>endere\u00e7o de entrega,<\/p>\n\n<p>dados de contacto, ou seja, n\u00famero de telefone, endere\u00e7o eletr\u00f3nico, n\u00famero de identifica\u00e7\u00e3o fiscal, dados de endere\u00e7o &#8211; no caso de um pedido de fatura apresentado pelo empres\u00e1rio,<\/p>\n\n<p>Em caso de rescis\u00e3o do contrato ou de reconhecimento da reclama\u00e7\u00e3o, e se o reembolso for efectuado diretamente para a conta banc\u00e1ria do Utilizador, \u00e9 favor indicar o n\u00famero da conta banc\u00e1ria para que o montante devido seja reembolsado.<\/p>\n\n<p>QUAL \u00c9 A FINALIDADE E O FUNDAMENTO JUR\u00cdDICO DO TRATAMENTO DOS TEUS DADOS PESSOAIS?<\/p>\n\n<p>A PDA processa os teus dados pessoais para:<\/p>\n\n<p>conclus\u00e3o e execu\u00e7\u00e3o de servi\u00e7os resultantes de contratos (artigo 6.\u00ba, n.\u00ba 1, al\u00ednea b), do RGPD &#8211; tratamento para efeitos de execu\u00e7\u00e3o de um contrato);<\/p>\n\n<p>emiss\u00e3o de facturas e aceita\u00e7\u00e3o de pagamentos (artigo 6.\u00ba, n.\u00ba 1, al\u00edneas b) e b) do RGPD &#8211; tratamento para efeitos de execu\u00e7\u00e3o de um contrato e cumprimento de uma obriga\u00e7\u00e3o legal)<\/p>\n\n<p>recupera\u00e7\u00e3o de d\u00edvidas e defesa contra reclama\u00e7\u00f5es (artigo 6.\u00ba, n.\u00ba 1, al\u00ednea f) do RGPD &#8211; interesse leg\u00edtimo);<\/p>\n\n<p>tratamento de queixas e garantias (artigo 6.\u00ba, n.\u00ba 1, al\u00ednea c) do RGPD &#8211; cumprimento de uma obriga\u00e7\u00e3o legal);<\/p>\n\n<p>recolher, armazenar e partilhar dados de reten\u00e7\u00e3o com as autoridades competentes (artigo 6.\u00ba, n.\u00ba 1, al\u00ednea c), do RGPD)<\/p>\n\n<p>a utiliza\u00e7\u00e3o de todos os direitos do consumidor pelo utilizador (por exemplo, rescis\u00e3o do contrato, garantia)<\/p>\n\n<p>Finalidade &#8220;O tratamento dos teus dados pessoais permite-nos prestar servi\u00e7os, incluindo a manuten\u00e7\u00e3o da tua conta, o processamento de encomendas, os contactos relacionados com a execu\u00e7\u00e3o do contrato, bem como o envio de informa\u00e7\u00f5es de marketing (incluindo a newsletter). &#8220;<\/p>\n\n<p>Tempo &#8220;Os dados pessoais ser\u00e3o conservados durante a vig\u00eancia do contrato e pelo per\u00edodo em conformidade com a regulamenta\u00e7\u00e3o aplic\u00e1vel, incluindo a limita\u00e7\u00e3o de reclama\u00e7\u00f5es e obriga\u00e7\u00f5es fiscais.<\/p>\n\n<p>Os dados pessoais para cujo tratamento deste o teu consentimento foi dado ser\u00e3o conservados at\u00e9 que retires o teu consentimento.<\/p>\n\n<p>QUEM PODE VER OS TEUS DADOS PESSOAIS?<\/p>\n\n<p>Os destinat\u00e1rios dos dados pessoais s\u00e3o os funcion\u00e1rios da PDC. Al\u00e9m disso, com base em contratos apropriados, estes dados podem ser transferidos para entidades que cooperem com a PDC na execu\u00e7\u00e3o de servi\u00e7os resultantes do contrato, ou seja, nomeadamente: <\/p>\n\n<p>empresas de log\u00edstica (por exemplo, empresas de correio r\u00e1pido),<\/p>\n\n<p>empresas de cobran\u00e7a de d\u00edvidas e escrit\u00f3rios de advogados com os quais cooperamos,<\/p>\n\n<p>a nossa contabilidade &#8211; no caso da emiss\u00e3o de uma fatura, \\<\/p>\n\n<p>entidades que prestam servi\u00e7os de alojamento ao UF GROUP SP\u00d3\u0141KA Z OGRANICZON\u0104 ODPOWIEDZIALNO\u015aCI\u0104<\/p>\n\n<p>Oferecemos aos nossos Utilizadores sistemas de pagamento no com\u00e9rcio online &#8211; em particular, pagamento antecipado, PayPal, Visa e Mastercard by Inoje. Obtemos dados de pagamento de fornecedores externos de servi\u00e7os de pagamento e ag\u00eancias de informa\u00e7\u00e3o com os quais cooperamos no \u00e2mbito do processamento de pagamentos e da verifica\u00e7\u00e3o de solv\u00eancia. Apenas fornecemos aos nossos fornecedores de servi\u00e7os de pagamento os dados necess\u00e1rios para processar o pagamento. Os dados de pagamento incluem: m\u00e9todo de pagamento preferido, endere\u00e7o da fatura, IBAN e BIC, ou n\u00famero de conta e c\u00f3digo banc\u00e1rio. Os dados de pagamento tamb\u00e9m incluem outras informa\u00e7\u00f5es diretamente relacionadas    <\/p>\n\n<p>para o processamento de pagamentos.<\/p>\n\n<p>Em princ\u00edpio, estes prestadores de servi\u00e7os s\u00f3 podem tratar os dados do utilizador em nosso nome sob determinadas condi\u00e7\u00f5es. Se trabalharem para n\u00f3s como subcontratantes, s\u00f3 t\u00eam acesso aos teus dados na medida e durante o per\u00edodo necess\u00e1rios para prestar um servi\u00e7o espec\u00edfico. <\/p>\n\n<p>Al\u00e9m disso, a PDC pode transferir dados para autoridades p\u00fablicas relevantes autorizadas a ler os dados de reten\u00e7\u00e3o (e s\u00f3 fornecemos dados se<\/p>\n\n<p>e apenas na medida em que seja realmente necess\u00e1rio e exigido por disposi\u00e7\u00f5es legais imperativas e de forma coerente com essas disposi\u00e7\u00f5es).<\/p>\n\n<p>PRAZO DE PROCESSAMENTO:<\/p>\n\n<p>&#8220;O utilizador tem o direito de ver e alterar os seus dados pessoais em qualquer altura, bem como de solicitar ao Administrador que os elimine imediatamente (&#8220;o direito a ser esquecido&#8221;).&#8221;<\/p>\n\n<p>Guardamos os teus dados pessoais at\u00e9 que apagues a tua conta de Utilizador no S\u00edtio Web. A elimina\u00e7\u00e3o da conta pode ocorrer a pedido do Utilizador, mas tamb\u00e9m se este retirar o seu consentimento para o tratamento dos seus dados, se se opuser ao tratamento dos seus dados pessoais ou solicitar a sua remo\u00e7\u00e3o. <\/p>\n\n<p>O nosso sistema apenas ret\u00e9m informa\u00e7\u00f5es de arquivo sobre as transac\u00e7\u00f5es que conclu\u00edste, cujo armazenamento est\u00e1 relacionado, por exemplo, com as tuas reivindica\u00e7\u00f5es, por exemplo, ao abrigo da garantia, bem como em rela\u00e7\u00e3o \u00e0 legisla\u00e7\u00e3o aplic\u00e1vel.<\/p>\n\n<p>PROTEC\u00c7\u00c3O DE DADOS PESSOAIS:<\/p>\n\n<p>A PDC assegura que aplica condi\u00e7\u00f5es t\u00e9cnicas e organizacionais adequadas para garantir a seguran\u00e7a dos dados pessoais processados antes de os divulgar. Isto aplica-se ao processo de encomenda e ao login do cliente. Utilizamos o sistema de encaixe SSL (Secure Socket Layer). Para al\u00e9m disso, os nossos s\u00edtios Web e outros sistemas est\u00e3o protegidos por   <\/p>\n\n<p>e medidas organizacionais contra a perda, destrui\u00e7\u00e3o, acesso, modifica\u00e7\u00e3o ou divulga\u00e7\u00e3o de dados do utilizador por pessoas n\u00e3o autorizadas. Para o efeito, foram introduzidos procedimentos adequados e a seguran\u00e7a dos sistemas TIC.<\/p>\n\n<p>DIREITOS RELACIONADOS COM O TRATAMENTO DOS TEUS DADOS PESSOAIS POR N\u00d3S:<\/p>\n\n<p>As pessoas cujos dados pessoais s\u00e3o processados pela PDC t\u00eam o direito de solicitar \u00e0 PDC o acesso aos seus dados pessoais, rectific\u00e1-los, apagar ou limitar o seu processamento, opor-se ao processamento, bem como transferir dados. Al\u00e9m disso, estas pessoas t\u00eam o direito de retirar o seu consentimento e de apresentar uma queixa ao organismo de controlo. O \u00f3rg\u00e3o de controlo \u00e9 o Inspetor-Geral para a Prote\u00e7\u00e3o de Dados Pessoais \/ Presidente do Gabinete para a Prote\u00e7\u00e3o de Dados Pessoais.<\/p>\n\n<p>O fornecimento de dados pessoais \u00e9 totalmente volunt\u00e1rio. No entanto, o n\u00e3o fornecimento de dados pessoais como nome e apelido, endere\u00e7o de entrega e n\u00famero de telefone impede-nos de te contactar para a execu\u00e7\u00e3o do contrato.<\/p>\n\n<p>INFORMA\u00c7\u00d5ES ADICIONAIS:<\/p>\n\n<p>A ADO n\u00e3o procede \u00e0 defini\u00e7\u00e3o de perfis no \u00e2mbito do tratamento dos teus dados pessoais, nem processa dados pessoais de forma autom\u00e1tica e que afectem os teus direitos. A ADO n\u00e3o transfere dados pessoais para pa\u00edses fora do Espa\u00e7o Econ\u00f3mico Europeu.<\/p>\n","protected":false},"excerpt":{"rendered":"<p>QUEM \u00c9 O ADMINISTRADOR DOS TEUS DADOS PESSOAIS? O administrador dos teus dados pessoais em conformidade com o Regulamento (UE) 2016\/679 do Parlamento Europeu e do Conselho, de 27 de abril de 2016, relativo \u00e0 prote\u00e7\u00e3o das pessoas singulares no que diz respeito ao tratamento de dados pessoais e \u00e0 livre circula\u00e7\u00e3o desses dados e [&hellip;]<\/p>\n","protected":false},"author":1,"featured_media":0,"parent":0,"menu_order":0,"comment_status":"closed","ping_status":"open","template":"template-fullwidth.php","meta":{"_acf_changed":false,"footnotes":""},"class_list":["post-60528","page","type-page","status-publish","hentry"],"acf":[],"_links":{"self":[{"href":"https:\/\/ultrasfactory.com\/pt-pt\/wp-json\/wp\/v2\/pages\/60528","targetHints":{"allow":["GET"]}}],"collection":[{"href":"https:\/\/ultrasfactory.com\/pt-pt\/wp-json\/wp\/v2\/pages"}],"about":[{"href":"https:\/\/ultrasfactory.com\/pt-pt\/wp-json\/wp\/v2\/types\/page"}],"author":[{"embeddable":true,"href":"https:\/\/ultrasfactory.com\/pt-pt\/wp-json\/wp\/v2\/users\/1"}],"replies":[{"embeddable":true,"href":"https:\/\/ultrasfactory.com\/pt-pt\/wp-json\/wp\/v2\/comments?post=60528"}],"version-history":[{"count":1,"href":"https:\/\/ultrasfactory.com\/pt-pt\/wp-json\/wp\/v2\/pages\/60528\/revisions"}],"predecessor-version":[{"id":60529,"href":"https:\/\/ultrasfactory.com\/pt-pt\/wp-json\/wp\/v2\/pages\/60528\/revisions\/60529"}],"wp:attachment":[{"href":"https:\/\/ultrasfactory.com\/pt-pt\/wp-json\/wp\/v2\/media?parent=60528"}],"curies":[{"name":"wp","href":"https:\/\/api.w.org\/{rel}","templated":true}]}}