{"id":60435,"date":"2025-09-16T09:39:59","date_gmt":"2025-09-16T08:39:59","guid":{"rendered":"https:\/\/ultrasfactory.com\/product\/fonte-de-palco-xt1038\/"},"modified":"2025-10-28T12:16:57","modified_gmt":"2025-10-28T11:16:57","slug":"fonte-de-palco-xt1038","status":"publish","type":"product","link":"https:\/\/ultrasfactory.com\/pt-pt\/product\/fonte-de-palco-xt1038\/","title":{"rendered":"Fonte de Palco XT1038"},"content":{"rendered":"<p><iframe loading=\"lazy\" title=\"Reprodutor de v\u00eddeo do YouTube\" src=\"https:\/\/www.youtube.com\/embed\/YJ5azfmHuQA?si=F-DbKuklBktFzLxY\" width=\"560\" height=\"315\" frameborder=\"0\" allowfullscreen=\"allowfullscreen\"><\/iframe><\/p>\n<p>A <strong data-start=\"249\" data-end=\"274\">Fonte de Palco XT1038<\/strong> da Triplex traz um brilho pirot\u00e9cnico profissional com o m\u00ednimo de confus\u00e3o. Desenhada especialmente para eventos interiores e exteriores, esta fonte \u201csem cheiro\u201d produz um efeito denso de fa\u00edscas prateadas que se elevam at\u00e9 2 metros e duram aproximadamente 30 segundos. Perfeita para casamentos, banquetes, concertos ou grandes efeitos de palco onde queres impacto visual sem fumo ou odor excessivo.  <\/p>\n","protected":false},"excerpt":{"rendered":"<table>\n<thead>\n<tr>\n<th>Caracter\u00edstica<\/th>\n<th>detalhe<\/th>\n<\/tr>\n<\/thead>\n<tbody>\n<tr>\n<td><strong>Marca \/ fabricante<\/strong><\/td>\n<td>triplex<\/td>\n<\/tr>\n<tr>\n<td><strong>Tipo de Efeito<\/strong><\/td>\n<td>Fonte de Fa\u00edscas (Prateada) \u2014 \u201cSem Cheiro\u201d<\/td>\n<\/tr>\n<tr>\n<td><strong>Altura do Efeito<\/strong><\/td>\n<td>At\u00e9 <strong>2 metros<\/strong><\/td>\n<\/tr>\n<tr>\n<td><strong>Dura\u00e7\u00e3o (Tempo de Queima)<\/strong><\/td>\n<td>\u2248 <strong>30 segundos<\/strong><\/td>\n<\/tr>\n<tr>\n<td><strong>M\u00e9todo de Igni\u00e7\u00e3o<\/strong><\/td>\n<td>Ignitor el\u00e9trico (por exemplo, usando bateria de 9V ou sistema de igni\u00e7\u00e3o padr\u00e3o)<\/td>\n<\/tr>\n<tr>\n<td><strong>Adequa\u00e7\u00e3o de Uso<\/strong><\/td>\n<td>Uso interior e exterior; adequado para espa\u00e7os como sal\u00f5es de banquetes, salas de confer\u00eancia devido ao odor e fumo reduzidos<\/td>\n<\/tr>\n<tr>\n<td><strong>Certifica\u00e7\u00e3o \/ Categoria de Seguran\u00e7a<\/strong><\/td>\n<td>Certificado CE, Classe <strong>T1<\/strong><\/td>\n<\/tr>\n<tr>\n<td><strong>Conte\u00fado Explosivo L\u00edquido \/ Peso do P\u00f3<\/strong><\/td>\n<td>~ <strong>40 gramas<\/strong> de mistura de \u201cp\u00f3\u201d<\/td>\n<\/tr>\n<tr>\n<td><\/td>\n<td><\/td>\n<\/tr>\n<tr>\n<td><\/td>\n<td><\/td>\n<\/tr>\n<\/tbody>\n<\/table>\n","protected":false},"featured_media":60436,"comment_status":"closed","ping_status":"closed","template":"","meta":{"_acf_changed":false},"product_brand":[],"product_cat":[476,475],"product_tag":[],"class_list":{"0":"post-60435","1":"product","2":"type-product","3":"status-publish","4":"has-post-thumbnail","6":"product_cat-eventos","7":"product_cat-fontes","8":"pa_brandx-triplex","10":"first","11":"instock","12":"taxable","13":"shipping-taxable","14":"purchasable","15":"product-type-simple"},"acf":[],"_links":{"self":[{"href":"https:\/\/ultrasfactory.com\/pt-pt\/wp-json\/wp\/v2\/product\/60435","targetHints":{"allow":["GET"]}}],"collection":[{"href":"https:\/\/ultrasfactory.com\/pt-pt\/wp-json\/wp\/v2\/product"}],"about":[{"href":"https:\/\/ultrasfactory.com\/pt-pt\/wp-json\/wp\/v2\/types\/product"}],"replies":[{"embeddable":true,"href":"https:\/\/ultrasfactory.com\/pt-pt\/wp-json\/wp\/v2\/comments?post=60435"}],"wp:featuredmedia":[{"embeddable":true,"href":"https:\/\/ultrasfactory.com\/pt-pt\/wp-json\/wp\/v2\/media\/60436"}],"wp:attachment":[{"href":"https:\/\/ultrasfactory.com\/pt-pt\/wp-json\/wp\/v2\/media?parent=60435"}],"wp:term":[{"taxonomy":"product_brand","embeddable":true,"href":"https:\/\/ultrasfactory.com\/pt-pt\/wp-json\/wp\/v2\/product_brand?post=60435"},{"taxonomy":"product_cat","embeddable":true,"href":"https:\/\/ultrasfactory.com\/pt-pt\/wp-json\/wp\/v2\/product_cat?post=60435"},{"taxonomy":"product_tag","embeddable":true,"href":"https:\/\/ultrasfactory.com\/pt-pt\/wp-json\/wp\/v2\/product_tag?post=60435"}],"curies":[{"name":"wp","href":"https:\/\/api.w.org\/{rel}","templated":true}]}}