{"id":60570,"date":"2025-10-22T11:49:38","date_gmt":"2025-10-22T10:49:38","guid":{"rendered":"https:\/\/ultrasfactory.com\/product\/crazy-cracker-grande-2g-zb302\/"},"modified":"2026-04-04T13:53:44","modified_gmt":"2026-04-04T12:53:44","slug":"crazy-cracker-grande-2g-zb302","status":"publish","type":"product","link":"https:\/\/ultrasfactory.com\/pt-pt\/product\/crazy-cracker-grande-2g-zb302\/","title":{"rendered":"Crazy Cracker Grande 2G ZB302"},"content":{"rendered":"<p data-start=\"664\" data-end=\"960\">O <strong data-start=\"668\" data-end=\"700\">Crazy Cracker Big 2G (ZB302)<\/strong> da <strong data-start=\"704\" data-end=\"715\">Zom Bum<\/strong> \u00e9 um <strong data-start=\"721\" data-end=\"753\">foguete de flash de alta pot\u00eancia<\/strong> concebido para utilizadores que pretendem o m\u00e1ximo impacto ac\u00fastico dentro dos limites legais de F3 para consumidores. Cada crackker apresenta um <strong data-start=\"863\" data-end=\"878\">forte estrondo<\/strong> e um efeito de flash brilhante, proporcionando uma detona\u00e7\u00e3o limpa e um perfil de som intenso.<\/p>\n<p data-start=\"962\" data-end=\"1227\">Fornecidos em <strong data-start=\"974\" data-end=\"992\">embalagens de 20 unidades<\/strong>, estes flash bangers cont\u00eam cerca de <strong data-start=\"1029\" data-end=\"1050\">2 g de NEC por unidade<\/strong> (\u2248 40 g de NEC total por embalagem). Classificado como <strong data-start=\"1094\" data-end=\"1112\">CE Categoria F3<\/strong>,<\/p>\n<p data-start=\"1229\" data-end=\"1374\">O fus\u00edvel foi concebido para uma igni\u00e7\u00e3o r\u00e1pida e consistente. Ideal para a <strong data-start=\"1297\" data-end=\"1315\">v\u00e9spera de Ano Novo<\/strong>, <strong data-start=\"1317\" data-end=\"1341\">grandes eventos ao ar livre<\/strong> ou sequ\u00eancias de efeitos controlados. <\/p>\n","protected":false},"excerpt":{"rendered":"<p>O Crazy Cracker Big 2G (ZB302) da Zom Bum \u00e9 um foguete de flash de alta pot\u00eancia concebido para utilizadores que pretendem o m\u00e1ximo impacto ac\u00fastico dentro dos limites legais de F3 para consumidores. Cada crackker apresenta um forte estrondo e um efeito de flash brilhante, proporcionando uma detona\u00e7\u00e3o limpa e um perfil de som [&hellip;]<\/p>\n","protected":false},"featured_media":60571,"comment_status":"closed","ping_status":"closed","template":"","meta":{"_acf_changed":false},"product_brand":[],"product_cat":[487,495],"product_tag":[],"class_list":{"0":"post-60570","1":"product","2":"type-product","3":"status-publish","4":"has-post-thumbnail","6":"product_cat-fogos-de-artificio","7":"product_cat-promocao","9":"first","10":"instock","11":"sale","12":"taxable","13":"shipping-taxable","14":"purchasable","15":"product-type-simple"},"acf":[],"_links":{"self":[{"href":"https:\/\/ultrasfactory.com\/pt-pt\/wp-json\/wp\/v2\/product\/60570","targetHints":{"allow":["GET"]}}],"collection":[{"href":"https:\/\/ultrasfactory.com\/pt-pt\/wp-json\/wp\/v2\/product"}],"about":[{"href":"https:\/\/ultrasfactory.com\/pt-pt\/wp-json\/wp\/v2\/types\/product"}],"replies":[{"embeddable":true,"href":"https:\/\/ultrasfactory.com\/pt-pt\/wp-json\/wp\/v2\/comments?post=60570"}],"wp:featuredmedia":[{"embeddable":true,"href":"https:\/\/ultrasfactory.com\/pt-pt\/wp-json\/wp\/v2\/media\/60571"}],"wp:attachment":[{"href":"https:\/\/ultrasfactory.com\/pt-pt\/wp-json\/wp\/v2\/media?parent=60570"}],"wp:term":[{"taxonomy":"product_brand","embeddable":true,"href":"https:\/\/ultrasfactory.com\/pt-pt\/wp-json\/wp\/v2\/product_brand?post=60570"},{"taxonomy":"product_cat","embeddable":true,"href":"https:\/\/ultrasfactory.com\/pt-pt\/wp-json\/wp\/v2\/product_cat?post=60570"},{"taxonomy":"product_tag","embeddable":true,"href":"https:\/\/ultrasfactory.com\/pt-pt\/wp-json\/wp\/v2\/product_tag?post=60570"}],"curies":[{"name":"wp","href":"https:\/\/api.w.org\/{rel}","templated":true}]}}