{"id":60615,"date":"2025-09-15T08:46:52","date_gmt":"2025-09-15T07:46:52","guid":{"rendered":"https:\/\/ultrasfactory.com\/product\/furia-ic25-25-2\/"},"modified":"2025-10-28T14:36:38","modified_gmt":"2025-10-28T13:36:38","slug":"furia-ic25-25-2","status":"publish","type":"product","link":"https:\/\/ultrasfactory.com\/pt-pt\/product\/furia-ic25-25-2\/","title":{"rendered":"F\u00faria IC25-25-2"},"content":{"rendered":"<p><iframe loading=\"lazy\" title=\"Reprodutor de v\u00eddeo do YouTube\" src=\"https:\/\/www.youtube.com\/embed\/5KfIkHwiqIk?si=s_inXBtQ4waaUT3U\" width=\"560\" height=\"315\" frameborder=\"0\" allowfullscreen=\"allowfullscreen\"><\/iframe><\/p>\n<p>A <strong data-start=\"572\" data-end=\"591\">Furia IC25-25-2<\/strong> \u00e9 uma bateria de fogo de artif\u00edcio de 25 disparos e 25 mm, de grau CE F2, que proporciona aproximadamente <strong data-start=\"670\" data-end=\"684\">21 segundos<\/strong> de efeitos vibrantes no c\u00e9u. Com <g id=\"gid_2\">400 g de NEC<\/g>, esta bateria lan\u00e7a caudas coloridas que explodem em deslumbrantes palmas de cris\u00e2ntemos dourados. Perfeita para celebra\u00e7\u00f5es ao ar livre, casamentos e eventos especiais, a Furia IC25-25-2 oferece um desempenho fi\u00e1vel e um forte impacto visual.  <\/p>\n","protected":false},"excerpt":{"rendered":"<ul>\n<li data-start=\"118\" data-end=\"153\">\n<p data-start=\"120\" data-end=\"153\"><strong>25 disparos<\/strong><\/p>\n<\/li>\n<li data-start=\"154\" data-end=\"172\">\n<p data-start=\"156\" data-end=\"172\"><strong>Calibre: 25 mm<\/strong><\/p>\n<\/li>\n<li data-start=\"173\" data-end=\"194\">\n<p data-start=\"175\" data-end=\"194\"><strong>Categoria: F2 (CE)<\/strong><\/p>\n<\/li>\n<li data-start=\"195\" data-end=\"209\">\n<p data-start=\"197\" data-end=\"209\"><strong>NEC: 400 g<\/strong><\/p>\n<\/li>\n<li data-start=\"210\" data-end=\"235\">\n<p data-start=\"212\" data-end=\"235\"><strong>Dura\u00e7\u00e3o: ~21 segundos<\/strong><strong>w<\/strong><\/p>\n<\/li>\n<\/ul>\n","protected":false},"featured_media":60616,"comment_status":"closed","ping_status":"closed","template":"","meta":{"_acf_changed":false},"product_brand":[],"product_cat":[477,495],"product_tag":[],"class_list":{"0":"post-60615","1":"product","2":"type-product","3":"status-publish","4":"has-post-thumbnail","6":"product_cat-baterias","7":"product_cat-promocao","8":"pa_brandx-iskra-line","10":"first","11":"outofstock","12":"sale","13":"taxable","14":"shipping-taxable","15":"purchasable","16":"product-type-simple"},"acf":[],"_links":{"self":[{"href":"https:\/\/ultrasfactory.com\/pt-pt\/wp-json\/wp\/v2\/product\/60615","targetHints":{"allow":["GET"]}}],"collection":[{"href":"https:\/\/ultrasfactory.com\/pt-pt\/wp-json\/wp\/v2\/product"}],"about":[{"href":"https:\/\/ultrasfactory.com\/pt-pt\/wp-json\/wp\/v2\/types\/product"}],"replies":[{"embeddable":true,"href":"https:\/\/ultrasfactory.com\/pt-pt\/wp-json\/wp\/v2\/comments?post=60615"}],"wp:featuredmedia":[{"embeddable":true,"href":"https:\/\/ultrasfactory.com\/pt-pt\/wp-json\/wp\/v2\/media\/60616"}],"wp:attachment":[{"href":"https:\/\/ultrasfactory.com\/pt-pt\/wp-json\/wp\/v2\/media?parent=60615"}],"wp:term":[{"taxonomy":"product_brand","embeddable":true,"href":"https:\/\/ultrasfactory.com\/pt-pt\/wp-json\/wp\/v2\/product_brand?post=60615"},{"taxonomy":"product_cat","embeddable":true,"href":"https:\/\/ultrasfactory.com\/pt-pt\/wp-json\/wp\/v2\/product_cat?post=60615"},{"taxonomy":"product_tag","embeddable":true,"href":"https:\/\/ultrasfactory.com\/pt-pt\/wp-json\/wp\/v2\/product_tag?post=60615"}],"curies":[{"name":"wp","href":"https:\/\/api.w.org\/{rel}","templated":true}]}}