{"id":60619,"date":"2025-09-15T12:43:28","date_gmt":"2025-09-15T11:43:28","guid":{"rendered":"https:\/\/ultrasfactory.com\/product\/suporte-de-relva-air-smoke-30mm\/"},"modified":"2025-10-28T14:36:48","modified_gmt":"2025-10-28T13:36:48","slug":"suporte-de-relva-air-smoke-30mm","status":"publish","type":"product","link":"https:\/\/ultrasfactory.com\/pt-pt\/product\/suporte-de-relva-air-smoke-30mm\/","title":{"rendered":"Suporte de relva Air Smoke 30mm"},"content":{"rendered":"<p data-start=\"292\" data-end=\"776\">O <strong data-start=\"296\" data-end=\"327\">suporte de relva Air Smoke de 30 mm<\/strong> \u00e9 um acess\u00f3rio essencial para organizadores de eventos, fot\u00f3grafos, designers de palcos e artistas de exposi\u00e7\u00e3o a retalho. Concebido para elevar os teus visuais, este suporte de relva apresenta uma exuberante superf\u00edcie de relva artificial de 30 mm combinada com uma estrutura robusta, criando um cen\u00e1rio vibrante e inspirado na natureza. Quer pretendas um aspeto r\u00fastico, um tema de palco bot\u00e2nico ou um expositor verde para mostru\u00e1rios de produtos, este suporte oferece um elevado impacto visual com um m\u00ednimo de manuten\u00e7\u00e3o.  <\/p>\n<p data-start=\"778\" data-end=\"1201\">Concebido para utiliza\u00e7\u00e3o no interior e no exterior, o Air Smoke Grass Stand acrescenta textura, profundidade e contraste. A altura do pelo de 30 mm confere-lhe um aspeto natural e de qualidade superior &#8211; suficientemente espesso para imitar a relva verdadeira, mas resistente ao desgaste. Leve mas duradouro, \u00e9 f\u00e1cil de instalar e transportar, o que o torna ideal para exposi\u00e7\u00f5es, cabinas fotogr\u00e1ficas, expositores de jardim, casamentos, montras de lojas ou qualquer espa\u00e7o que necessite de um toque extra de verde.  <\/p>\n","protected":false},"excerpt":{"rendered":"<p>O suporte de relva Air Smoke de 30 mm \u00e9 um acess\u00f3rio essencial para organizadores de eventos, fot\u00f3grafos, designers de palcos e artistas de exposi\u00e7\u00e3o a retalho. Concebido para elevar os teus visuais, este suporte de relva apresenta uma exuberante superf\u00edcie de relva artificial de 30 mm combinada com uma estrutura robusta, criando um cen\u00e1rio [&hellip;]<\/p>\n","protected":false},"featured_media":60620,"comment_status":"closed","ping_status":"closed","template":"","meta":{"_acf_changed":false},"product_brand":[],"product_cat":[476,492],"product_tag":[],"class_list":{"0":"post-60619","1":"product","2":"type-product","3":"status-publish","4":"has-post-thumbnail","6":"product_cat-eventos","7":"product_cat-outro","9":"first","10":"outofstock","11":"taxable","12":"shipping-taxable","13":"purchasable","14":"product-type-simple"},"acf":[],"_links":{"self":[{"href":"https:\/\/ultrasfactory.com\/pt-pt\/wp-json\/wp\/v2\/product\/60619","targetHints":{"allow":["GET"]}}],"collection":[{"href":"https:\/\/ultrasfactory.com\/pt-pt\/wp-json\/wp\/v2\/product"}],"about":[{"href":"https:\/\/ultrasfactory.com\/pt-pt\/wp-json\/wp\/v2\/types\/product"}],"replies":[{"embeddable":true,"href":"https:\/\/ultrasfactory.com\/pt-pt\/wp-json\/wp\/v2\/comments?post=60619"}],"wp:featuredmedia":[{"embeddable":true,"href":"https:\/\/ultrasfactory.com\/pt-pt\/wp-json\/wp\/v2\/media\/60620"}],"wp:attachment":[{"href":"https:\/\/ultrasfactory.com\/pt-pt\/wp-json\/wp\/v2\/media?parent=60619"}],"wp:term":[{"taxonomy":"product_brand","embeddable":true,"href":"https:\/\/ultrasfactory.com\/pt-pt\/wp-json\/wp\/v2\/product_brand?post=60619"},{"taxonomy":"product_cat","embeddable":true,"href":"https:\/\/ultrasfactory.com\/pt-pt\/wp-json\/wp\/v2\/product_cat?post=60619"},{"taxonomy":"product_tag","embeddable":true,"href":"https:\/\/ultrasfactory.com\/pt-pt\/wp-json\/wp\/v2\/product_tag?post=60619"}],"curies":[{"name":"wp","href":"https:\/\/api.w.org\/{rel}","templated":true}]}}