{"id":60678,"date":"2025-09-10T14:05:52","date_gmt":"2025-09-10T13:05:52","guid":{"rendered":"https:\/\/ultrasfactory.com\/product\/galaxy-txb514\/"},"modified":"2025-10-28T14:37:32","modified_gmt":"2025-10-28T13:37:32","slug":"galaxy-txb514","status":"publish","type":"product","link":"https:\/\/ultrasfactory.com\/pt-pt\/product\/galaxy-txb514\/","title":{"rendered":"Galaxy TXB514"},"content":{"rendered":"<p><iframe loading=\"lazy\" title=\"Reprodutor de v\u00eddeo do YouTube\" src=\"https:\/\/www.youtube.com\/embed\/DSxBmNRfxew?si=S1nFKm_-uG_RXhHl\" width=\"560\" height=\"315\" frameborder=\"0\" allowfullscreen=\"allowfullscreen\"><\/iframe><\/p>\n<p>A <strong data-start=\"725\" data-end=\"742\">Galaxy TXB514<\/strong> da Triplex \u00e9 uma impressionante bateria de fogo de artif\u00edcio da categoria F3, concebida para proporcionar um espet\u00e1culo a\u00e9reo impressionante. Com <strong data-start=\"856\" data-end=\"869\">150 disparos<\/strong> de cartuchos de calibre de 0,8 polegadas (\u2248 20 mm) e um teor l\u00edquido de explosivos de <strong data-start=\"938\" data-end=\"947\">990 g<\/strong>, esta bateria oferece um espet\u00e1culo arrojado no c\u00e9u com uma dura\u00e7\u00e3o <strong data-start=\"993\" data-end=\"1021\">aproximada de 60 segundos<\/strong>. Cada barragem \u00e9 lan\u00e7ada em cores vivas: as caudas vermelhas irrompem em palmas vermelhas com p\u00e9rolas brancas cintilantes; as caudas verdes seguem para palmas verdes com flashes vermelhos. Quer seja aceso em linha reta ou em \u00e2ngulo, o Galaxy TXB514 proporciona um crescendo visual perfeito para finais, grandes festivais, casamentos ou qualquer evento que mere\u00e7a um momento de espet\u00e1culo.   <\/p>\n","protected":false},"excerpt":{"rendered":"<ul>\n<li data-start=\"1681\" data-end=\"1708\">\n<p data-start=\"1683\" data-end=\"1708\"><strong>Calibre: 0,8\u2033 (\u2248 20 mm)<\/strong><\/p>\n<\/li>\n<li data-start=\"1709\" data-end=\"1730\">\n<p data-start=\"1711\" data-end=\"1730\"><strong>Categoria: F3 (CE)<\/strong><\/p>\n<\/li>\n<li data-start=\"1731\" data-end=\"1781\">\n<p data-start=\"1733\" data-end=\"1781\"><strong>NEC (conte\u00fado explosivo l\u00edquido): 990 g por pilha<\/strong><\/p>\n<\/li>\n<li data-start=\"1782\" data-end=\"1807\">\n<p data-start=\"1784\" data-end=\"1807\"><strong>Fabricante: Triplex<\/strong><\/p>\n<\/li>\n<\/ul>\n","protected":false},"featured_media":60680,"comment_status":"closed","ping_status":"closed","template":"","meta":{"_acf_changed":false},"product_brand":[],"product_cat":[477,495],"product_tag":[],"class_list":{"0":"post-60678","1":"product","2":"type-product","3":"status-publish","4":"has-post-thumbnail","6":"product_cat-baterias","7":"product_cat-promocao","8":"pa_brandx-triplex","10":"first","11":"instock","12":"sale","13":"taxable","14":"shipping-taxable","15":"purchasable","16":"product-type-simple"},"acf":[],"_links":{"self":[{"href":"https:\/\/ultrasfactory.com\/pt-pt\/wp-json\/wp\/v2\/product\/60678","targetHints":{"allow":["GET"]}}],"collection":[{"href":"https:\/\/ultrasfactory.com\/pt-pt\/wp-json\/wp\/v2\/product"}],"about":[{"href":"https:\/\/ultrasfactory.com\/pt-pt\/wp-json\/wp\/v2\/types\/product"}],"replies":[{"embeddable":true,"href":"https:\/\/ultrasfactory.com\/pt-pt\/wp-json\/wp\/v2\/comments?post=60678"}],"wp:featuredmedia":[{"embeddable":true,"href":"https:\/\/ultrasfactory.com\/pt-pt\/wp-json\/wp\/v2\/media\/60680"}],"wp:attachment":[{"href":"https:\/\/ultrasfactory.com\/pt-pt\/wp-json\/wp\/v2\/media?parent=60678"}],"wp:term":[{"taxonomy":"product_brand","embeddable":true,"href":"https:\/\/ultrasfactory.com\/pt-pt\/wp-json\/wp\/v2\/product_brand?post=60678"},{"taxonomy":"product_cat","embeddable":true,"href":"https:\/\/ultrasfactory.com\/pt-pt\/wp-json\/wp\/v2\/product_cat?post=60678"},{"taxonomy":"product_tag","embeddable":true,"href":"https:\/\/ultrasfactory.com\/pt-pt\/wp-json\/wp\/v2\/product_tag?post=60678"}],"curies":[{"name":"wp","href":"https:\/\/api.w.org\/{rel}","templated":true}]}}