{"id":60693,"date":"2025-09-11T09:38:23","date_gmt":"2025-09-11T08:38:23","guid":{"rendered":"https:\/\/ultrasfactory.com\/product\/thor-pxb3102\/"},"modified":"2025-10-28T14:37:35","modified_gmt":"2025-10-28T13:37:35","slug":"thor-pxb3102","status":"publish","type":"product","link":"https:\/\/ultrasfactory.com\/pt-pt\/product\/thor-pxb3102\/","title":{"rendered":"Thor PXB3102"},"content":{"rendered":"<p><iframe loading=\"lazy\" title=\"Reprodutor de v\u00eddeo do YouTube\" src=\"https:\/\/www.youtube.com\/embed\/q9V4fm1J_Rs?si=bASZLZ6KdRhda9Av\" width=\"560\" height=\"315\" frameborder=\"0\" allowfullscreen=\"allowfullscreen\"><\/iframe><\/p>\n<p>A <strong data-start=\"136\" data-end=\"153\">Thorn PXB3102<\/strong> da Piromax \u00e9 uma bateria de fogo de artif\u00edcio premium (bolo) com <strong data-start=\"208\" data-end=\"229\">35 disparos potentes<\/strong> num grande calibre <strong data-start=\"241\" data-end=\"250\">de 45 mm<\/strong>. Classificada na <strong data-start=\"277\" data-end=\"295\">categoria CE F3<\/strong>, esta pe\u00e7a de exibi\u00e7\u00e3o funciona durante aproximadamente <strong data-start=\"339\" data-end=\"353\">75 segundos<\/strong>, proporcionando uma sequ\u00eancia de efeitos de grande impacto, incluindo coroas de brocado com estrobosc\u00f3pio branco, cocos de tit\u00e2nio dourado com estrobosc\u00f3pio vermelho, coco vermelho com estrobosc\u00f3pio verde, salgueiro dourado com estrobosc\u00f3pio dourado e efeitos de estrelas e margaridas multicoloridas. Perfeitamente concebida para grandes celebra\u00e7\u00f5es ao ar livre e para fazer parar o espet\u00e1culo, a Thorn PXB3102 oferece uma pot\u00eancia dram\u00e1tica e um espet\u00e1culo visual com um desempenho fi\u00e1vel.  <\/p>\n","protected":false},"excerpt":{"rendered":"<ul>\n<li data-start=\"788\" data-end=\"823\">\n<p data-start=\"790\" data-end=\"823\"><strong>35 fotos<\/strong><\/p>\n<\/li>\n<li data-start=\"824\" data-end=\"842\">\n<p data-start=\"826\" data-end=\"842\"><strong>Calibre: 45 mm<\/strong><\/p>\n<\/li>\n<li data-start=\"843\" data-end=\"864\">\n<p data-start=\"845\" data-end=\"864\"><strong>Categoria: F3 (CE)<\/strong><\/p>\n<\/li>\n<li data-start=\"865\" data-end=\"890\">\n<p data-start=\"867\" data-end=\"890\"><strong>Dura\u00e7\u00e3o: ~75 segundos<\/strong><\/p>\n<\/li>\n<li data-start=\"891\" data-end=\"1056\">\n<p data-start=\"893\" data-end=\"1056\"><strong>Efeitos: coroa de brocado com luz estrobosc\u00f3pica branca; coco dourado tit\u00e2nio com luz estrobosc\u00f3pica vermelha; coco vermelho com luz estrobosc\u00f3pica verde; salgueiro dourado com luz estrobosc\u00f3pica dourada; padr\u00f5es de v\u00e1rias estrelas e margaridas<\/strong><\/p>\n<\/li>\n<li data-start=\"1057\" data-end=\"1082\">\n<p data-start=\"1059\" data-end=\"1082\"><strong>Fabricante: Piromax<\/strong><\/p>\n<\/li>\n<\/ul>\n","protected":false},"featured_media":60695,"comment_status":"closed","ping_status":"closed","template":"","meta":{"_acf_changed":false},"product_brand":[],"product_cat":[477,495],"product_tag":[],"class_list":{"0":"post-60693","1":"product","2":"type-product","3":"status-publish","4":"has-post-thumbnail","6":"product_cat-baterias","7":"product_cat-promocao","8":"pa_brandx-piromax","10":"first","11":"instock","12":"sale","13":"taxable","14":"shipping-taxable","15":"purchasable","16":"product-type-simple"},"acf":[],"_links":{"self":[{"href":"https:\/\/ultrasfactory.com\/pt-pt\/wp-json\/wp\/v2\/product\/60693","targetHints":{"allow":["GET"]}}],"collection":[{"href":"https:\/\/ultrasfactory.com\/pt-pt\/wp-json\/wp\/v2\/product"}],"about":[{"href":"https:\/\/ultrasfactory.com\/pt-pt\/wp-json\/wp\/v2\/types\/product"}],"replies":[{"embeddable":true,"href":"https:\/\/ultrasfactory.com\/pt-pt\/wp-json\/wp\/v2\/comments?post=60693"}],"wp:featuredmedia":[{"embeddable":true,"href":"https:\/\/ultrasfactory.com\/pt-pt\/wp-json\/wp\/v2\/media\/60695"}],"wp:attachment":[{"href":"https:\/\/ultrasfactory.com\/pt-pt\/wp-json\/wp\/v2\/media?parent=60693"}],"wp:term":[{"taxonomy":"product_brand","embeddable":true,"href":"https:\/\/ultrasfactory.com\/pt-pt\/wp-json\/wp\/v2\/product_brand?post=60693"},{"taxonomy":"product_cat","embeddable":true,"href":"https:\/\/ultrasfactory.com\/pt-pt\/wp-json\/wp\/v2\/product_cat?post=60693"},{"taxonomy":"product_tag","embeddable":true,"href":"https:\/\/ultrasfactory.com\/pt-pt\/wp-json\/wp\/v2\/product_tag?post=60693"}],"curies":[{"name":"wp","href":"https:\/\/api.w.org\/{rel}","templated":true}]}}