{"id":60700,"date":"2025-09-19T10:44:48","date_gmt":"2025-09-19T09:44:48","guid":{"rendered":"https:\/\/ultrasfactory.com\/product\/ignicao-apex-hqc100\/"},"modified":"2025-10-28T14:37:39","modified_gmt":"2025-10-28T13:37:39","slug":"ignicao-apex-hqc100","status":"publish","type":"product","link":"https:\/\/ultrasfactory.com\/pt-pt\/product\/ignicao-apex-hqc100\/","title":{"rendered":"Igni\u00e7\u00e3o Apex HQC100"},"content":{"rendered":"<p><iframe loading=\"lazy\" title=\"Reprodutor de v\u00eddeo do YouTube\" src=\"https:\/\/www.youtube.com\/embed\/XMMgdTQnE00?si=gf_KAZTb9jfJ7g_u\" width=\"560\" height=\"315\" frameborder=\"0\" allowfullscreen=\"allowfullscreen\"><\/iframe><\/p>\n<p data-start=\"109\" data-end=\"406\">O <strong data-start=\"113\" data-end=\"137\">Apex Ignition HQC100<\/strong> \u00e9 um <strong data-start=\"151\" data-end=\"178\">bolo de fogo de artif\u00edcio composto de<\/strong> primeira qualidade, concebido para espect\u00e1culos longos e coreografados no c\u00e9u. Com <strong data-start=\"225\" data-end=\"238\">100 disparos<\/strong> em padr\u00f5es de disparo mistos e um grande <strong data-start=\"276\" data-end=\"293\">calibre de 30 mm<\/strong>, este produto <strong data-start=\"303\" data-end=\"319\">com certifica\u00e7\u00e3o<\/strong> CE <strong data-start=\"303\" data-end=\"319\">F2<\/strong> foi concebido para proporcionar efeitos de estilo profissional num formato seguro para o consumidor. <\/p>\n<p data-start=\"408\" data-end=\"719\">Com um potente <strong data-start=\"428\" data-end=\"446\">NEC de ~2000 g<\/strong>, a Apex Ignition funciona <strong data-start=\"471\" data-end=\"491\">at\u00e9 90 segundos<\/strong>, combinando coroas de brocado, salgueiros dourados, pe\u00f3nias, estrobos e cris\u00e2ntemos crepitantes numa sequ\u00eancia din\u00e2mica. Como unidade composta, \u00e9 pr\u00e9-fundida para uma \u00fanica igni\u00e7\u00e3o &#8211; basta acender uma vez para libertar um espet\u00e1culo completo e pronto a usar. <\/p>\n<p data-start=\"721\" data-end=\"879\">Perfeita para a noite de Ano Novo, casamentos e grandes eventos ao ar livre, a HQC100 oferece variedade, intensidade e um final espetacular digno de espect\u00e1culos profissionais.<\/p>\n","protected":false},"excerpt":{"rendered":"<ul>\n<li data-start=\"920\" data-end=\"965\">\n<p data-start=\"922\" data-end=\"965\"><strong>100 fotos<\/strong><\/p>\n<\/li>\n<li data-start=\"966\" data-end=\"984\">\n<p data-start=\"968\" data-end=\"984\"><strong>Calibre: 30 mm<\/strong><\/p>\n<\/li>\n<li data-start=\"985\" data-end=\"1006\">\n<p data-start=\"987\" data-end=\"1006\"><strong>Categoria: F2 (CE)<\/strong><\/p>\n<\/li>\n<li data-start=\"1007\" data-end=\"1023\">\n<p data-start=\"1009\" data-end=\"1023\"><strong>NEC: ~2000 g<\/strong><\/p>\n<\/li>\n<li data-start=\"1024\" data-end=\"1049\">\n<p data-start=\"1026\" data-end=\"1049\"><strong>Dura\u00e7\u00e3o: ~90 segundos<\/strong><\/p>\n<\/li>\n<li data-start=\"1050\" data-end=\"1135\">\n<p data-start=\"1052\" data-end=\"1135\"><strong>Efeitos: coroas de brocado, salgueiros dourados, pe\u00f3nias, estrobosc\u00f3pios, crepita\u00e7\u00e3o, leques<\/strong><\/p>\n<\/li>\n<li data-start=\"1136\" data-end=\"1181\">\n<p data-start=\"1138\" data-end=\"1181\"><strong>Fabricante PYROSHINE<\/strong><\/p>\n<\/li>\n<\/ul>\n","protected":false},"featured_media":60704,"comment_status":"closed","ping_status":"closed","template":"","meta":{"_acf_changed":false},"product_brand":[],"product_cat":[477,495],"product_tag":[],"class_list":{"0":"post-60700","1":"product","2":"type-product","3":"status-publish","4":"has-post-thumbnail","6":"product_cat-baterias","7":"product_cat-promocao","8":"pa_brandx-pyro-shine","10":"first","11":"outofstock","12":"sale","13":"taxable","14":"shipping-taxable","15":"purchasable","16":"product-type-simple"},"acf":[],"_links":{"self":[{"href":"https:\/\/ultrasfactory.com\/pt-pt\/wp-json\/wp\/v2\/product\/60700","targetHints":{"allow":["GET"]}}],"collection":[{"href":"https:\/\/ultrasfactory.com\/pt-pt\/wp-json\/wp\/v2\/product"}],"about":[{"href":"https:\/\/ultrasfactory.com\/pt-pt\/wp-json\/wp\/v2\/types\/product"}],"replies":[{"embeddable":true,"href":"https:\/\/ultrasfactory.com\/pt-pt\/wp-json\/wp\/v2\/comments?post=60700"}],"wp:featuredmedia":[{"embeddable":true,"href":"https:\/\/ultrasfactory.com\/pt-pt\/wp-json\/wp\/v2\/media\/60704"}],"wp:attachment":[{"href":"https:\/\/ultrasfactory.com\/pt-pt\/wp-json\/wp\/v2\/media?parent=60700"}],"wp:term":[{"taxonomy":"product_brand","embeddable":true,"href":"https:\/\/ultrasfactory.com\/pt-pt\/wp-json\/wp\/v2\/product_brand?post=60700"},{"taxonomy":"product_cat","embeddable":true,"href":"https:\/\/ultrasfactory.com\/pt-pt\/wp-json\/wp\/v2\/product_cat?post=60700"},{"taxonomy":"product_tag","embeddable":true,"href":"https:\/\/ultrasfactory.com\/pt-pt\/wp-json\/wp\/v2\/product_tag?post=60700"}],"curies":[{"name":"wp","href":"https:\/\/api.w.org\/{rel}","templated":true}]}}