{"id":60741,"date":"2025-10-09T11:03:32","date_gmt":"2025-10-09T10:03:32","guid":{"rendered":"https:\/\/ultrasfactory.com\/product\/gwar-ic30-10-2\/"},"modified":"2025-10-31T12:39:15","modified_gmt":"2025-10-31T11:39:15","slug":"gwar-ic30-10-2","status":"publish","type":"product","link":"https:\/\/ultrasfactory.com\/pt-pt\/product\/gwar-ic30-10-2\/","title":{"rendered":"Gwar IC30-10-2"},"content":{"rendered":"<p><iframe loading=\"lazy\" title=\"Reprodutor de v\u00eddeo do YouTube\" src=\"https:\/\/www.youtube.com\/embed\/f3YQ9VfdgBc?si=bUEPPNNXBCdHsvaj\" width=\"560\" height=\"315\" frameborder=\"0\" allowfullscreen=\"allowfullscreen\"><\/iframe><\/p>\n<p>Bateria de tubo de disparo <strong data-start=\"909\" data-end=\"930\">Gwar IC30-10-2 F3<\/strong> &#8211; calibre 30 mm, 10 disparos potentes. Fogo de artif\u00edcio profissional para eventos e celebra\u00e7\u00f5es ao ar livre. Explos\u00f5es a\u00e9reas intensas, efeitos sonoros e desempenho de topo. Perfeito para criar um espet\u00e1culo de fogo de artif\u00edcio. Encomenda online agora e ilumina o c\u00e9u!    <\/p>\n","protected":false},"excerpt":{"rendered":"<ul>\n<li><strong>10 disparos<\/strong><\/li>\n<li><strong>30 mm<\/strong><\/li>\n<li><strong>NEC: 243g<\/strong><\/li>\n<\/ul>\n","protected":false},"featured_media":60591,"comment_status":"closed","ping_status":"closed","template":"","meta":{"_acf_changed":false},"product_brand":[],"product_cat":[477,495],"product_tag":[],"class_list":{"0":"post-60741","1":"product","2":"type-product","3":"status-publish","4":"has-post-thumbnail","6":"product_cat-baterias","7":"product_cat-promocao","8":"pa_brandx-iskra-line","10":"first","11":"outofstock","12":"sale","13":"taxable","14":"shipping-taxable","15":"purchasable","16":"product-type-simple"},"acf":[],"_links":{"self":[{"href":"https:\/\/ultrasfactory.com\/pt-pt\/wp-json\/wp\/v2\/product\/60741","targetHints":{"allow":["GET"]}}],"collection":[{"href":"https:\/\/ultrasfactory.com\/pt-pt\/wp-json\/wp\/v2\/product"}],"about":[{"href":"https:\/\/ultrasfactory.com\/pt-pt\/wp-json\/wp\/v2\/types\/product"}],"replies":[{"embeddable":true,"href":"https:\/\/ultrasfactory.com\/pt-pt\/wp-json\/wp\/v2\/comments?post=60741"}],"wp:featuredmedia":[{"embeddable":true,"href":"https:\/\/ultrasfactory.com\/pt-pt\/wp-json\/wp\/v2\/media\/60591"}],"wp:attachment":[{"href":"https:\/\/ultrasfactory.com\/pt-pt\/wp-json\/wp\/v2\/media?parent=60741"}],"wp:term":[{"taxonomy":"product_brand","embeddable":true,"href":"https:\/\/ultrasfactory.com\/pt-pt\/wp-json\/wp\/v2\/product_brand?post=60741"},{"taxonomy":"product_cat","embeddable":true,"href":"https:\/\/ultrasfactory.com\/pt-pt\/wp-json\/wp\/v2\/product_cat?post=60741"},{"taxonomy":"product_tag","embeddable":true,"href":"https:\/\/ultrasfactory.com\/pt-pt\/wp-json\/wp\/v2\/product_tag?post=60741"}],"curies":[{"name":"wp","href":"https:\/\/api.w.org\/{rel}","templated":true}]}}