{"id":60756,"date":"2025-09-11T08:47:00","date_gmt":"2025-09-11T07:47:00","guid":{"rendered":"https:\/\/ultrasfactory.com\/product\/atirador-gatling-475-tiros-txc995\/"},"modified":"2025-11-13T23:19:03","modified_gmt":"2025-11-13T22:19:03","slug":"atirador-gatling-475-tiros-txc995","status":"publish","type":"product","link":"https:\/\/ultrasfactory.com\/pt-pt\/product\/atirador-gatling-475-tiros-txc995\/","title":{"rendered":"Atirador Gatling 475 tiros TXC995"},"content":{"rendered":"<p><iframe loading=\"lazy\" title=\"Reprodutor de v\u00eddeo do YouTube\" src=\"https:\/\/www.youtube.com\/embed\/lm8LErH0lng?si=LP06Va3WbWIGFSPI\" width=\"560\" height=\"315\" frameborder=\"0\" allowfullscreen=\"allowfullscreen\"><\/iframe><\/p>\n<p data-start=\"131\" data-end=\"471\">O <strong data-start=\"135\" data-end=\"161\">Gatling Shooter TXC995<\/strong> da Triplex \u00e9 uma <strong data-start=\"193\" data-end=\"230\">bateria de fogo de artif\u00edcio gatling<\/strong> de alta intensidade com <strong data-start=\"193\" data-end=\"230\">475 disparos<\/strong>, concebida para criar um espet\u00e1culo a\u00e9reo r\u00e1pido e cont\u00ednuo. Com um calibre de <strong data-start=\"314\" data-end=\"341\">0,4\u2033-0,5\u2033 (\u224810-12,5 mm)<\/strong> e um tempo de combust\u00e3o de <strong data-start=\"361\" data-end=\"385\">cerca de 60-70 segundos<\/strong>, proporciona uma barragem eletrizante de estrobosc\u00f3pios coloridos e transi\u00e7\u00f5es cintilantes.<\/p>\n<p data-start=\"473\" data-end=\"876\">Este fogo de artif\u00edcio da categoria F2, com um NEC de <strong data-start=\"515\" data-end=\"529\">~330-350 g<\/strong>, tem certifica\u00e7\u00e3o ADR 1.4G e \u00e9 perfeitamente adequado para espect\u00e1culos de consumo ao ar livre. A sua sequ\u00eancia r\u00e1pida produz efeitos vibrantes, tais como estrobosc\u00f3pios vermelhos e brancos, transi\u00e7\u00f5es de azul para vermelho e finais brilhantes de cris\u00e2ntemos. Compacta mas potente, a TXC995 \u00e9 ideal para exposi\u00e7\u00f5es em jardins, festas e eventos em que queres impressionar com uma a\u00e7\u00e3o ininterrupta.<\/p>\n<p data-start=\"878\" data-end=\"1040\">Fabricado pela <strong data-start=\"894\" data-end=\"905\">Triplex<\/strong>, o Gatling Shooter garante um desempenho fi\u00e1vel, imagens din\u00e2micas e um final deslumbrante que parece um ecr\u00e3 profissional.<\/p>\n<p data-start=\"878\" data-end=\"1040\">\n","protected":false},"excerpt":{"rendered":"<ul data-start=\"1078\" data-end=\"1264\">\n<li data-start=\"1078\" data-end=\"1111\">\n<p data-start=\"1080\" data-end=\"1111\"><strong>Tamanho da embalagem: 1 unidade (475 doses)<\/strong><\/p>\n<\/li>\n<li data-start=\"1112\" data-end=\"1143\">\n<p data-start=\"1114\" data-end=\"1143\"><strong>Categoria: F2 (CE), ADR 1.4G<\/strong><\/p>\n<\/li>\n<li data-start=\"1144\" data-end=\"1180\">\n<p data-start=\"1146\" data-end=\"1180\"><strong>Calibre: 0,4\u2033-0,5\u2033 (\u224810-12,5 mm)<\/strong><\/p>\n<\/li>\n<li data-start=\"1181\" data-end=\"1209\">\n<p data-start=\"1183\" data-end=\"1209\"><strong>Dura\u00e7\u00e3o: ~60-70 segundos<\/strong><\/p>\n<\/li>\n<li data-start=\"1210\" data-end=\"1238\">\n<p data-start=\"1212\" data-end=\"1238\"><strong>NEC: ~330-350 g por unidade<\/strong><\/p>\n<\/li>\n<li data-start=\"1239\" data-end=\"1264\">\n<p data-start=\"1241\" data-end=\"1264\"><strong>Fabricante: Triplex<\/strong><\/p>\n<\/li>\n<\/ul>\n","protected":false},"featured_media":60757,"comment_status":"closed","ping_status":"closed","template":"","meta":{"_acf_changed":false},"product_brand":[],"product_cat":[491],"product_tag":[],"class_list":{"0":"post-60756","1":"product","2":"type-product","3":"status-publish","4":"has-post-thumbnail","6":"product_cat-velas-romanas","7":"pa_brandx-triplex","9":"first","10":"instock","11":"taxable","12":"shipping-taxable","13":"purchasable","14":"product-type-simple"},"acf":[],"_links":{"self":[{"href":"https:\/\/ultrasfactory.com\/pt-pt\/wp-json\/wp\/v2\/product\/60756","targetHints":{"allow":["GET"]}}],"collection":[{"href":"https:\/\/ultrasfactory.com\/pt-pt\/wp-json\/wp\/v2\/product"}],"about":[{"href":"https:\/\/ultrasfactory.com\/pt-pt\/wp-json\/wp\/v2\/types\/product"}],"replies":[{"embeddable":true,"href":"https:\/\/ultrasfactory.com\/pt-pt\/wp-json\/wp\/v2\/comments?post=60756"}],"wp:featuredmedia":[{"embeddable":true,"href":"https:\/\/ultrasfactory.com\/pt-pt\/wp-json\/wp\/v2\/media\/60757"}],"wp:attachment":[{"href":"https:\/\/ultrasfactory.com\/pt-pt\/wp-json\/wp\/v2\/media?parent=60756"}],"wp:term":[{"taxonomy":"product_brand","embeddable":true,"href":"https:\/\/ultrasfactory.com\/pt-pt\/wp-json\/wp\/v2\/product_brand?post=60756"},{"taxonomy":"product_cat","embeddable":true,"href":"https:\/\/ultrasfactory.com\/pt-pt\/wp-json\/wp\/v2\/product_cat?post=60756"},{"taxonomy":"product_tag","embeddable":true,"href":"https:\/\/ultrasfactory.com\/pt-pt\/wp-json\/wp\/v2\/product_tag?post=60756"}],"curies":[{"name":"wp","href":"https:\/\/api.w.org\/{rel}","templated":true}]}}