{"id":60758,"date":"2025-09-11T09:36:12","date_gmt":"2025-09-11T08:36:12","guid":{"rendered":"https:\/\/ultrasfactory.com\/product\/strobo-pxg116\/"},"modified":"2026-02-08T07:43:19","modified_gmt":"2026-02-08T06:43:19","slug":"strobo-pxg116","status":"publish","type":"product","link":"https:\/\/ultrasfactory.com\/pt-pt\/product\/strobo-pxg116\/","title":{"rendered":"Strobo PXG116"},"content":{"rendered":"<p><iframe loading=\"lazy\" title=\"Reprodutor de v\u00eddeo do YouTube\" src=\"https:\/\/www.youtube.com\/embed\/3U24_FrR50Q?si=6ACmQG90ZdndkN8X\" width=\"560\" height=\"315\" frameborder=\"0\" allowfullscreen=\"allowfullscreen\"><\/iframe><\/p>\n<p data-start=\"107\" data-end=\"505\">O <strong data-start=\"134\" data-end=\"151\">Strobo PXG116<\/strong> da Piromax \u00e9 um dispositivo de efeito estrobosc\u00f3pico compacto concebido para produzir intensas explos\u00f5es de luz de flash. Ideal para espect\u00e1culos em palco, efeitos ambientais e celebra\u00e7\u00f5es ao ar livre, este item proporciona aproximadamente <strong data-start=\"353\" data-end=\"367\">40 segundos<\/strong> de atividade estrobosc\u00f3pica cont\u00ednua. Com um <strong data-start=\"406\" data-end=\"445\">teor l\u00edquido de explosivo (NEC) de 13 g<\/strong>, proporciona um efeito visual seguro mas impressionante sem grande poder explosivo. O seu baixo calibre e o seu design simples facilitam a sua integra\u00e7\u00e3o em expositores maiores ou a sua utiliza\u00e7\u00e3o individual para ilumina\u00e7\u00e3o de realce.<\/p>\n","protected":false},"excerpt":{"rendered":"<ul>\n<li data-start=\"694\" data-end=\"716\">\n<p data-start=\"696\" data-end=\"716\"><strong>Tamanho da embalagem: 10 unidades<\/strong><\/p>\n<\/li>\n<li data-start=\"717\" data-end=\"743\">\n<p data-start=\"719\" data-end=\"743\"><strong>Tempo de combust\u00e3o: ~40 segundos<\/strong><\/p>\n<\/li>\n<li data-start=\"744\" data-end=\"766\">\n<p data-start=\"746\" data-end=\"766\"><strong>NEC: 13 g por unidade<\/strong><\/p>\n<\/li>\n<li data-start=\"767\" data-end=\"788\">\n<p data-start=\"769\" data-end=\"788\"><strong>Categoria: F2 (CE)<\/strong><\/p>\n<\/li>\n<li data-start=\"789\" data-end=\"824\">\n<p data-start=\"791\" data-end=\"824\"><strong>Efeito: piscar estrobosc\u00f3pico intenso<\/strong><\/p>\n<\/li>\n<li data-start=\"825\" data-end=\"850\">\n<p data-start=\"827\" data-end=\"850\"><strong>Fabricante: Piromax<\/strong><\/p>\n<\/li>\n<\/ul>\n","protected":false},"featured_media":60759,"comment_status":"closed","ping_status":"closed","template":"","meta":{"_acf_changed":false},"product_brand":[],"product_cat":[498],"product_tag":[],"class_list":{"0":"post-60758","1":"product","2":"type-product","3":"status-publish","4":"has-post-thumbnail","6":"product_cat-estroboscopios","7":"pa_brandx-piromax","9":"first","10":"instock","11":"taxable","12":"shipping-taxable","13":"purchasable","14":"product-type-simple"},"acf":[],"_links":{"self":[{"href":"https:\/\/ultrasfactory.com\/pt-pt\/wp-json\/wp\/v2\/product\/60758","targetHints":{"allow":["GET"]}}],"collection":[{"href":"https:\/\/ultrasfactory.com\/pt-pt\/wp-json\/wp\/v2\/product"}],"about":[{"href":"https:\/\/ultrasfactory.com\/pt-pt\/wp-json\/wp\/v2\/types\/product"}],"replies":[{"embeddable":true,"href":"https:\/\/ultrasfactory.com\/pt-pt\/wp-json\/wp\/v2\/comments?post=60758"}],"wp:featuredmedia":[{"embeddable":true,"href":"https:\/\/ultrasfactory.com\/pt-pt\/wp-json\/wp\/v2\/media\/60759"}],"wp:attachment":[{"href":"https:\/\/ultrasfactory.com\/pt-pt\/wp-json\/wp\/v2\/media?parent=60758"}],"wp:term":[{"taxonomy":"product_brand","embeddable":true,"href":"https:\/\/ultrasfactory.com\/pt-pt\/wp-json\/wp\/v2\/product_brand?post=60758"},{"taxonomy":"product_cat","embeddable":true,"href":"https:\/\/ultrasfactory.com\/pt-pt\/wp-json\/wp\/v2\/product_cat?post=60758"},{"taxonomy":"product_tag","embeddable":true,"href":"https:\/\/ultrasfactory.com\/pt-pt\/wp-json\/wp\/v2\/product_tag?post=60758"}],"curies":[{"name":"wp","href":"https:\/\/api.w.org\/{rel}","templated":true}]}}