{"id":60762,"date":"2025-09-11T09:39:55","date_gmt":"2025-09-11T08:39:55","guid":{"rendered":"https:\/\/ultrasfactory.com\/product\/urban-splash-txb739\/"},"modified":"2025-10-28T14:38:06","modified_gmt":"2025-10-28T13:38:06","slug":"urban-splash-txb739","status":"publish","type":"product","link":"https:\/\/ultrasfactory.com\/pt-pt\/product\/urban-splash-txb739\/","title":{"rendered":"Urban Splash TXB739"},"content":{"rendered":"<p><iframe loading=\"lazy\" title=\"Reprodutor de v\u00eddeo do YouTube\" src=\"https:\/\/www.youtube.com\/embed\/CcsRQjZo518?si=CFXyzDutA1fV3srX\" width=\"560\" height=\"315\" frameborder=\"0\" allowfullscreen=\"allowfullscreen\"><\/iframe><\/p>\n<p>O <strong data-start=\"128\" data-end=\"151\">Urban Splash TXB739<\/strong> da Triplex \u00e9 um fogo de artif\u00edcio din\u00e2mico com bateria de 36 disparos da categoria CE F2, concebido para proporcionar um espet\u00e1culo vibrante e de alta energia no c\u00e9u. Cada um dos seus tubos de calibre 20 mm \u00e9 lan\u00e7ado num padr\u00e3o sequencial simples com uma mistura de efeitos de cor &#8211; desde caudas brilhantes a estrelas cintilantes &#8211; para um espet\u00e1culo que dura <strong data-start=\"450\" data-end=\"478\">aproximadamente 25 segundos<\/strong>. Com um conte\u00fado explosivo l\u00edquido (NEC) de <strong data-start=\"518\" data-end=\"531\">237 gramas<\/strong>, esta bateria equilibra um impacto visual poderoso com uma seguran\u00e7a control\u00e1vel. A Urban Splash \u00e9 ideal para os momentos de celebra\u00e7\u00e3o ao ar livre, quando se pretende um toque de eleg\u00e2ncia e fiabilidade.   <\/p>\n","protected":false},"excerpt":{"rendered":"<ul>\n<li data-start=\"750\" data-end=\"785\">\n<p data-start=\"752\" data-end=\"785\"><strong>36 tiros<\/strong><\/p>\n<\/li>\n<li data-start=\"786\" data-end=\"811\">\n<p data-start=\"788\" data-end=\"811\"><strong>Calibre: 20 mm (0,8&#8243;)<\/strong><\/p>\n<\/li>\n<li data-start=\"812\" data-end=\"833\">\n<p data-start=\"814\" data-end=\"833\"><strong>Categoria: F2 (CE)<\/strong><\/p>\n<\/li>\n<li data-start=\"834\" data-end=\"872\">\n<p data-start=\"836\" data-end=\"872\"><strong>NEC (teor l\u00edquido de explosivos): 237 g<\/strong><\/p>\n<\/li>\n<li data-start=\"873\" data-end=\"898\">\n<p data-start=\"875\" data-end=\"898\"><strong>Dura\u00e7\u00e3o: ~25 segundos<\/strong><\/p>\n<\/li>\n<li data-start=\"899\" data-end=\"924\">\n<p data-start=\"901\" data-end=\"924\"><strong>Peso: 880 g (bruto)<\/strong><\/p>\n<\/li>\n<li data-start=\"925\" data-end=\"950\">\n<p data-start=\"927\" data-end=\"950\"><strong>Fabricante: Triplex<\/strong><\/p>\n<\/li>\n<\/ul>\n","protected":false},"featured_media":60763,"comment_status":"closed","ping_status":"closed","template":"","meta":{"_acf_changed":false},"product_brand":[],"product_cat":[477,495],"product_tag":[],"class_list":{"0":"post-60762","1":"product","2":"type-product","3":"status-publish","4":"has-post-thumbnail","6":"product_cat-baterias","7":"product_cat-promocao","8":"pa_brandx-triplex","10":"first","11":"outofstock","12":"sale","13":"taxable","14":"shipping-taxable","15":"purchasable","16":"product-type-simple"},"acf":[],"_links":{"self":[{"href":"https:\/\/ultrasfactory.com\/pt-pt\/wp-json\/wp\/v2\/product\/60762","targetHints":{"allow":["GET"]}}],"collection":[{"href":"https:\/\/ultrasfactory.com\/pt-pt\/wp-json\/wp\/v2\/product"}],"about":[{"href":"https:\/\/ultrasfactory.com\/pt-pt\/wp-json\/wp\/v2\/types\/product"}],"replies":[{"embeddable":true,"href":"https:\/\/ultrasfactory.com\/pt-pt\/wp-json\/wp\/v2\/comments?post=60762"}],"wp:featuredmedia":[{"embeddable":true,"href":"https:\/\/ultrasfactory.com\/pt-pt\/wp-json\/wp\/v2\/media\/60763"}],"wp:attachment":[{"href":"https:\/\/ultrasfactory.com\/pt-pt\/wp-json\/wp\/v2\/media?parent=60762"}],"wp:term":[{"taxonomy":"product_brand","embeddable":true,"href":"https:\/\/ultrasfactory.com\/pt-pt\/wp-json\/wp\/v2\/product_brand?post=60762"},{"taxonomy":"product_cat","embeddable":true,"href":"https:\/\/ultrasfactory.com\/pt-pt\/wp-json\/wp\/v2\/product_cat?post=60762"},{"taxonomy":"product_tag","embeddable":true,"href":"https:\/\/ultrasfactory.com\/pt-pt\/wp-json\/wp\/v2\/product_tag?post=60762"}],"curies":[{"name":"wp","href":"https:\/\/api.w.org\/{rel}","templated":true}]}}