{"id":60769,"date":"2025-09-11T09:09:01","date_gmt":"2025-09-11T08:09:01","guid":{"rendered":"https:\/\/ultrasfactory.com\/product\/bolas-de-fumo-pxg108\/"},"modified":"2025-10-28T14:38:07","modified_gmt":"2025-10-28T13:38:07","slug":"bolas-de-fumo-pxg108","status":"publish","type":"product","link":"https:\/\/ultrasfactory.com\/pt-pt\/product\/bolas-de-fumo-pxg108\/","title":{"rendered":"Bolas de fumo PXG108"},"content":{"rendered":"<p><iframe loading=\"lazy\" title=\"Reprodutor de v\u00eddeo do YouTube\" src=\"https:\/\/www.youtube.com\/embed\/QMuRoykX58c?si=g6L7TVNmdZC7QVY_\" width=\"560\" height=\"315\" frameborder=\"0\" allowfullscreen=\"allowfullscreen\"><\/iframe><\/p>\n<p data-start=\"98\" data-end=\"499\">As <strong data-start=\"102\" data-end=\"124\">Smoke Balls PXG108<\/strong> da Piromax s\u00e3o um cl\u00e1ssico divertido e colorido do fogo de artif\u00edcio de consumo. Cada pequena bola emite fumo espesso e vibrante em v\u00e1rias cores, o que as torna ideais para festas, celebra\u00e7\u00f5es no jardim, sess\u00f5es fotogr\u00e1ficas e efeitos l\u00fadicos no exterior. Seguros, simples e compactos, s\u00e3o perfeitos para crian\u00e7as (sob a supervis\u00e3o de um adulto), bem como para configura\u00e7\u00f5es criativas, como cenas de filmes ou eventos tem\u00e1ticos.  <\/p>\n<p data-start=\"501\" data-end=\"780\">Com certifica\u00e7\u00e3o CE na <strong data-start=\"526\" data-end=\"541\">Categoria F1<\/strong>, estas bolas de fumo s\u00e3o adequadas para pequenas \u00e1reas exteriores e s\u00e3o fornecidas em pr\u00e1ticas embalagens de v\u00e1rias pe\u00e7as. F\u00e1cil de acender e produzindo uma explos\u00e3o clara de fumo colorido durante v\u00e1rios segundos, o conjunto PXG108 \u00e9 uma adi\u00e7\u00e3o intemporal a qualquer celebra\u00e7\u00e3o. <\/p>\n","protected":false},"excerpt":{"rendered":"<ul>\n<li data-start=\"818\" data-end=\"860\">\n<p data-start=\"820\" data-end=\"860\"><strong>Tamanho da embalagem: 6 unidades<\/strong><\/p>\n<\/li>\n<li data-start=\"861\" data-end=\"882\">\n<p data-start=\"863\" data-end=\"882\"><strong>Categoria: F1 (CE)<\/strong><\/p>\n<\/li>\n<li data-start=\"883\" data-end=\"908\">\n<p data-start=\"885\" data-end=\"908\"><strong>NEC: ~3-5 g por pe\u00e7a<\/strong><\/p>\n<\/li>\n<li data-start=\"909\" data-end=\"934\">\n<p data-start=\"911\" data-end=\"934\"><strong>Fabricante: Piromax<\/strong><\/p>\n<\/li>\n<\/ul>\n","protected":false},"featured_media":60770,"comment_status":"closed","ping_status":"closed","template":"","meta":{"_acf_changed":false},"product_brand":[],"product_cat":[492],"product_tag":[],"class_list":{"0":"post-60769","1":"product","2":"type-product","3":"status-publish","4":"has-post-thumbnail","6":"product_cat-outro","7":"pa_brandx-piromax","9":"first","10":"instock","11":"taxable","12":"shipping-taxable","13":"purchasable","14":"product-type-simple"},"acf":[],"_links":{"self":[{"href":"https:\/\/ultrasfactory.com\/pt-pt\/wp-json\/wp\/v2\/product\/60769","targetHints":{"allow":["GET"]}}],"collection":[{"href":"https:\/\/ultrasfactory.com\/pt-pt\/wp-json\/wp\/v2\/product"}],"about":[{"href":"https:\/\/ultrasfactory.com\/pt-pt\/wp-json\/wp\/v2\/types\/product"}],"replies":[{"embeddable":true,"href":"https:\/\/ultrasfactory.com\/pt-pt\/wp-json\/wp\/v2\/comments?post=60769"}],"wp:featuredmedia":[{"embeddable":true,"href":"https:\/\/ultrasfactory.com\/pt-pt\/wp-json\/wp\/v2\/media\/60770"}],"wp:attachment":[{"href":"https:\/\/ultrasfactory.com\/pt-pt\/wp-json\/wp\/v2\/media?parent=60769"}],"wp:term":[{"taxonomy":"product_brand","embeddable":true,"href":"https:\/\/ultrasfactory.com\/pt-pt\/wp-json\/wp\/v2\/product_brand?post=60769"},{"taxonomy":"product_cat","embeddable":true,"href":"https:\/\/ultrasfactory.com\/pt-pt\/wp-json\/wp\/v2\/product_cat?post=60769"},{"taxonomy":"product_tag","embeddable":true,"href":"https:\/\/ultrasfactory.com\/pt-pt\/wp-json\/wp\/v2\/product_tag?post=60769"}],"curies":[{"name":"wp","href":"https:\/\/api.w.org\/{rel}","templated":true}]}}