{"id":60771,"date":"2025-09-15T08:43:18","date_gmt":"2025-09-15T07:43:18","guid":{"rendered":"https:\/\/ultrasfactory.com\/product\/ambar-pxb2440\/"},"modified":"2025-10-28T14:38:07","modified_gmt":"2025-10-28T13:38:07","slug":"ambar-pxb2440","status":"publish","type":"product","link":"https:\/\/ultrasfactory.com\/pt-pt\/product\/ambar-pxb2440\/","title":{"rendered":"\u00c2mbar PXB2440"},"content":{"rendered":"<p><iframe loading=\"lazy\" title=\"Reprodutor de v\u00eddeo do YouTube\" src=\"https:\/\/www.youtube.com\/embed\/sKxUQBFmEbI?si=5R8ZNME0bJq8qFvF\" width=\"560\" height=\"315\" frameborder=\"0\" allowfullscreen=\"allowfullscreen\"><\/iframe><\/p>\n<p data-start=\"664\" data-end=\"1275\">A <strong data-start=\"668\" data-end=\"685\">Amber PXB2440<\/strong> da Piromax \u00e9 uma <strong data-start=\"710\" data-end=\"738\">bateria<\/strong> premium <strong data-start=\"710\" data-end=\"738\">de fogo de artif\u00edcio de 42 disparos<\/strong> concebida para proporcionar uma sumptuosa exibi\u00e7\u00e3o de efeitos de cores douradas e vibrantes. Com um <g id=\"gid_2\">calibre de 25 mm<\/g>, um conte\u00fado explosivo l\u00edquido de <g id=\"gid_3\">494 gramas<\/g> e uma dura\u00e7\u00e3o de cerca de <g id=\"gid_4\">27 segundos<\/g>, este bolo de fogo de artif\u00edcio F2 com certifica\u00e7\u00e3o CE liberta poderosas palmas de ouro tit\u00e2nio, brilhos brancos cintilantes e impressionantes explos\u00f5es de coroas de brocado. Concebido para celebra\u00e7\u00f5es ao ar livre, casamentos e festivais, o Amber PXB2440 oferece uma riqueza visual e um desempenho fi\u00e1vel &#8211; compacto mas impressionante, \u00e9 garantido que ser\u00e1 um ponto de paragem para o p\u00fablico.  <\/p>\n","protected":false},"excerpt":{"rendered":"<ul>\n<li data-start=\"65\" data-end=\"100\">\n<p data-start=\"67\" data-end=\"100\"><strong>42 disparos<\/strong><\/p>\n<\/li>\n<li data-start=\"101\" data-end=\"119\">\n<p data-start=\"103\" data-end=\"119\"><strong>Calibre: 25 mm<\/strong><\/p>\n<\/li>\n<li data-start=\"120\" data-end=\"141\">\n<p data-start=\"122\" data-end=\"141\"><strong>Categoria: F2 (CE)<\/strong><\/p>\n<\/li>\n<li data-start=\"142\" data-end=\"156\">\n<p data-start=\"144\" data-end=\"156\"><strong>NEC: 494 g<\/strong><\/p>\n<\/li>\n<li data-start=\"157\" data-end=\"182\">\n<p data-start=\"159\" data-end=\"182\"><strong>Dura\u00e7\u00e3o: ~27 segundos<\/strong><\/p>\n<\/li>\n<li data-start=\"183\" data-end=\"206\" data-is-last-node=\"\">\n<p data-start=\"185\" data-end=\"206\" data-is-last-node=\"\"><strong>Fabricante: Piromax<\/strong><\/p>\n<\/li>\n<\/ul>\n","protected":false},"featured_media":60775,"comment_status":"closed","ping_status":"closed","template":"","meta":{"_acf_changed":false},"product_brand":[],"product_cat":[477,495],"product_tag":[],"class_list":{"0":"post-60771","1":"product","2":"type-product","3":"status-publish","4":"has-post-thumbnail","6":"product_cat-baterias","7":"product_cat-promocao","8":"pa_brandx-piromax","10":"first","11":"instock","12":"sale","13":"taxable","14":"shipping-taxable","15":"purchasable","16":"product-type-simple"},"acf":[],"_links":{"self":[{"href":"https:\/\/ultrasfactory.com\/pt-pt\/wp-json\/wp\/v2\/product\/60771","targetHints":{"allow":["GET"]}}],"collection":[{"href":"https:\/\/ultrasfactory.com\/pt-pt\/wp-json\/wp\/v2\/product"}],"about":[{"href":"https:\/\/ultrasfactory.com\/pt-pt\/wp-json\/wp\/v2\/types\/product"}],"replies":[{"embeddable":true,"href":"https:\/\/ultrasfactory.com\/pt-pt\/wp-json\/wp\/v2\/comments?post=60771"}],"wp:featuredmedia":[{"embeddable":true,"href":"https:\/\/ultrasfactory.com\/pt-pt\/wp-json\/wp\/v2\/media\/60775"}],"wp:attachment":[{"href":"https:\/\/ultrasfactory.com\/pt-pt\/wp-json\/wp\/v2\/media?parent=60771"}],"wp:term":[{"taxonomy":"product_brand","embeddable":true,"href":"https:\/\/ultrasfactory.com\/pt-pt\/wp-json\/wp\/v2\/product_brand?post=60771"},{"taxonomy":"product_cat","embeddable":true,"href":"https:\/\/ultrasfactory.com\/pt-pt\/wp-json\/wp\/v2\/product_cat?post=60771"},{"taxonomy":"product_tag","embeddable":true,"href":"https:\/\/ultrasfactory.com\/pt-pt\/wp-json\/wp\/v2\/product_tag?post=60771"}],"curies":[{"name":"wp","href":"https:\/\/api.w.org\/{rel}","templated":true}]}}