{"id":60808,"date":"2025-10-16T07:41:56","date_gmt":"2025-10-16T06:41:56","guid":{"rendered":"https:\/\/ultrasfactory.com\/product\/shaolin-6-hf-45-2309\/"},"modified":"2025-10-28T14:38:15","modified_gmt":"2025-10-28T13:38:15","slug":"shaolin-6-hf-45-2309","status":"publish","type":"product","link":"https:\/\/ultrasfactory.com\/pt-pt\/product\/shaolin-6-hf-45-2309\/","title":{"rendered":"Shaolin 6 HF-45-2309"},"content":{"rendered":"<p><iframe loading=\"lazy\" title=\"Reprodutor de v\u00eddeo do YouTube\" src=\"https:\/\/www.youtube.com\/embed\/nElTUhuWrHA?si=qLP2iRfelWoo1vi4\" width=\"560\" height=\"315\" frameborder=\"0\" allowfullscreen=\"allowfullscreen\"><\/iframe><\/p>\n<p data-start=\"777\" data-end=\"1345\">A <strong data-start=\"781\" data-end=\"807\">SHAOLIN 6 &#8211; HF-45-2309<\/strong> da <strong data-start=\"813\" data-end=\"833\">Riakeo Fireworks<\/strong> \u00e9 uma bateria compacta de alto impacto com v\u00e1rios disparos, concebida para espect\u00e1culos ao ar livre, festivais e eventos especiais. Concebida como uma bateria composta de 45 disparos com tubos de calibre de 30 mm, a SHAOLIN 6 produz uma sequ\u00eancia rica de efeitos a\u00e9reos &#8211; caudas de coco douradas em salgueiro dourado com d\u00e1lias roxas, verdes, laranja, azul-celeste, p\u00eassego e lim\u00e3o; mina estrobosc\u00f3pica branca em salgueiro dourado com d\u00e1lias multicoloridas &#8211; habilmente sequenciados para criar profundidade, variedade de cores e um final satisfat\u00f3rio. <\/p>\n<p data-start=\"1347\" data-end=\"1786\">Constru\u00edda para ser fi\u00e1vel e ter intensidade visual, a SHAOLIN 6 equilibra uma altura de explos\u00e3o elevada com intervalos espessos e coloridos que se l\u00eaem bem tanto de perto como de longe do p\u00fablico. Com um tamanho pr\u00e1tico para espect\u00e1culos profissionais e retalho premium, esta bateria \u00e9 ideal como destaque a meio do espet\u00e1culo ou como pe\u00e7a de destaque para or\u00e7amentos de exibi\u00e7\u00e3o mais pequenos. Certifica-te de que todos os regulamentos de seguran\u00e7a locais e dist\u00e2ncias de disparo s\u00e3o cumpridos.  <\/p>\n","protected":false},"excerpt":{"rendered":"<ul>\n<li><strong>45 tiros<\/strong><\/li>\n<li><strong>30 mm<\/strong><\/li>\n<li><strong>RIAKEO<\/strong><\/li>\n<li><strong>F2<\/strong><\/li>\n<li><strong>TOP STUFF<\/strong><\/li>\n<\/ul>\n","protected":false},"featured_media":60810,"comment_status":"closed","ping_status":"closed","template":"","meta":{"_acf_changed":false},"product_brand":[],"product_cat":[477,495],"product_tag":[],"class_list":{"0":"post-60808","1":"product","2":"type-product","3":"status-publish","4":"has-post-thumbnail","6":"product_cat-baterias","7":"product_cat-promocao","8":"pa_brandx-riakeo","10":"first","11":"instock","12":"sale","13":"taxable","14":"shipping-taxable","15":"purchasable","16":"product-type-simple"},"acf":[],"_links":{"self":[{"href":"https:\/\/ultrasfactory.com\/pt-pt\/wp-json\/wp\/v2\/product\/60808","targetHints":{"allow":["GET"]}}],"collection":[{"href":"https:\/\/ultrasfactory.com\/pt-pt\/wp-json\/wp\/v2\/product"}],"about":[{"href":"https:\/\/ultrasfactory.com\/pt-pt\/wp-json\/wp\/v2\/types\/product"}],"replies":[{"embeddable":true,"href":"https:\/\/ultrasfactory.com\/pt-pt\/wp-json\/wp\/v2\/comments?post=60808"}],"wp:featuredmedia":[{"embeddable":true,"href":"https:\/\/ultrasfactory.com\/pt-pt\/wp-json\/wp\/v2\/media\/60810"}],"wp:attachment":[{"href":"https:\/\/ultrasfactory.com\/pt-pt\/wp-json\/wp\/v2\/media?parent=60808"}],"wp:term":[{"taxonomy":"product_brand","embeddable":true,"href":"https:\/\/ultrasfactory.com\/pt-pt\/wp-json\/wp\/v2\/product_brand?post=60808"},{"taxonomy":"product_cat","embeddable":true,"href":"https:\/\/ultrasfactory.com\/pt-pt\/wp-json\/wp\/v2\/product_cat?post=60808"},{"taxonomy":"product_tag","embeddable":true,"href":"https:\/\/ultrasfactory.com\/pt-pt\/wp-json\/wp\/v2\/product_tag?post=60808"}],"curies":[{"name":"wp","href":"https:\/\/api.w.org\/{rel}","templated":true}]}}