{"id":60822,"date":"2025-10-16T07:49:55","date_gmt":"2025-10-16T06:49:55","guid":{"rendered":"https:\/\/ultrasfactory.com\/product\/foguete-bomba-bolas-jr71\/"},"modified":"2025-11-08T01:06:54","modified_gmt":"2025-11-08T00:06:54","slug":"foguete-bomba-bolas-jr71","status":"publish","type":"product","link":"https:\/\/ultrasfactory.com\/pt-pt\/product\/foguete-bomba-bolas-jr71\/","title":{"rendered":"Foguete Bomba\/Bolas JR71"},"content":{"rendered":"<p><iframe loading=\"lazy\" title=\"Reprodutor de v\u00eddeo do YouTube\" src=\"https:\/\/www.youtube.com\/embed\/b6ykb07hOnU?si=yNrql2pbbUBJm8yV\" width=\"560\" height=\"315\" frameborder=\"0\" allowfullscreen=\"allowfullscreen\"><\/iframe><\/p>\n<p data-start=\"757\" data-end=\"1323\">O <strong data-start=\"761\" data-end=\"777\">JR71 &#8211; BOMBA<\/strong> da <strong data-start=\"783\" data-end=\"802\">Jorge Fireworks<\/strong> \u00e9 um conjunto de foguetes compacto e de alto impacto, concebido para proporcionar efeitos a\u00e9reos arrojados em ambientes de retalho e eventos. Fornecida num <strong data-start=\"926\" data-end=\"943\">pacote de 7 foguetes<\/strong>, a BOMBA combina uma sele\u00e7\u00e3o de poderosas pausas &#8211; incluindo a coroa de brocado com pistilo de purpurina branca, chuva de tempo e explos\u00f5es de corola &#8211; para criar uma sequ\u00eancia intensa e variada que se l\u00ea bem tanto de perto como \u00e0 dist\u00e2ncia. Este conjunto tem a classifica\u00e7\u00e3o CE para venda a retalho nos mercados aplic\u00e1veis e possui marca\u00e7\u00f5es de transporte ADR para um manuseamento e expedi\u00e7\u00e3o seguros.<\/p>\n<p data-start=\"1325\" data-end=\"1707\">Cada foguete foi concebido para subir at\u00e9 \u00e0 altura do espet\u00e1culo e detonar num padr\u00e3o n\u00edtido e colorido; os n\u00edveis sonoros s\u00e3o elevados (&gt;90 dB), dando ao conjunto uma presen\u00e7a dram\u00e1tica para o Ano Novo, festivais e exibi\u00e7\u00f5es privadas. Com um calibre de 35 mm e uma combust\u00e3o concisa por foguete, o JR71 \u00e9 f\u00e1cil de posicionar e tem um efeito espetacular &#8211; um bestseller fi\u00e1vel da Jorge. <\/p>\n","protected":false},"excerpt":{"rendered":"<ul>\n<li><strong>7 grandes foguetes<\/strong><\/li>\n<li><strong>35mm<\/strong><\/li>\n<li><strong>Jorge<\/strong><\/li>\n<li><strong>F2<\/strong><\/li>\n<li><strong>NEC: 22,8g<\/strong><\/li>\n<\/ul>\n","protected":false},"featured_media":60831,"comment_status":"closed","ping_status":"closed","template":"","meta":{"_acf_changed":false},"product_brand":[],"product_cat":[493],"product_tag":[],"class_list":{"0":"post-60822","1":"product","2":"type-product","3":"status-publish","4":"has-post-thumbnail","6":"product_cat-foguetes","7":"pa_brandx-jorge","9":"first","10":"instock","11":"taxable","12":"shipping-taxable","13":"purchasable","14":"product-type-simple"},"acf":[],"_links":{"self":[{"href":"https:\/\/ultrasfactory.com\/pt-pt\/wp-json\/wp\/v2\/product\/60822","targetHints":{"allow":["GET"]}}],"collection":[{"href":"https:\/\/ultrasfactory.com\/pt-pt\/wp-json\/wp\/v2\/product"}],"about":[{"href":"https:\/\/ultrasfactory.com\/pt-pt\/wp-json\/wp\/v2\/types\/product"}],"replies":[{"embeddable":true,"href":"https:\/\/ultrasfactory.com\/pt-pt\/wp-json\/wp\/v2\/comments?post=60822"}],"wp:featuredmedia":[{"embeddable":true,"href":"https:\/\/ultrasfactory.com\/pt-pt\/wp-json\/wp\/v2\/media\/60831"}],"wp:attachment":[{"href":"https:\/\/ultrasfactory.com\/pt-pt\/wp-json\/wp\/v2\/media?parent=60822"}],"wp:term":[{"taxonomy":"product_brand","embeddable":true,"href":"https:\/\/ultrasfactory.com\/pt-pt\/wp-json\/wp\/v2\/product_brand?post=60822"},{"taxonomy":"product_cat","embeddable":true,"href":"https:\/\/ultrasfactory.com\/pt-pt\/wp-json\/wp\/v2\/product_cat?post=60822"},{"taxonomy":"product_tag","embeddable":true,"href":"https:\/\/ultrasfactory.com\/pt-pt\/wp-json\/wp\/v2\/product_tag?post=60822"}],"curies":[{"name":"wp","href":"https:\/\/api.w.org\/{rel}","templated":true}]}}