{"id":60850,"date":"2025-10-21T10:48:54","date_gmt":"2025-10-21T09:48:54","guid":{"rendered":"https:\/\/ultrasfactory.com\/product\/chama-verde-xp1075\/"},"modified":"2026-04-13T22:35:35","modified_gmt":"2026-04-13T21:35:35","slug":"chama-verde-xp1075","status":"publish","type":"product","link":"https:\/\/ultrasfactory.com\/pt-pt\/product\/chama-verde-xp1075\/","title":{"rendered":"Chama verde XP1075"},"content":{"rendered":"<p><iframe loading=\"lazy\" title=\"Reprodutor de v\u00eddeo do YouTube\" src=\"https:\/\/www.youtube.com\/embed\/OytMFzG9knU?si=hRl5HVWPI3B8dGvY\" width=\"560\" height=\"315\" frameborder=\"0\" allowfullscreen=\"allowfullscreen\"><\/iframe><\/p>\n<p data-start=\"740\" data-end=\"1026\">Os foguetes <strong data-start=\"744\" data-end=\"766\">XP1075 Green Flame<\/strong> da <strong data-start=\"785\" data-end=\"796\">Triplex<\/strong> s\u00e3o <strong data-start=\"801\" data-end=\"830\">foguetes de alto impacto<\/strong> concebidos para produzir um <strong data-start=\"853\" data-end=\"873\">som muito alto<\/strong> com um flash brilhante. Embalados numa <strong data-start=\"907\" data-end=\"930\">caixa de retalho de 20 pe\u00e7as<\/strong>, s\u00e3o constru\u00eddos para uma igni\u00e7\u00e3o consistente e uma press\u00e3o sonora m\u00e1xima dentro dos limites legais do consumidor.<\/p>\n<p data-start=\"1028\" data-end=\"1314\">Cada unidade apresenta um design cil\u00edndrico cl\u00e1ssico com um fus\u00edvel curto para uma igni\u00e7\u00e3o r\u00e1pida e fi\u00e1vel. O XP1075 est\u00e1 classificado como P1 (CE) e <strong data-start=\"1167\" data-end=\"1179\">ADR 1.4G<\/strong> para um transporte e venda seguros ao n\u00edvel do consumidor. Ideal para <strong data-start=\"1234\" data-end=\"1249\">utiliza\u00e7\u00e3o no exterior<\/strong> durante celebra\u00e7\u00f5es, festivais ou cen\u00e1rios de efeitos controlados.  <\/p>\n<p data-start=\"1316\" data-end=\"1437\">Estas crackers s\u00e3o uma escolha popular para utilizadores que querem <strong data-start=\"1371\" data-end=\"1399\">uma detona\u00e7\u00e3o dura e limpa<\/strong> com um formato simples de acender e lan\u00e7ar.<\/p>\n","protected":false},"excerpt":{"rendered":"<ul>\n<li><strong>P1<\/strong><\/li>\n<li><strong>20 unidades por embalagem<\/strong><\/li>\n<li><strong>Efeito &#8211; Chama verde + Bang<\/strong><\/li>\n<li><strong>NEC: 0,2g+)<\/strong><\/li>\n<\/ul>\n","protected":false},"featured_media":60852,"comment_status":"closed","ping_status":"closed","template":"","meta":{"_acf_changed":false},"product_brand":[],"product_cat":[487,495],"product_tag":[],"class_list":{"0":"post-60850","1":"product","2":"type-product","3":"status-publish","4":"has-post-thumbnail","6":"product_cat-fogos-de-artificio","7":"product_cat-promocao","9":"first","10":"instock","11":"sale","12":"taxable","13":"shipping-taxable","14":"purchasable","15":"product-type-simple"},"acf":[],"_links":{"self":[{"href":"https:\/\/ultrasfactory.com\/pt-pt\/wp-json\/wp\/v2\/product\/60850","targetHints":{"allow":["GET"]}}],"collection":[{"href":"https:\/\/ultrasfactory.com\/pt-pt\/wp-json\/wp\/v2\/product"}],"about":[{"href":"https:\/\/ultrasfactory.com\/pt-pt\/wp-json\/wp\/v2\/types\/product"}],"replies":[{"embeddable":true,"href":"https:\/\/ultrasfactory.com\/pt-pt\/wp-json\/wp\/v2\/comments?post=60850"}],"wp:featuredmedia":[{"embeddable":true,"href":"https:\/\/ultrasfactory.com\/pt-pt\/wp-json\/wp\/v2\/media\/60852"}],"wp:attachment":[{"href":"https:\/\/ultrasfactory.com\/pt-pt\/wp-json\/wp\/v2\/media?parent=60850"}],"wp:term":[{"taxonomy":"product_brand","embeddable":true,"href":"https:\/\/ultrasfactory.com\/pt-pt\/wp-json\/wp\/v2\/product_brand?post=60850"},{"taxonomy":"product_cat","embeddable":true,"href":"https:\/\/ultrasfactory.com\/pt-pt\/wp-json\/wp\/v2\/product_cat?post=60850"},{"taxonomy":"product_tag","embeddable":true,"href":"https:\/\/ultrasfactory.com\/pt-pt\/wp-json\/wp\/v2\/product_tag?post=60850"}],"curies":[{"name":"wp","href":"https:\/\/api.w.org\/{rel}","templated":true}]}}