{"id":60855,"date":"2025-10-16T08:03:01","date_gmt":"2025-10-16T07:03:01","guid":{"rendered":"https:\/\/ultrasfactory.com\/product\/shaolin-4-rk-98-2555\/"},"modified":"2025-10-28T14:38:21","modified_gmt":"2025-10-28T13:38:21","slug":"shaolin-4-rk-98-2555","status":"publish","type":"product","link":"https:\/\/ultrasfactory.com\/pt-pt\/product\/shaolin-4-rk-98-2555\/","title":{"rendered":"Shaolin 4 RK-98-2555"},"content":{"rendered":"<p><iframe loading=\"lazy\" title=\"Reprodutor de v\u00eddeo do YouTube\" src=\"https:\/\/www.youtube.com\/embed\/EWjJfrTEZIg?si=EAItXX86iM7o8CL8\" width=\"560\" height=\"315\" frameborder=\"0\" allowfullscreen=\"allowfullscreen\"><\/iframe><\/p>\n<p data-start=\"725\" data-end=\"1110\">A Shaolin 4 &#8211; RK-98-2555 \u00e9 uma bateria de fogos de artif\u00edcio de alto desempenho, com v\u00e1rios disparos, concebida para proporcionar um espet\u00e1culo inesquec\u00edvel em grandes eventos, festivais e celebra\u00e7\u00f5es privadas de alta qualidade. Com uma sequ\u00eancia de <strong data-start=\"935\" data-end=\"954\">98 disparos diretos<\/strong> e efeitos din\u00e2micos, esta bateria combina um calibre substancial, rajadas de grande altitude e um final cuidadosamente orquestrado para criar um momento de espet\u00e1culo. <\/p>\n<p data-start=\"1112\" data-end=\"1672\">Fabricado pelo principal fabricante de pirotecnia Riakeo, o modelo RK-98-2555 incorpora cartuchos de alta qualidade que enviam caudas vermelhas para o c\u00e9u, transformando-se em explos\u00f5es de d\u00e1lia azul-celeste, verde, lim\u00e3o e efeitos de ameixa vermelha; depois, a cauda de coco dourado transforma-se em salgueiro dourado com d\u00e1lia azul-celeste, verde, lim\u00e3o, roxa e ameixa vermelha; caudas de coco douradas em estrobosc\u00f3pios vermelhos com cris\u00e2ntemos dourados; caudas de salgueiro dourado em minas de cris\u00e2ntemos prateados; seguido de um final espetacular de salgueiro dourado e cris\u00e2ntemos prateados com d\u00e1lias azuis.<\/p>\n<p data-start=\"1674\" data-end=\"1919\">Com um calibre entre 25 e 30 mm e um conte\u00fado explosivo l\u00edquido (NEC) de cerca de 1 987 g, esta bateria \u00e9 adequada para utiliza\u00e7\u00e3o em expositores exteriores autorizados, onde o impacto elevado, a longa dura\u00e7\u00e3o e a variedade de efeitos s\u00e3o importantes.<\/p>\n","protected":false},"excerpt":{"rendered":"<ul>\n<li><strong>98 tiros<\/strong><\/li>\n<li><strong>F2<\/strong><\/li>\n<li><strong>RIAKEO<\/strong><\/li>\n<li><strong>30 mm<\/strong><\/li>\n<li><strong>TOP STUFF<\/strong><\/li>\n<\/ul>\n","protected":false},"featured_media":60836,"comment_status":"closed","ping_status":"closed","template":"","meta":{"_acf_changed":false},"product_brand":[],"product_cat":[477,495],"product_tag":[],"class_list":{"0":"post-60855","1":"product","2":"type-product","3":"status-publish","4":"has-post-thumbnail","6":"product_cat-baterias","7":"product_cat-promocao","8":"pa_brandx-riakeo","10":"first","11":"instock","12":"sale","13":"taxable","14":"shipping-taxable","15":"purchasable","16":"product-type-simple"},"acf":[],"_links":{"self":[{"href":"https:\/\/ultrasfactory.com\/pt-pt\/wp-json\/wp\/v2\/product\/60855","targetHints":{"allow":["GET"]}}],"collection":[{"href":"https:\/\/ultrasfactory.com\/pt-pt\/wp-json\/wp\/v2\/product"}],"about":[{"href":"https:\/\/ultrasfactory.com\/pt-pt\/wp-json\/wp\/v2\/types\/product"}],"replies":[{"embeddable":true,"href":"https:\/\/ultrasfactory.com\/pt-pt\/wp-json\/wp\/v2\/comments?post=60855"}],"wp:featuredmedia":[{"embeddable":true,"href":"https:\/\/ultrasfactory.com\/pt-pt\/wp-json\/wp\/v2\/media\/60836"}],"wp:attachment":[{"href":"https:\/\/ultrasfactory.com\/pt-pt\/wp-json\/wp\/v2\/media?parent=60855"}],"wp:term":[{"taxonomy":"product_brand","embeddable":true,"href":"https:\/\/ultrasfactory.com\/pt-pt\/wp-json\/wp\/v2\/product_brand?post=60855"},{"taxonomy":"product_cat","embeddable":true,"href":"https:\/\/ultrasfactory.com\/pt-pt\/wp-json\/wp\/v2\/product_cat?post=60855"},{"taxonomy":"product_tag","embeddable":true,"href":"https:\/\/ultrasfactory.com\/pt-pt\/wp-json\/wp\/v2\/product_tag?post=60855"}],"curies":[{"name":"wp","href":"https:\/\/api.w.org\/{rel}","templated":true}]}}