{"id":60856,"date":"2025-10-22T11:38:26","date_gmt":"2025-10-22T10:38:26","guid":{"rendered":"https:\/\/ultrasfactory.com\/product\/grande-escolha-para-momentos-unicos-txb508\/"},"modified":"2025-10-28T14:38:21","modified_gmt":"2025-10-28T13:38:21","slug":"grande-escolha-para-momentos-unicos-txb508","status":"publish","type":"product","link":"https:\/\/ultrasfactory.com\/pt-pt\/product\/grande-escolha-para-momentos-unicos-txb508\/","title":{"rendered":"Grande escolha para momentos \u00fanicos TXB508"},"content":{"rendered":"<p><iframe loading=\"lazy\" title=\"Reprodutor de v\u00eddeo do YouTube\" src=\"https:\/\/www.youtube.com\/embed\/nW8dQcX8jws?si=rnDDhsXwPkEUrbgx\" width=\"560\" height=\"315\" frameborder=\"0\" allowfullscreen=\"allowfullscreen\"><\/iframe><\/p>\n<p data-start=\"752\" data-end=\"1126\">A <strong data-start=\"756\" data-end=\"800\">Great Choice For Unique Moments (TXB508)<\/strong> da <strong data-start=\"806\" data-end=\"817\">Triplex<\/strong> \u00e9 uma <strong data-start=\"823\" data-end=\"858\">bateria de fogo de artif\u00edcio a\u00e9reo de 49 disparos<\/strong>, concebida para proporcionar uma sequ\u00eancia de espet\u00e1culo impressionante e coreografada num formato compacto. Com um <strong data-start=\"947\" data-end=\"964\">calibre de 25 mm<\/strong>, <strong data-start=\"966\" data-end=\"979\">467 g de NEC<\/strong> e uma <strong data-start=\"1000\" data-end=\"1034\">dura\u00e7\u00e3o<\/strong> aproximada <strong data-start=\"1000\" data-end=\"1034\">de 45 segundos<\/strong>, combina uma variedade de efeitos num espet\u00e1culo de consumo equilibrado e de aspeto profissional. <\/p>\n<p data-start=\"1128\" data-end=\"1528\">O padr\u00e3o de disparo inclui explos\u00f5es multicoloridas, coroas de brocado, estrobosc\u00f3pios brilhantes e efeitos de cometa. A TXB508 est\u00e1 classificada como <strong data-start=\"1255\" data-end=\"1273\">CE Categoria F2<\/strong>, o que a torna adequada para exibi\u00e7\u00f5es ao ar livre em mercados onde o fogo de artif\u00edcio F2 \u00e9 permitido. Gra\u00e7as \u00e0 sua temporiza\u00e7\u00e3o fi\u00e1vel e igni\u00e7\u00e3o limpa, esta bateria \u00e9 popular para a <strong data-start=\"1447\" data-end=\"1465\">v\u00e9spera de Ano Novo<\/strong>, <strong data-start=\"1467\" data-end=\"1479\">casamentos<\/strong>, <strong data-start=\"1481\" data-end=\"1498\">anivers\u00e1rios<\/strong> e outras ocasi\u00f5es festivas.  <\/p>\n","protected":false},"excerpt":{"rendered":"<ul>\n<li><strong>68 tiros<\/strong><\/li>\n<li><strong>F2<\/strong><\/li>\n<li><strong>Triplex<\/strong><\/li>\n<li><strong>20mm<\/strong><\/li>\n<li><strong>NEC: 467g<\/strong><\/li>\n<\/ul>\n","protected":false},"featured_media":60857,"comment_status":"closed","ping_status":"closed","template":"","meta":{"_acf_changed":false},"product_brand":[],"product_cat":[477,495],"product_tag":[],"class_list":{"0":"post-60856","1":"product","2":"type-product","3":"status-publish","4":"has-post-thumbnail","6":"product_cat-baterias","7":"product_cat-promocao","8":"pa_brandx-triplex","10":"first","11":"outofstock","12":"sale","13":"taxable","14":"shipping-taxable","15":"purchasable","16":"product-type-simple"},"acf":[],"_links":{"self":[{"href":"https:\/\/ultrasfactory.com\/pt-pt\/wp-json\/wp\/v2\/product\/60856","targetHints":{"allow":["GET"]}}],"collection":[{"href":"https:\/\/ultrasfactory.com\/pt-pt\/wp-json\/wp\/v2\/product"}],"about":[{"href":"https:\/\/ultrasfactory.com\/pt-pt\/wp-json\/wp\/v2\/types\/product"}],"replies":[{"embeddable":true,"href":"https:\/\/ultrasfactory.com\/pt-pt\/wp-json\/wp\/v2\/comments?post=60856"}],"wp:featuredmedia":[{"embeddable":true,"href":"https:\/\/ultrasfactory.com\/pt-pt\/wp-json\/wp\/v2\/media\/60857"}],"wp:attachment":[{"href":"https:\/\/ultrasfactory.com\/pt-pt\/wp-json\/wp\/v2\/media?parent=60856"}],"wp:term":[{"taxonomy":"product_brand","embeddable":true,"href":"https:\/\/ultrasfactory.com\/pt-pt\/wp-json\/wp\/v2\/product_brand?post=60856"},{"taxonomy":"product_cat","embeddable":true,"href":"https:\/\/ultrasfactory.com\/pt-pt\/wp-json\/wp\/v2\/product_cat?post=60856"},{"taxonomy":"product_tag","embeddable":true,"href":"https:\/\/ultrasfactory.com\/pt-pt\/wp-json\/wp\/v2\/product_tag?post=60856"}],"curies":[{"name":"wp","href":"https:\/\/api.w.org\/{rel}","templated":true}]}}