{"id":60858,"date":"2025-10-16T08:09:12","date_gmt":"2025-10-16T07:09:12","guid":{"rendered":"https:\/\/ultrasfactory.com\/product\/tiros-xxl-txc734\/"},"modified":"2025-10-31T12:40:55","modified_gmt":"2025-10-31T11:40:55","slug":"tiros-xxl-txc734","status":"publish","type":"product","link":"https:\/\/ultrasfactory.com\/pt-pt\/product\/tiros-xxl-txc734\/","title":{"rendered":"Tiros XXL TXC734"},"content":{"rendered":"<p><iframe loading=\"lazy\" title=\"Reprodutor de v\u00eddeo do YouTube\" src=\"https:\/\/www.youtube.com\/embed\/x4kt1vgAjGs?si=E53iW56SHbFxFqXL\" width=\"560\" height=\"315\" frameborder=\"0\" allowfullscreen=\"allowfullscreen\"><\/iframe><\/p>\n<p data-start=\"866\" data-end=\"1347\">O <strong data-start=\"870\" data-end=\"890\">Shots XXL TXC734<\/strong> \u00e9 uma bateria de fogos de artif\u00edcio de grande impacto, concebida para proporcionar um espet\u00e1culo inesquec\u00edvel em eventos p\u00fablicos, celebra\u00e7\u00f5es privadas e espect\u00e1culos profissionais. Concebida com o desempenho em mente, a TXC734 combina uma sequ\u00eancia dram\u00e1tica de intervalos a\u00e9reos, cores arrojadas e relat\u00f3rios n\u00edtidos para criar um crescendo visual intenso que chama a aten\u00e7\u00e3o. Cada disparo \u00e9 cronometrado com precis\u00e3o para um efeito em cascata, combinando variedade e fiabilidade para um elemento de espet\u00e1culo polido.<\/p>\n<p data-start=\"1349\" data-end=\"1851\">Fabricada com componentes de alta qualidade e montada de acordo com normas de seguran\u00e7a rigorosas, a Shots XXL TXC734 oferece uma longa dura\u00e7\u00e3o, uma igni\u00e7\u00e3o fi\u00e1vel e um desempenho a\u00e9reo consistente. A bateria \u00e9 ideal para organizadores de eventos, profissionais de pirotecnia e retalhistas que procuram um produto de destaque que equilibre o espet\u00e1culo com um desempenho est\u00e1vel. Palavras-chave com foco em SEO incorporadas: bateria de fogos de artif\u00edcio multi-shot, fogos de artif\u00edcio XXL, bateria de exibi\u00e7\u00e3o a\u00e9rea, piro profissional, quebras de cores vibrantes, fogos de artif\u00edcio de longa dura\u00e7\u00e3o.  <\/p>\n<p data-start=\"1853\" data-end=\"2221\">Quer seja colocado num pacote comemorativo, utilizado como pe\u00e7a final ou inclu\u00eddo em apresenta\u00e7\u00f5es coordenadas, o TXC734 produz motivos visuais em camadas &#8211; desde pe\u00f3nias coloridas e estrobosc\u00f3pios a apitos e acentos crepitantes &#8211; que funcionam em conjunto para criar uma experi\u00eancia memor\u00e1vel. As especifica\u00e7\u00f5es detalhadas abaixo facilitam a correspond\u00eancia do TXC734 com os planos de exibi\u00e7\u00e3o e os requisitos de seguran\u00e7a. <\/p>\n","protected":false},"excerpt":{"rendered":"<ul>\n<li><strong>6 unidades por embalagem<\/strong><\/li>\n<li><strong>NEC: 179,4g<\/strong><\/li>\n<li><strong>Triplex<\/strong><\/li>\n<li><strong>Top Single Shots<\/strong><\/li>\n<\/ul>\n","protected":false},"featured_media":60844,"comment_status":"closed","ping_status":"closed","template":"","meta":{"_acf_changed":false},"product_brand":[],"product_cat":[496],"product_tag":[],"class_list":{"0":"post-60858","1":"product","2":"type-product","3":"status-publish","4":"has-post-thumbnail","6":"product_cat-tiros-unicos","7":"pa_brandx-triplex","9":"first","10":"outofstock","11":"taxable","12":"shipping-taxable","13":"purchasable","14":"product-type-simple"},"acf":[],"_links":{"self":[{"href":"https:\/\/ultrasfactory.com\/pt-pt\/wp-json\/wp\/v2\/product\/60858","targetHints":{"allow":["GET"]}}],"collection":[{"href":"https:\/\/ultrasfactory.com\/pt-pt\/wp-json\/wp\/v2\/product"}],"about":[{"href":"https:\/\/ultrasfactory.com\/pt-pt\/wp-json\/wp\/v2\/types\/product"}],"replies":[{"embeddable":true,"href":"https:\/\/ultrasfactory.com\/pt-pt\/wp-json\/wp\/v2\/comments?post=60858"}],"wp:featuredmedia":[{"embeddable":true,"href":"https:\/\/ultrasfactory.com\/pt-pt\/wp-json\/wp\/v2\/media\/60844"}],"wp:attachment":[{"href":"https:\/\/ultrasfactory.com\/pt-pt\/wp-json\/wp\/v2\/media?parent=60858"}],"wp:term":[{"taxonomy":"product_brand","embeddable":true,"href":"https:\/\/ultrasfactory.com\/pt-pt\/wp-json\/wp\/v2\/product_brand?post=60858"},{"taxonomy":"product_cat","embeddable":true,"href":"https:\/\/ultrasfactory.com\/pt-pt\/wp-json\/wp\/v2\/product_cat?post=60858"},{"taxonomy":"product_tag","embeddable":true,"href":"https:\/\/ultrasfactory.com\/pt-pt\/wp-json\/wp\/v2\/product_tag?post=60858"}],"curies":[{"name":"wp","href":"https:\/\/api.w.org\/{rel}","templated":true}]}}