{"id":60861,"date":"2025-10-22T11:44:58","date_gmt":"2025-10-22T10:44:58","guid":{"rendered":"https:\/\/ultrasfactory.com\/product\/matabrujas-5g-zb305\/"},"modified":"2026-03-13T17:29:24","modified_gmt":"2026-03-13T16:29:24","slug":"matabrujas-5g-zb305","status":"publish","type":"product","link":"https:\/\/ultrasfactory.com\/pt-pt\/product\/matabrujas-5g-zb305\/","title":{"rendered":"MATABRUJAS 5G ZB305"},"content":{"rendered":"<p><iframe loading=\"lazy\" title=\"Reprodutor de v\u00eddeo do YouTube\" src=\"https:\/\/www.youtube.com\/embed\/Po-O1zkCtxQ?si=YGG53l9tgdUAGlhl\" width=\"560\" height=\"315\" frameborder=\"0\" allowfullscreen=\"allowfullscreen\"><\/iframe><\/p>\n<p data-start=\"536\" data-end=\"884\">O Matabrujas 5G (ZB305) da Zom Bum \u00e9 um conjunto <strong data-start=\"601\" data-end=\"630\">de foguetes sonoros<\/strong> compacto e de grande impacto, concebido para fortes detona\u00e7\u00f5es singulares. Fornecido numa <strong data-start=\"693\" data-end=\"713\">embalagem de 5 pe\u00e7as<\/strong>, cada uma com aproximadamente <strong data-start=\"739\" data-end=\"775\">5 g de massa explosiva l\u00edquida (NEM\/NEC)<\/strong>, este produto oferece uma sa\u00edda ac\u00fastica impressionante num formato regulado.<\/p>\n<p data-start=\"886\" data-end=\"1150\">Classificado na categoria CE <strong data-start=\"910\" data-end=\"916\">P1<\/strong> (n\u00edvel de consumo para artigos de pirotecnia) e concebido apenas para utiliza\u00e7\u00e3o no exterior, o Matabrujas 5G \u00e9 perfeito para interrup\u00e7\u00f5es aud\u00edveis e arrojadas durante celebra\u00e7\u00f5es, sequ\u00eancias de efeitos ou utiliza\u00e7\u00e3o controlada de expositores.<\/p>\n","protected":false},"excerpt":{"rendered":"<ul>\n<li><strong>5 unidades<\/strong><\/li>\n<li><strong>NEC: 5g pcs<\/strong><\/li>\n<\/ul>\n","protected":false},"featured_media":60862,"comment_status":"closed","ping_status":"closed","template":"","meta":{"_acf_changed":false},"product_brand":[],"product_cat":[487,495],"product_tag":[],"class_list":{"0":"post-60861","1":"product","2":"type-product","3":"status-publish","4":"has-post-thumbnail","6":"product_cat-fogos-de-artificio","7":"product_cat-promocao","8":"pa_brandx-zom-bum","10":"first","11":"instock","12":"sale","13":"taxable","14":"shipping-taxable","15":"purchasable","16":"product-type-simple"},"acf":[],"_links":{"self":[{"href":"https:\/\/ultrasfactory.com\/pt-pt\/wp-json\/wp\/v2\/product\/60861","targetHints":{"allow":["GET"]}}],"collection":[{"href":"https:\/\/ultrasfactory.com\/pt-pt\/wp-json\/wp\/v2\/product"}],"about":[{"href":"https:\/\/ultrasfactory.com\/pt-pt\/wp-json\/wp\/v2\/types\/product"}],"replies":[{"embeddable":true,"href":"https:\/\/ultrasfactory.com\/pt-pt\/wp-json\/wp\/v2\/comments?post=60861"}],"wp:featuredmedia":[{"embeddable":true,"href":"https:\/\/ultrasfactory.com\/pt-pt\/wp-json\/wp\/v2\/media\/60862"}],"wp:attachment":[{"href":"https:\/\/ultrasfactory.com\/pt-pt\/wp-json\/wp\/v2\/media?parent=60861"}],"wp:term":[{"taxonomy":"product_brand","embeddable":true,"href":"https:\/\/ultrasfactory.com\/pt-pt\/wp-json\/wp\/v2\/product_brand?post=60861"},{"taxonomy":"product_cat","embeddable":true,"href":"https:\/\/ultrasfactory.com\/pt-pt\/wp-json\/wp\/v2\/product_cat?post=60861"},{"taxonomy":"product_tag","embeddable":true,"href":"https:\/\/ultrasfactory.com\/pt-pt\/wp-json\/wp\/v2\/product_tag?post=60861"}],"curies":[{"name":"wp","href":"https:\/\/api.w.org\/{rel}","templated":true}]}}