{"id":60865,"date":"2025-09-05T10:48:47","date_gmt":"2025-09-05T09:48:47","guid":{"rendered":"https:\/\/ultrasfactory.com\/product\/pyroclash-hqc96s\/"},"modified":"2025-10-28T14:44:56","modified_gmt":"2025-10-28T13:44:56","slug":"pyroclash-hqc96s","status":"publish","type":"product","link":"https:\/\/ultrasfactory.com\/pt-pt\/product\/pyroclash-hqc96s\/","title":{"rendered":"Pyroclash HQC96S"},"content":{"rendered":"<p><iframe loading=\"lazy\" title=\"Reprodutor de v\u00eddeo do YouTube\" src=\"https:\/\/www.youtube.com\/embed\/K7LCtUfvVp8?si=KBCirUkG2Sq4AVJv\" width=\"560\" height=\"315\" frameborder=\"0\" allowfullscreen=\"allowfullscreen\"><\/iframe><\/p>\n","protected":false},"excerpt":{"rendered":"<ul>\n<li data-start=\"1119\" data-end=\"1150\">\n<p data-start=\"1121\" data-end=\"1150\">Chuta: 96<\/p>\n<\/li>\n<li data-start=\"1151\" data-end=\"1169\">\n<p data-start=\"1153\" data-end=\"1169\">NEC: ~1977,6 g<\/p>\n<\/li>\n<li data-start=\"1170\" data-end=\"1197\">\n<p data-start=\"1172\" data-end=\"1197\">Classifica\u00e7\u00e3o: F2<\/p>\n<\/li>\n<li data-start=\"1198\" data-end=\"1309\">\n<p data-start=\"1200\" data-end=\"1309\">Tamanho: 565 \u00d7 330 \u00d7 230 mm<br data-start=\"1224\" data-end=\"1227\">Ideal para um segmento de grande impacto num espet\u00e1culo de fogo de artif\u00edcio com intensidade visual sustentada.<\/p>\n<\/li>\n<li data-start=\"1198\" data-end=\"1309\">Liberta <strong data-start=\"1356\" data-end=\"1369\">a Pyroclash &#8211; uma<\/strong>pot\u00eancia devastadora de 96 disparos com quase 2 kg de for\u00e7a explosiva que se espalha para o exterior. Robusto e compacto, foi concebido para impulsionar e incendiar o c\u00e9u nos teus momentos de espet\u00e1culo mais intensos. <\/li>\n<\/ul>\n","protected":false},"featured_media":60866,"comment_status":"closed","ping_status":"closed","template":"","meta":{"_acf_changed":false},"product_brand":[],"product_cat":[477,495],"product_tag":[],"class_list":{"0":"post-60865","1":"product","2":"type-product","3":"status-publish","4":"has-post-thumbnail","6":"product_cat-baterias","7":"product_cat-promocao","8":"pa_brandx-pyro-shine","10":"first","11":"outofstock","12":"sale","13":"taxable","14":"shipping-taxable","15":"purchasable","16":"product-type-simple"},"acf":[],"_links":{"self":[{"href":"https:\/\/ultrasfactory.com\/pt-pt\/wp-json\/wp\/v2\/product\/60865","targetHints":{"allow":["GET"]}}],"collection":[{"href":"https:\/\/ultrasfactory.com\/pt-pt\/wp-json\/wp\/v2\/product"}],"about":[{"href":"https:\/\/ultrasfactory.com\/pt-pt\/wp-json\/wp\/v2\/types\/product"}],"replies":[{"embeddable":true,"href":"https:\/\/ultrasfactory.com\/pt-pt\/wp-json\/wp\/v2\/comments?post=60865"}],"wp:featuredmedia":[{"embeddable":true,"href":"https:\/\/ultrasfactory.com\/pt-pt\/wp-json\/wp\/v2\/media\/60866"}],"wp:attachment":[{"href":"https:\/\/ultrasfactory.com\/pt-pt\/wp-json\/wp\/v2\/media?parent=60865"}],"wp:term":[{"taxonomy":"product_brand","embeddable":true,"href":"https:\/\/ultrasfactory.com\/pt-pt\/wp-json\/wp\/v2\/product_brand?post=60865"},{"taxonomy":"product_cat","embeddable":true,"href":"https:\/\/ultrasfactory.com\/pt-pt\/wp-json\/wp\/v2\/product_cat?post=60865"},{"taxonomy":"product_tag","embeddable":true,"href":"https:\/\/ultrasfactory.com\/pt-pt\/wp-json\/wp\/v2\/product_tag?post=60865"}],"curies":[{"name":"wp","href":"https:\/\/api.w.org\/{rel}","templated":true}]}}