{"id":60961,"date":"2025-09-05T10:31:18","date_gmt":"2025-09-05T09:31:18","guid":{"rendered":"https:\/\/ultrasfactory.com\/product\/armagedao-cle4551\/"},"modified":"2025-11-02T15:01:51","modified_gmt":"2025-11-02T14:01:51","slug":"armagedao-cle4551","status":"publish","type":"product","link":"https:\/\/ultrasfactory.com\/pt-pt\/product\/armagedao-cle4551\/","title":{"rendered":"Armaged\u00e3o CLE4551"},"content":{"rendered":"<p><iframe loading=\"lazy\" title=\"Reprodutor de v\u00eddeo do YouTube\" src=\"https:\/\/www.youtube.com\/embed\/2M0kGk0c3xc?si=gSA5SUp-IJMDPKHE\" width=\"560\" height=\"315\" frameborder=\"0\" allowfullscreen=\"allowfullscreen\"><\/iframe><\/p>\n","protected":false},"excerpt":{"rendered":"<p data-start=\"132\" data-end=\"250\">O <strong data-start=\"136\" data-end=\"158\">Armageddon CLE4551<\/strong> \u00e9 um espetacular bolo de fogo de artif\u00edcio com v\u00e1rios disparos, concebido para espect\u00e1culos pirot\u00e9cnicos de cortar a respira\u00e7\u00e3o.<\/p>\n<ul data-start=\"252\" data-end=\"738\">\n<li data-start=\"252\" data-end=\"281\">\n<p data-start=\"254\" data-end=\"281\"><strong data-start=\"254\" data-end=\"270\">Fabricante<\/strong>: SR Pyro<\/p>\n<\/li>\n<li data-start=\"282\" data-end=\"310\">\n<p data-start=\"284\" data-end=\"310\"><strong data-start=\"284\" data-end=\"303\">N\u00famero de disparos<\/strong>: 144<\/p>\n<\/li>\n<li data-start=\"311\" data-end=\"338\">\n<p data-start=\"313\" data-end=\"338\"><strong data-start=\"313\" data-end=\"324\">Calibre<\/strong>: 25 mm<\/p>\n<\/li>\n<li data-start=\"339\" data-end=\"418\">\n<p data-start=\"341\" data-end=\"418\"><strong data-start=\"341\" data-end=\"353\">Categoria<\/strong>: CE F2<\/p>\n<\/li>\n<li data-start=\"339\" data-end=\"418\">\n<p data-start=\"341\" data-end=\"418\"><strong data-start=\"421\" data-end=\"439\">Padr\u00e3o de disparo<\/strong>: misto &#8211; tiros a direito e em \u00e2ngulo<\/p>\n<\/li>\n<li data-start=\"482\" data-end=\"533\">\n<p data-start=\"484\" data-end=\"533\"><strong data-start=\"484\" data-end=\"515\">NEC (Conte\u00fado Explosivo L\u00edquido)<\/strong>: aprox. 1987 g <\/p>\n<\/li>\n<li data-start=\"534\" data-end=\"571\">\n<p data-start=\"536\" data-end=\"571\"><strong data-start=\"536\" data-end=\"548\">Dura\u00e7\u00e3o<\/strong>: cerca de 50-90 segundos<\/p>\n<\/li>\n<li data-start=\"572\" data-end=\"738\">\n<p data-start=\"574\" data-end=\"738\"><strong data-start=\"574\" data-end=\"585\">Efeitos<\/strong>: Uma sequ\u00eancia poderosa de explos\u00f5es coloridas, estrelas crepitantes, brocados e cometas dispostos em padr\u00f5es de disparo variados para um efeito de finaliza\u00e7\u00e3o.<\/p>\n<\/li>\n<\/ul>\n<p data-start=\"740\" data-end=\"977\">O <strong data-start=\"744\" data-end=\"766\">Armageddon CLE4551<\/strong> \u00e9 um bolo de fogo de artif\u00edcio de estilo profissional que garante um espet\u00e1culo din\u00e2mico com intensidade do princ\u00edpio ao fim &#8211; uma escolha perfeita para a passagem de ano, grandes celebra\u00e7\u00f5es e eventos onde \u00e9 necess\u00e1rio o m\u00e1ximo impacto.<\/p>\n","protected":false},"featured_media":60962,"comment_status":"closed","ping_status":"closed","template":"","meta":{"_acf_changed":false},"product_brand":[],"product_cat":[477,495],"product_tag":[],"class_list":{"0":"post-60961","1":"product","2":"type-product","3":"status-publish","4":"has-post-thumbnail","6":"product_cat-baterias","7":"product_cat-promocao","8":"pa_brandx-srpyro","10":"first","11":"outofstock","12":"sale","13":"taxable","14":"shipping-taxable","15":"purchasable","16":"product-type-simple"},"acf":[],"_links":{"self":[{"href":"https:\/\/ultrasfactory.com\/pt-pt\/wp-json\/wp\/v2\/product\/60961","targetHints":{"allow":["GET"]}}],"collection":[{"href":"https:\/\/ultrasfactory.com\/pt-pt\/wp-json\/wp\/v2\/product"}],"about":[{"href":"https:\/\/ultrasfactory.com\/pt-pt\/wp-json\/wp\/v2\/types\/product"}],"replies":[{"embeddable":true,"href":"https:\/\/ultrasfactory.com\/pt-pt\/wp-json\/wp\/v2\/comments?post=60961"}],"wp:featuredmedia":[{"embeddable":true,"href":"https:\/\/ultrasfactory.com\/pt-pt\/wp-json\/wp\/v2\/media\/60962"}],"wp:attachment":[{"href":"https:\/\/ultrasfactory.com\/pt-pt\/wp-json\/wp\/v2\/media?parent=60961"}],"wp:term":[{"taxonomy":"product_brand","embeddable":true,"href":"https:\/\/ultrasfactory.com\/pt-pt\/wp-json\/wp\/v2\/product_brand?post=60961"},{"taxonomy":"product_cat","embeddable":true,"href":"https:\/\/ultrasfactory.com\/pt-pt\/wp-json\/wp\/v2\/product_cat?post=60961"},{"taxonomy":"product_tag","embeddable":true,"href":"https:\/\/ultrasfactory.com\/pt-pt\/wp-json\/wp\/v2\/product_tag?post=60961"}],"curies":[{"name":"wp","href":"https:\/\/api.w.org\/{rel}","templated":true}]}}