{"id":60965,"date":"2025-09-05T10:32:17","date_gmt":"2025-09-05T09:32:17","guid":{"rendered":"https:\/\/ultrasfactory.com\/product\/furia-de-explosao-hqc113s\/"},"modified":"2025-10-28T14:46:28","modified_gmt":"2025-10-28T13:46:28","slug":"furia-de-explosao-hqc113s","status":"publish","type":"product","link":"https:\/\/ultrasfactory.com\/pt-pt\/product\/furia-de-explosao-hqc113s\/","title":{"rendered":"F\u00faria de explos\u00e3o HQC113S"},"content":{"rendered":"<p><iframe loading=\"lazy\" title=\"Reprodutor de v\u00eddeo do YouTube\" src=\"https:\/\/www.youtube.com\/embed\/Bb9kqjyKnx4?si=thUZMRbl9FleQ5JT\" width=\"560\" height=\"315\" frameborder=\"0\" allowfullscreen=\"allowfullscreen\"><\/iframe><\/p>\n","protected":false},"excerpt":{"rendered":"<p data-start=\"1922\" data-end=\"1954\"><strong data-start=\"1922\" data-end=\"1954\">V\u00ea as especifica\u00e7\u00f5es t\u00e9cnicas:<\/strong><\/p>\n<ul data-start=\"1647\" data-end=\"1920\">\n<li data-start=\"1955\" data-end=\"1979\">\n<p data-start=\"1957\" data-end=\"1979\"><strong data-start=\"1957\" data-end=\"1973\">Total de remates:<\/strong> 113<\/p>\n<\/li>\n<li data-start=\"1980\" data-end=\"2025\">\n<p data-start=\"1982\" data-end=\"2025\"><strong data-start=\"1982\" data-end=\"2014\">NEC (Conte\u00fado Explosivo L\u00edquido):<\/strong> 1990.8 g<\/p>\n<\/li>\n<li data-start=\"2026\" data-end=\"2067\">\n<p data-start=\"2028\" data-end=\"2067\"><strong data-start=\"2028\" data-end=\"2043\">Tamanhos de tubos:<\/strong> Misto 25 mm e 30 mm<\/p>\n<\/li>\n<li data-start=\"2068\" data-end=\"2103\">\n<p data-start=\"2070\" data-end=\"2103\"><strong data-start=\"2070\" data-end=\"2084\">Embalagem:<\/strong> Caixa de uma s\u00f3 pe\u00e7a<br \/>\n<strong data-start=\"2208\" data-end=\"2237\">Desempenho e atmosfera:<\/strong><br \/>\nA <strong data-start=\"2242\" data-end=\"2256\">Blast Fury<\/strong> proporciona uma sequ\u00eancia din\u00e2mica de efeitos &#8211; desde padr\u00f5es em leque a espalhamentos quadrados e motivos mistos &#8211; que se combinam para criar uma din\u00e2mica e culminar num final poderoso e ressonante. Com o seu elevado NEC e uma variedade completa de efeitos, \u00e9 uma escolha de topo para grandes celebra\u00e7\u00f5es ou entusiastas da pirotecnia que procuram o m\u00e1ximo impacto e espetacularidade. <\/p>\n<ul data-start=\"822\" data-end=\"1920\">\n<li style=\"list-style-type: none;\" data-start=\"1600\" data-end=\"1920\">\n<\/li>\n<\/ul>\n<\/li>\n<\/ul>\n","protected":false},"featured_media":60945,"comment_status":"closed","ping_status":"closed","template":"","meta":{"_acf_changed":false},"product_brand":[],"product_cat":[477,495],"product_tag":[],"class_list":{"0":"post-60965","1":"product","2":"type-product","3":"status-publish","4":"has-post-thumbnail","6":"product_cat-baterias","7":"product_cat-promocao","8":"pa_brandx-pyro-shine","10":"first","11":"outofstock","12":"sale","13":"taxable","14":"shipping-taxable","15":"purchasable","16":"product-type-simple"},"acf":[],"_links":{"self":[{"href":"https:\/\/ultrasfactory.com\/pt-pt\/wp-json\/wp\/v2\/product\/60965","targetHints":{"allow":["GET"]}}],"collection":[{"href":"https:\/\/ultrasfactory.com\/pt-pt\/wp-json\/wp\/v2\/product"}],"about":[{"href":"https:\/\/ultrasfactory.com\/pt-pt\/wp-json\/wp\/v2\/types\/product"}],"replies":[{"embeddable":true,"href":"https:\/\/ultrasfactory.com\/pt-pt\/wp-json\/wp\/v2\/comments?post=60965"}],"wp:featuredmedia":[{"embeddable":true,"href":"https:\/\/ultrasfactory.com\/pt-pt\/wp-json\/wp\/v2\/media\/60945"}],"wp:attachment":[{"href":"https:\/\/ultrasfactory.com\/pt-pt\/wp-json\/wp\/v2\/media?parent=60965"}],"wp:term":[{"taxonomy":"product_brand","embeddable":true,"href":"https:\/\/ultrasfactory.com\/pt-pt\/wp-json\/wp\/v2\/product_brand?post=60965"},{"taxonomy":"product_cat","embeddable":true,"href":"https:\/\/ultrasfactory.com\/pt-pt\/wp-json\/wp\/v2\/product_cat?post=60965"},{"taxonomy":"product_tag","embeddable":true,"href":"https:\/\/ultrasfactory.com\/pt-pt\/wp-json\/wp\/v2\/product_tag?post=60965"}],"curies":[{"name":"wp","href":"https:\/\/api.w.org\/{rel}","templated":true}]}}