{"id":60967,"date":"2025-09-05T10:46:46","date_gmt":"2025-09-05T09:46:46","guid":{"rendered":"https:\/\/ultrasfactory.com\/product\/nova-blaze-hqc122s\/"},"modified":"2025-10-31T12:41:39","modified_gmt":"2025-10-31T11:41:39","slug":"nova-blaze-hqc122s","status":"publish","type":"product","link":"https:\/\/ultrasfactory.com\/pt-pt\/product\/nova-blaze-hqc122s\/","title":{"rendered":"Nova Blaze HQC122S"},"content":{"rendered":"<p><iframe loading=\"lazy\" title=\"Reprodutor de v\u00eddeo do YouTube\" src=\"https:\/\/www.youtube.com\/embed\/843KbqAQBoc?si=cPH8G6DqlPL3v4Nw\" width=\"560\" height=\"315\" frameborder=\"0\" allowfullscreen=\"allowfullscreen\"><\/iframe><\/p>\n","protected":false},"excerpt":{"rendered":"<ul>\n<li data-start=\"1104\" data-end=\"1118\">\n<p data-start=\"1106\" data-end=\"1118\">Dispara: 122<\/p>\n<\/li>\n<li data-start=\"1119\" data-end=\"1151\">\n<p data-start=\"1121\" data-end=\"1151\">Calibre: Misto 25 mm \/ 30 mm<\/p>\n<\/li>\n<li data-start=\"1152\" data-end=\"1171\">\n<p data-start=\"1154\" data-end=\"1171\">NEC: ~1.993,6 g<\/p>\n<\/li>\n<li data-start=\"1172\" data-end=\"1206\">\n<p data-start=\"1174\" data-end=\"1206\">Classifica\u00e7\u00e3o: CE F2<\/p>\n<\/li>\n<li data-start=\"1207\" data-end=\"1331\">\n<p data-start=\"1209\" data-end=\"1331\">Dura\u00e7\u00e3o: ~70 s<br data-start=\"1224\" data-end=\"1227\"><strong data-start=\"1227\" data-end=\"1240\">Ideal para<\/strong>: Exibi\u00e7\u00f5es prolongadas e de grande impacto; \u00e9 uma pe\u00e7a central em qualquer espet\u00e1culo de fogo de artif\u00edcio.<\/p>\n<\/li>\n<li data-start=\"1207\" data-end=\"1331\">Desencadeia o <strong data-start=\"1382\" data-end=\"1396\">Nova Blaze &#8211; um<\/strong>juggernaut de 122 disparos que lan\u00e7a raios de luz explosiva para o c\u00e9u ao longo de um espet\u00e1culo arrebatador de 70 segundos. Com quase 2 kg de pot\u00eancia pirot\u00e9cnica e uma mistura inteligente de tubos, cria uma din\u00e2mica implac\u00e1vel, culminando num crescendo de cortar a respira\u00e7\u00e3o, ideal para grandes celebra\u00e7\u00f5es ou finais inesquec\u00edveis.<\/li>\n<\/ul>\n","protected":false},"featured_media":60958,"comment_status":"closed","ping_status":"closed","template":"","meta":{"_acf_changed":false},"product_brand":[],"product_cat":[477,495],"product_tag":[],"class_list":{"0":"post-60967","1":"product","2":"type-product","3":"status-publish","4":"has-post-thumbnail","6":"product_cat-baterias","7":"product_cat-promocao","8":"pa_brandx-pyro-shine","10":"first","11":"outofstock","12":"sale","13":"taxable","14":"shipping-taxable","15":"purchasable","16":"product-type-simple"},"acf":[],"_links":{"self":[{"href":"https:\/\/ultrasfactory.com\/pt-pt\/wp-json\/wp\/v2\/product\/60967","targetHints":{"allow":["GET"]}}],"collection":[{"href":"https:\/\/ultrasfactory.com\/pt-pt\/wp-json\/wp\/v2\/product"}],"about":[{"href":"https:\/\/ultrasfactory.com\/pt-pt\/wp-json\/wp\/v2\/types\/product"}],"replies":[{"embeddable":true,"href":"https:\/\/ultrasfactory.com\/pt-pt\/wp-json\/wp\/v2\/comments?post=60967"}],"wp:featuredmedia":[{"embeddable":true,"href":"https:\/\/ultrasfactory.com\/pt-pt\/wp-json\/wp\/v2\/media\/60958"}],"wp:attachment":[{"href":"https:\/\/ultrasfactory.com\/pt-pt\/wp-json\/wp\/v2\/media?parent=60967"}],"wp:term":[{"taxonomy":"product_brand","embeddable":true,"href":"https:\/\/ultrasfactory.com\/pt-pt\/wp-json\/wp\/v2\/product_brand?post=60967"},{"taxonomy":"product_cat","embeddable":true,"href":"https:\/\/ultrasfactory.com\/pt-pt\/wp-json\/wp\/v2\/product_cat?post=60967"},{"taxonomy":"product_tag","embeddable":true,"href":"https:\/\/ultrasfactory.com\/pt-pt\/wp-json\/wp\/v2\/product_tag?post=60967"}],"curies":[{"name":"wp","href":"https:\/\/api.w.org\/{rel}","templated":true}]}}