{"id":60970,"date":"2025-09-05T10:49:33","date_gmt":"2025-09-05T09:49:33","guid":{"rendered":"https:\/\/ultrasfactory.com\/product\/detonacao-radiante-hqc104s\/"},"modified":"2025-10-28T14:46:29","modified_gmt":"2025-10-28T13:46:29","slug":"detonacao-radiante-hqc104s","status":"publish","type":"product","link":"https:\/\/ultrasfactory.com\/pt-pt\/product\/detonacao-radiante-hqc104s\/","title":{"rendered":"Detona\u00e7\u00e3o radiante HQC104S"},"content":{"rendered":"<p><iframe loading=\"lazy\" title=\"Reprodutor de v\u00eddeo do YouTube\" src=\"https:\/\/www.youtube.com\/embed\/YmVpULc6SIg?si=lLlOYX_STdvY7u3U\" width=\"560\" height=\"315\" frameborder=\"0\" allowfullscreen=\"allowfullscreen\"><\/iframe><\/p>\n","protected":false},"excerpt":{"rendered":"<ul>\n<li data-start=\"2050\" data-end=\"2094\">\n<p data-start=\"2052\" data-end=\"2094\">Dispara: 104 (calibres mistos: 19\/25\/30 mm)<\/p>\n<\/li>\n<li data-start=\"2095\" data-end=\"2112\">\n<p data-start=\"2097\" data-end=\"2112\">NEC: ~1,986 g<\/p>\n<\/li>\n<li data-start=\"2113\" data-end=\"2132\">\n<p data-start=\"2115\" data-end=\"2132\">Dura\u00e7\u00e3o: ~72 s<\/p>\n<\/li>\n<li data-start=\"2133\" data-end=\"2157\">\n<p data-start=\"2135\" data-end=\"2157\">Classifica\u00e7\u00e3o: F2<\/p>\n<\/li>\n<li data-start=\"2158\" data-end=\"2306\">\n<p data-start=\"2160\" data-end=\"2306\">Efeitos: Sequ\u00eancias em leque, rectas e mistas com caudas de spinner, explos\u00f5es coloridas de d\u00e1lia e brocado, cascatas de salgueiro de tit\u00e2nio com infus\u00e3o de estrobosc\u00f3pio<\/p>\n<\/li>\n<li data-start=\"2307\" data-end=\"2376\">\n<p data-start=\"2309\" data-end=\"2376\">Utiliza\u00e7\u00e3o ideal: Composto de centro de mesa para uma cobertura prolongada e de grande impacto<\/p>\n<\/li>\n<\/ul>\n<p>Prepara-te para <strong data-start=\"2427\" data-end=\"2449\">Radiant Detonation &#8211; uma<\/strong>pot\u00eancia de 104 disparos que comanda o c\u00e9u durante mais de 70 segundos de arte explosiva. Com cerca de 2 kg de for\u00e7a pirot\u00e9cnica e uma mistura din\u00e2mica de spinners, d\u00e1lias, brocados, estrobosc\u00f3pios e salgueiros de tit\u00e2nio, este composto proporciona profundidade, intensidade e uma variedade de espet\u00e1culo em perfeita harmonia. <\/p>\n","protected":false},"featured_media":60946,"comment_status":"closed","ping_status":"closed","template":"","meta":{"_acf_changed":false},"product_brand":[],"product_cat":[477,495],"product_tag":[],"class_list":{"0":"post-60970","1":"product","2":"type-product","3":"status-publish","4":"has-post-thumbnail","6":"product_cat-baterias","7":"product_cat-promocao","8":"pa_brandx-pyro-shine","10":"first","11":"outofstock","12":"sale","13":"taxable","14":"shipping-taxable","15":"purchasable","16":"product-type-simple"},"acf":[],"_links":{"self":[{"href":"https:\/\/ultrasfactory.com\/pt-pt\/wp-json\/wp\/v2\/product\/60970","targetHints":{"allow":["GET"]}}],"collection":[{"href":"https:\/\/ultrasfactory.com\/pt-pt\/wp-json\/wp\/v2\/product"}],"about":[{"href":"https:\/\/ultrasfactory.com\/pt-pt\/wp-json\/wp\/v2\/types\/product"}],"replies":[{"embeddable":true,"href":"https:\/\/ultrasfactory.com\/pt-pt\/wp-json\/wp\/v2\/comments?post=60970"}],"wp:featuredmedia":[{"embeddable":true,"href":"https:\/\/ultrasfactory.com\/pt-pt\/wp-json\/wp\/v2\/media\/60946"}],"wp:attachment":[{"href":"https:\/\/ultrasfactory.com\/pt-pt\/wp-json\/wp\/v2\/media?parent=60970"}],"wp:term":[{"taxonomy":"product_brand","embeddable":true,"href":"https:\/\/ultrasfactory.com\/pt-pt\/wp-json\/wp\/v2\/product_brand?post=60970"},{"taxonomy":"product_cat","embeddable":true,"href":"https:\/\/ultrasfactory.com\/pt-pt\/wp-json\/wp\/v2\/product_cat?post=60970"},{"taxonomy":"product_tag","embeddable":true,"href":"https:\/\/ultrasfactory.com\/pt-pt\/wp-json\/wp\/v2\/product_tag?post=60970"}],"curies":[{"name":"wp","href":"https:\/\/api.w.org\/{rel}","templated":true}]}}