{"id":61074,"date":"2025-07-24T13:26:23","date_gmt":"2025-07-24T12:26:23","guid":{"rendered":"https:\/\/ultrasfactory.com\/product\/vortex-3-hf2243\/"},"modified":"2025-10-28T14:47:24","modified_gmt":"2025-10-28T13:47:24","slug":"vortex-3-hf2243","status":"publish","type":"product","link":"https:\/\/ultrasfactory.com\/pt-pt\/product\/vortex-3-hf2243\/","title":{"rendered":"Vortex 3 HF2243"},"content":{"rendered":"<p><iframe loading=\"lazy\" title=\"Reprodutor de v\u00eddeo do YouTube\" src=\"https:\/\/www.youtube.com\/embed\/zZIJ7h5VSnA?si=ybizhj19lrF8XvNm\" width=\"560\" height=\"315\" frameborder=\"0\" allowfullscreen=\"allowfullscreen\"><\/iframe><\/p>\n<p data-start=\"666\" data-end=\"992\"><strong data-start=\"666\" data-end=\"678\">O Vortex 3<\/strong> da <strong data-start=\"682\" data-end=\"692\">Riakeo<\/strong> \u00e9 um bolo potente e compacto que te d\u00e1 um grande impacto. Com <g id=\"gid_2\">25 disparos diretos<\/g> e um <g id=\"gid_3\">calibre de 30 mm<\/g>, este fogo de artif\u00edcio proporciona um espet\u00e1culo a\u00e9reo arrojado que dura cerca de <g id=\"gid_4\">30 segundos<\/g>. Gra\u00e7as ao seu elevado <strong data-start=\"902\" data-end=\"930\">teor de NEC (500 gramas)<\/strong>, cada disparo \u00e9 brilhante, volumoso e de cor vibrante.  <\/p>\n<p data-start=\"994\" data-end=\"1318\">Desde a primeira igni\u00e7\u00e3o, o Vortex 3 lan\u00e7a caudas douradas que explodem em enormes <strong data-start=\"1076\" data-end=\"1093\">coroas douradas<\/strong>, seguidas de <strong data-start=\"1107\" data-end=\"1130\">explos\u00f5es ao estilo das d\u00e1lias<\/strong> em vermelho profundo, verde esmeralda, azul el\u00e9trico, amarelo lim\u00e3o e violeta. O ritmo de disparo \u00e9 apertado e consistente, dando o efeito de um espet\u00e1culo de n\u00edvel profissional num \u00fanico dispositivo de igni\u00e7\u00e3o. <\/p>\n<p data-start=\"1320\" data-end=\"1551\">Este bolo \u00e9 perfeito tanto para eventos privados como para exibi\u00e7\u00f5es semi-profissionais. Quer seja utilizado como pe\u00e7a central ou como parte complementar de uma sequ\u00eancia maior, <strong data-start=\"1473\" data-end=\"1485\">o Vortex 3<\/strong> acrescenta ousadia, estrutura e efeitos de primeira qualidade a qualquer celebra\u00e7\u00e3o. <\/p>\n","protected":false},"excerpt":{"rendered":"<p data-start=\"166\" data-end=\"195\"><strong data-start=\"166\" data-end=\"193\">Riakeo Vortex 3 HF-2243<\/strong><\/p>\n<ul data-start=\"196\" data-end=\"525\">\n<li data-start=\"196\" data-end=\"213\">\n<p data-start=\"198\" data-end=\"213\"><strong data-start=\"198\" data-end=\"207\">Dispara<\/strong>: 25<\/p>\n<\/li>\n<li data-start=\"214\" data-end=\"236\">\n<p data-start=\"216\" data-end=\"236\"><strong data-start=\"216\" data-end=\"227\">Calibre<\/strong>: 30 mm<\/p>\n<\/li>\n<li data-start=\"237\" data-end=\"255\">\n<p data-start=\"239\" data-end=\"255\"><strong data-start=\"239\" data-end=\"246\">NEC<\/strong>: 500 g<\/p>\n<\/li>\n<li data-start=\"256\" data-end=\"285\">\n<p data-start=\"258\" data-end=\"285\"><strong data-start=\"258\" data-end=\"270\">Dura\u00e7\u00e3o<\/strong>: ~30 segundos<\/p>\n<\/li>\n<li data-start=\"286\" data-end=\"318\">\n<p data-start=\"288\" data-end=\"318\"><strong data-start=\"288\" data-end=\"306\">Padr\u00e3o de disparo<\/strong>: Direto<\/p>\n<\/li>\n<li data-start=\"319\" data-end=\"349\">\n<p data-start=\"321\" data-end=\"349\"><strong data-start=\"321\" data-end=\"333\">Categoria<\/strong>: CE F2 | 1.3G<\/p>\n<\/li>\n<li data-start=\"350\" data-end=\"376\">\n<p data-start=\"352\" data-end=\"376\"><strong data-start=\"352\" data-end=\"362\">Altura<\/strong>: at\u00e9 35 m<\/p>\n<\/li>\n<li data-start=\"377\" data-end=\"525\">\n<p data-start=\"379\" data-end=\"525\"><strong data-start=\"379\" data-end=\"391\">Acende<\/strong>: 1 mecha<br data-start=\"399\" data-end=\"402\">Fogo de artif\u00edcio compacto e de grande impacto com efeitos dourados e multicoloridos. Ideal para usar no quintal ou em pequenas sequ\u00eancias profissionais. <\/p>\n<\/li>\n<\/ul>\n","protected":false},"featured_media":61076,"comment_status":"closed","ping_status":"closed","template":"","meta":{"_acf_changed":false},"product_brand":[],"product_cat":[477,495],"product_tag":[651],"class_list":{"0":"post-61074","1":"product","2":"type-product","3":"status-publish","4":"has-post-thumbnail","6":"product_cat-baterias","7":"product_cat-promocao","8":"product_tag-riakeo","9":"pa_brandx-riakeo","11":"first","12":"instock","13":"sale","14":"taxable","15":"shipping-taxable","16":"purchasable","17":"product-type-simple"},"acf":[],"_links":{"self":[{"href":"https:\/\/ultrasfactory.com\/pt-pt\/wp-json\/wp\/v2\/product\/61074","targetHints":{"allow":["GET"]}}],"collection":[{"href":"https:\/\/ultrasfactory.com\/pt-pt\/wp-json\/wp\/v2\/product"}],"about":[{"href":"https:\/\/ultrasfactory.com\/pt-pt\/wp-json\/wp\/v2\/types\/product"}],"replies":[{"embeddable":true,"href":"https:\/\/ultrasfactory.com\/pt-pt\/wp-json\/wp\/v2\/comments?post=61074"}],"wp:featuredmedia":[{"embeddable":true,"href":"https:\/\/ultrasfactory.com\/pt-pt\/wp-json\/wp\/v2\/media\/61076"}],"wp:attachment":[{"href":"https:\/\/ultrasfactory.com\/pt-pt\/wp-json\/wp\/v2\/media?parent=61074"}],"wp:term":[{"taxonomy":"product_brand","embeddable":true,"href":"https:\/\/ultrasfactory.com\/pt-pt\/wp-json\/wp\/v2\/product_brand?post=61074"},{"taxonomy":"product_cat","embeddable":true,"href":"https:\/\/ultrasfactory.com\/pt-pt\/wp-json\/wp\/v2\/product_cat?post=61074"},{"taxonomy":"product_tag","embeddable":true,"href":"https:\/\/ultrasfactory.com\/pt-pt\/wp-json\/wp\/v2\/product_tag?post=61074"}],"curies":[{"name":"wp","href":"https:\/\/api.w.org\/{rel}","templated":true}]}}