{"id":61078,"date":"2025-07-24T13:37:35","date_gmt":"2025-07-24T12:37:35","guid":{"rendered":"https:\/\/ultrasfactory.com\/product\/fonte-de-palco-txf227\/"},"modified":"2025-10-28T14:47:26","modified_gmt":"2025-10-28T13:47:26","slug":"fonte-de-palco-txf227","status":"publish","type":"product","link":"https:\/\/ultrasfactory.com\/pt-pt\/product\/fonte-de-palco-txf227\/","title":{"rendered":"Fonte de palco TXF227"},"content":{"rendered":"<p><iframe loading=\"lazy\" title=\"Reprodutor de v\u00eddeo do YouTube\" src=\"https:\/\/www.youtube.com\/embed\/YhAtdBoeDQA?si=7W2waIgJ95IaONWR\" width=\"560\" height=\"315\" frameborder=\"0\" allowfullscreen=\"allowfullscreen\"><\/iframe><\/p>\n<p><span class=\"relative -mx-px my-[-0.2rem] rounded px-px py-[0.2rem] transition-colors duration-100 ease-in-out\">A TXF227 \u00e9 uma fonte de palco el\u00e9ctrica prateada fabricada pela Triplex, concebida para produzir um jato cont\u00ednuo de fa\u00edscas prateadas frias.<\/span> <span class=\"relative -mx-px my-[-0.2rem] rounded px-px py-[0.2rem] transition-colors duration-100 ease-in-out\">\u00c9 normalmente utilizado em eventos interiores e exteriores, incluindo casamentos, festas e espect\u00e1culos teatrais.<\/span><\/p>\n<p>&nbsp;<\/p>\n<p>&nbsp;<\/p>\n","protected":false},"excerpt":{"rendered":"<ul>\n<li data-start=\"137\" data-end=\"188\">\n<p data-start=\"139\" data-end=\"188\"><strong data-start=\"139\" data-end=\"149\">Efeito<\/strong>: <span class=\"relative -mx-px my-[-0.2rem] rounded px-px py-[0.2rem] transition-colors duration-100 ease-in-out\">Fonte de fa\u00edscas prateadas<\/span><\/p>\n<\/li>\n<li data-start=\"189\" data-end=\"242\">\n<p data-start=\"191\" data-end=\"242\"><strong data-start=\"191\" data-end=\"201\">Altura<\/strong>: <span class=\"relative -mx-px my-[-0.2rem] rounded px-px py-[0.2rem] transition-colors duration-100 ease-in-out\">At\u00e9 1,5 metros<\/span><\/p>\n<\/li>\n<li data-start=\"243\" data-end=\"298\">\n<p data-start=\"245\" data-end=\"298\"><strong data-start=\"245\" data-end=\"257\">Dura\u00e7\u00e3o<\/strong>: <span class=\"relative -mx-px my-[-0.2rem] rounded px-px py-[0.2rem] transition-colors duration-100 ease-in-out\">Aproximadamente 40 segundos<\/span><\/p>\n<\/li>\n<li data-start=\"299\" data-end=\"354\">\n<p data-start=\"301\" data-end=\"354\"><strong data-start=\"301\" data-end=\"313\">Igni\u00e7\u00e3o<\/strong>: <span class=\"relative -mx-px my-[-0.2rem] rounded px-px py-[0.2rem] transition-colors duration-100 ease-in-out\">Igni\u00e7\u00e3o el\u00e9ctrica (por exemplo, bateria de 9V ou sistema de igni\u00e7\u00e3o \u00e0 dist\u00e2ncia)<\/span><\/p>\n<\/li>\n<li data-start=\"355\" data-end=\"410\">\n<p data-start=\"357\" data-end=\"410\"><strong data-start=\"357\" data-end=\"369\">Categoria<\/strong>: <span class=\"relative -mx-px my-[-0.2rem] rounded px-px py-[0.2rem] transition-colors duration-100 ease-in-out\">CE T1<\/span><\/p>\n<\/li>\n<li data-start=\"411\" data-end=\"474\">\n<p data-start=\"413\" data-end=\"474\"><strong data-start=\"413\" data-end=\"433\">Peso do p\u00f3<\/strong>: <span class=\"relative -mx-px my-[-0.2rem] rounded px-px py-[0.2rem] transition-colors duration-100 ease-in-out\">45 gramas<\/span><\/p>\n<\/li>\n<\/ul>\n","protected":false},"featured_media":60436,"comment_status":"closed","ping_status":"closed","template":"","meta":{"_acf_changed":false},"product_brand":[],"product_cat":[475],"product_tag":[],"class_list":{"0":"post-61078","1":"product","2":"type-product","3":"status-publish","4":"has-post-thumbnail","6":"product_cat-fontes","8":"first","9":"outofstock","10":"taxable","11":"shipping-taxable","12":"purchasable","13":"product-type-simple"},"acf":[],"_links":{"self":[{"href":"https:\/\/ultrasfactory.com\/pt-pt\/wp-json\/wp\/v2\/product\/61078","targetHints":{"allow":["GET"]}}],"collection":[{"href":"https:\/\/ultrasfactory.com\/pt-pt\/wp-json\/wp\/v2\/product"}],"about":[{"href":"https:\/\/ultrasfactory.com\/pt-pt\/wp-json\/wp\/v2\/types\/product"}],"replies":[{"embeddable":true,"href":"https:\/\/ultrasfactory.com\/pt-pt\/wp-json\/wp\/v2\/comments?post=61078"}],"wp:featuredmedia":[{"embeddable":true,"href":"https:\/\/ultrasfactory.com\/pt-pt\/wp-json\/wp\/v2\/media\/60436"}],"wp:attachment":[{"href":"https:\/\/ultrasfactory.com\/pt-pt\/wp-json\/wp\/v2\/media?parent=61078"}],"wp:term":[{"taxonomy":"product_brand","embeddable":true,"href":"https:\/\/ultrasfactory.com\/pt-pt\/wp-json\/wp\/v2\/product_brand?post=61078"},{"taxonomy":"product_cat","embeddable":true,"href":"https:\/\/ultrasfactory.com\/pt-pt\/wp-json\/wp\/v2\/product_cat?post=61078"},{"taxonomy":"product_tag","embeddable":true,"href":"https:\/\/ultrasfactory.com\/pt-pt\/wp-json\/wp\/v2\/product_tag?post=61078"}],"curies":[{"name":"wp","href":"https:\/\/api.w.org\/{rel}","templated":true}]}}