{"id":61080,"date":"2025-07-24T13:16:38","date_gmt":"2025-07-24T12:16:38","guid":{"rendered":"https:\/\/ultrasfactory.com\/product\/vamos-fazer-isto-hf-48-2359\/"},"modified":"2025-10-28T14:47:27","modified_gmt":"2025-10-28T13:47:27","slug":"vamos-fazer-isto-hf-48-2359","status":"publish","type":"product","link":"https:\/\/ultrasfactory.com\/pt-pt\/product\/vamos-fazer-isto-hf-48-2359\/","title":{"rendered":"Vamos fazer isto HF-48-2359"},"content":{"rendered":"<p><iframe loading=\"lazy\" title=\"Reprodutor de v\u00eddeo do YouTube\" src=\"https:\/\/www.youtube.com\/embed\/k_6IeuFdUuE?si=jk9joq4Us96Q6_LR\" width=\"560\" height=\"315\" frameborder=\"0\" allowfullscreen=\"allowfullscreen\"><\/iframe><\/p>\n<h3 data-start=\"126\" data-end=\"206\"><strong data-start=\"133\" data-end=\"206\">Riakeo HF-48-2359 &#8220;Vamos fazer isto!&#8221; &#8211; 48 fotos | 30 mm | Bolo composto<\/strong><\/h3>\n<p data-start=\"208\" data-end=\"521\">Prepara-te para um espet\u00e1culo de alta energia com o <strong data-start=\"257\" data-end=\"277\">&#8220;Let&#8217;s Do This!&#8221;<\/strong> da <strong data-start=\"281\" data-end=\"291\">Riakeo<\/strong> &#8211; um poderoso <strong data-start=\"305\" data-end=\"330\">bolo composto de 48 tiros<\/strong> concebido para efeitos arrojados numa configura\u00e7\u00e3o compacta. Com tubos <strong data-start=\"382\" data-end=\"399\">de calibre 30 mm<\/strong> e quase <strong data-start=\"417\" data-end=\"447\">1 kg de material explosivo<\/strong>, este fogo de artif\u00edcio proporciona um espet\u00e1culo inesquec\u00edvel no c\u00e9u em apenas <strong data-start=\"506\" data-end=\"520\">30 segundos<\/strong>. <\/p>\n<h3 data-start=\"903\" data-end=\"928\"><strong data-start=\"909\" data-end=\"928\">Efeitos Visuais:<\/strong><\/h3>\n<ul data-start=\"930\" data-end=\"1138\">\n<li data-start=\"930\" data-end=\"987\">\n<p data-start=\"932\" data-end=\"987\"><strong data-start=\"939\" data-end=\"955\">Caudas douradas<\/strong> brilhantes que se elevam em <strong data-start=\"968\" data-end=\"985\">rajadas de salgueiro<\/strong><\/p>\n<\/li>\n<li data-start=\"988\" data-end=\"1086\">\n<p data-start=\"990\" data-end=\"1086\"><strong data-start=\"1000\" data-end=\"1022\">Estrelas<\/strong> brilhantes <strong data-start=\"1000\" data-end=\"1022\">estilo d\u00e1lia<\/strong> em cores ricas: roxo, azul, laranja, lim\u00e3o, verde e p\u00eassego<\/p>\n<\/li>\n<li data-start=\"1087\" data-end=\"1138\">\n<p data-start=\"1089\" data-end=\"1138\">Transi\u00e7\u00f5es r\u00e1pidas e limpas e relat\u00f3rios estrondosos<\/p>\n<\/li>\n<\/ul>\n<p>&nbsp;<\/p>\n<h3 data-start=\"1581\" data-end=\"1604\"><strong data-start=\"1588\" data-end=\"1604\">Nota de seguran\u00e7a:<\/strong><\/h3>\n<ul data-start=\"1606\" data-end=\"1779\">\n<li data-start=\"1606\" data-end=\"1626\">\n<p data-start=\"1608\" data-end=\"1626\">Apenas para utiliza\u00e7\u00e3o no exterior<\/p>\n<\/li>\n<li data-start=\"1627\" data-end=\"1659\">\n<p data-start=\"1629\" data-end=\"1659\">Coloca-o num solo plano e est\u00e1vel<\/p>\n<\/li>\n<li data-start=\"1660\" data-end=\"1703\">\n<p data-start=\"1662\" data-end=\"1703\">Mant\u00e9m uma dist\u00e2ncia de seguran\u00e7a (m\u00edn. 25 metros)<\/p>\n<\/li>\n<li data-start=\"1704\" data-end=\"1779\">\n<p data-start=\"1706\" data-end=\"1779\">Apenas para uso adulto &#8211; segue todas as instru\u00e7\u00f5es de seguran\u00e7a e regulamentos locais<\/p>\n<\/li>\n<\/ul>\n","protected":false},"excerpt":{"rendered":"<h2 data-start=\"86\" data-end=\"154\">Riakeo Vamos a isto! HF-48-2359 &#8211; Bolo Composto de 30 mm com 48 disparos <\/h2>\n<p data-start=\"156\" data-end=\"433\"><strong data-start=\"156\" data-end=\"172\">C\u00f3digo do produto<\/strong>: HF-48-2359<br data-start=\"184\" data-end=\"187\"><strong data-start=\"187\" data-end=\"195\">Nome<\/strong>: <em data-start=\"197\" data-end=\"213\">Vamos a isto!<\/em><br data-start=\"213\" data-end=\"216\"><strong data-start=\"216\" data-end=\"232\">Fabricante<\/strong>: Riakeo<br data-start=\"240\" data-end=\"243\"><strong data-start=\"243\" data-end=\"252\">Dispara<\/strong>: 48<br data-start=\"256\" data-end=\"259\"><strong data-start=\"259\" data-end=\"270\">Calibre<\/strong>: 30 mm (1,2\u2033)<br data-start=\"284\" data-end=\"287\"><strong data-start=\"287\" data-end=\"299\">Categoria<\/strong>: CE F2 (1.3G ADR)<br data-start=\"317\" data-end=\"320\"><strong data-start=\"320\" data-end=\"351\">Conte\u00fado explosivo l\u00edquido (NEC)<\/strong>: aprox. 998 g <br data-start=\"366\" data-end=\"369\"><strong data-start=\"369\" data-end=\"381\">Dura\u00e7\u00e3o<\/strong>: ~30 segundos<br data-start=\"394\" data-end=\"397\"><strong data-start=\"397\" data-end=\"415\">Padr\u00e3o de disparo<\/strong>: Tubos rectos<\/p>\n","protected":false},"featured_media":61082,"comment_status":"closed","ping_status":"closed","template":"","meta":{"_acf_changed":false},"product_brand":[],"product_cat":[477,495],"product_tag":[651],"class_list":{"0":"post-61080","1":"product","2":"type-product","3":"status-publish","4":"has-post-thumbnail","6":"product_cat-baterias","7":"product_cat-promocao","8":"product_tag-riakeo","9":"pa_brandx-riakeo","11":"first","12":"outofstock","13":"sale","14":"taxable","15":"shipping-taxable","16":"purchasable","17":"product-type-simple"},"acf":[],"_links":{"self":[{"href":"https:\/\/ultrasfactory.com\/pt-pt\/wp-json\/wp\/v2\/product\/61080","targetHints":{"allow":["GET"]}}],"collection":[{"href":"https:\/\/ultrasfactory.com\/pt-pt\/wp-json\/wp\/v2\/product"}],"about":[{"href":"https:\/\/ultrasfactory.com\/pt-pt\/wp-json\/wp\/v2\/types\/product"}],"replies":[{"embeddable":true,"href":"https:\/\/ultrasfactory.com\/pt-pt\/wp-json\/wp\/v2\/comments?post=61080"}],"wp:featuredmedia":[{"embeddable":true,"href":"https:\/\/ultrasfactory.com\/pt-pt\/wp-json\/wp\/v2\/media\/61082"}],"wp:attachment":[{"href":"https:\/\/ultrasfactory.com\/pt-pt\/wp-json\/wp\/v2\/media?parent=61080"}],"wp:term":[{"taxonomy":"product_brand","embeddable":true,"href":"https:\/\/ultrasfactory.com\/pt-pt\/wp-json\/wp\/v2\/product_brand?post=61080"},{"taxonomy":"product_cat","embeddable":true,"href":"https:\/\/ultrasfactory.com\/pt-pt\/wp-json\/wp\/v2\/product_cat?post=61080"},{"taxonomy":"product_tag","embeddable":true,"href":"https:\/\/ultrasfactory.com\/pt-pt\/wp-json\/wp\/v2\/product_tag?post=61080"}],"curies":[{"name":"wp","href":"https:\/\/api.w.org\/{rel}","templated":true}]}}