{"id":61081,"date":"2025-07-24T13:42:47","date_gmt":"2025-07-24T12:42:47","guid":{"rendered":"https:\/\/ultrasfactory.com\/product\/etapa-foutain-xt1056\/"},"modified":"2025-10-28T14:47:27","modified_gmt":"2025-10-28T13:47:27","slug":"etapa-foutain-xt1056","status":"publish","type":"product","link":"https:\/\/ultrasfactory.com\/pt-pt\/product\/etapa-foutain-xt1056\/","title":{"rendered":"Etapa Foutain XT1056"},"content":{"rendered":"<p><iframe loading=\"lazy\" title=\"Reprodutor de v\u00eddeo do YouTube\" src=\"https:\/\/www.youtube.com\/embed\/AJ8kpWPD-j4?si=MLbuIfNBESlXxOTo\" width=\"560\" height=\"315\" frameborder=\"0\" allowfullscreen=\"allowfullscreen\"><\/iframe><\/p>\n<p data-start=\"139\" data-end=\"485\">A <strong data-start=\"143\" data-end=\"175\">XT1056 Silver Stage Fountain<\/strong> \u00e9 um dispositivo de efeitos especiais excecional, concebido para criar espect\u00e1culos visuais deslumbrantes para v\u00e1rios eventos, como casamentos, eventos empresariais, espect\u00e1culos teatrais e festas. Esta fonte emite belas fa\u00edscas prateadas, atingindo at\u00e9 2 metros de altura, com um efeito cont\u00ednuo que dura 20 segundos. <\/p>\n<p data-start=\"487\" data-end=\"726\">Perfeita para utiliza\u00e7\u00e3o no exterior, esta fonte \u00e9 ideal para criar uma atmosfera elegante e cativante. A XT1056 est\u00e1 classificada na categoria <strong data-start=\"622\" data-end=\"631\">CE T1<\/strong>, garantindo elevados padr\u00f5es de seguran\u00e7a quando utilizada de acordo com as diretrizes fornecidas. <\/p>\n","protected":false},"excerpt":{"rendered":"<ul>\n<li data-start=\"121\" data-end=\"166\">\n<p data-start=\"123\" data-end=\"166\"><strong data-start=\"123\" data-end=\"139\">Fabricante<\/strong>: Triplex Sp. z o.o., sp.k. <\/p>\n<\/li>\n<li data-start=\"167\" data-end=\"186\">\n<p data-start=\"169\" data-end=\"186\"><strong data-start=\"169\" data-end=\"178\">Modelo<\/strong>: XT1056<\/p>\n<\/li>\n<li data-start=\"187\" data-end=\"208\">\n<p data-start=\"189\" data-end=\"208\"><strong data-start=\"189\" data-end=\"201\">Categoria<\/strong>: CE T1<\/p>\n<\/li>\n<li data-start=\"209\" data-end=\"242\">\n<p data-start=\"211\" data-end=\"242\"><strong data-start=\"211\" data-end=\"230\">Dura\u00e7\u00e3o do efeito<\/strong>: 20 segundos<\/p>\n<\/li>\n<li data-start=\"243\" data-end=\"281\">\n<p data-start=\"245\" data-end=\"281\"><strong data-start=\"245\" data-end=\"265\">Altura do efeito<\/strong>: At\u00e9 2 metros<\/p>\n<\/li>\n<li data-start=\"282\" data-end=\"307\">\n<p data-start=\"284\" data-end=\"307\"><strong data-start=\"284\" data-end=\"299\">Spark Cor<\/strong>: Prata<\/p>\n<\/li>\n<li data-start=\"308\" data-end=\"374\">\n<p data-start=\"310\" data-end=\"374\"><strong data-start=\"310\" data-end=\"322\">Igni\u00e7\u00e3o<\/strong>: Apenas com um sistema de igni\u00e7\u00e3o \u00e0 dist\u00e2ncia ou uma pilha de 9V<\/p>\n<\/li>\n<li data-start=\"375\" data-end=\"414\">\n<p data-start=\"377\" data-end=\"414\"><strong data-start=\"377\" data-end=\"404\">Dist\u00e2ncia m\u00ednima de seguran\u00e7a<\/strong>: 8 metros<\/p>\n<\/li>\n<li data-start=\"415\" data-end=\"482\">\n<p data-start=\"417\" data-end=\"482\"><strong data-start=\"417\" data-end=\"432\">Aplica\u00e7\u00e3o<\/strong>: Apenas para utiliza\u00e7\u00e3o no exterior, numa superf\u00edcie n\u00e3o inflam\u00e1vel<\/p>\n<\/li>\n<\/ul>\n","protected":false},"featured_media":60436,"comment_status":"closed","ping_status":"closed","template":"","meta":{"_acf_changed":false},"product_brand":[],"product_cat":[475],"product_tag":[],"class_list":{"0":"post-61081","1":"product","2":"type-product","3":"status-publish","4":"has-post-thumbnail","6":"product_cat-fontes","8":"first","9":"outofstock","10":"taxable","11":"shipping-taxable","12":"purchasable","13":"product-type-simple"},"acf":[],"_links":{"self":[{"href":"https:\/\/ultrasfactory.com\/pt-pt\/wp-json\/wp\/v2\/product\/61081","targetHints":{"allow":["GET"]}}],"collection":[{"href":"https:\/\/ultrasfactory.com\/pt-pt\/wp-json\/wp\/v2\/product"}],"about":[{"href":"https:\/\/ultrasfactory.com\/pt-pt\/wp-json\/wp\/v2\/types\/product"}],"replies":[{"embeddable":true,"href":"https:\/\/ultrasfactory.com\/pt-pt\/wp-json\/wp\/v2\/comments?post=61081"}],"wp:featuredmedia":[{"embeddable":true,"href":"https:\/\/ultrasfactory.com\/pt-pt\/wp-json\/wp\/v2\/media\/60436"}],"wp:attachment":[{"href":"https:\/\/ultrasfactory.com\/pt-pt\/wp-json\/wp\/v2\/media?parent=61081"}],"wp:term":[{"taxonomy":"product_brand","embeddable":true,"href":"https:\/\/ultrasfactory.com\/pt-pt\/wp-json\/wp\/v2\/product_brand?post=61081"},{"taxonomy":"product_cat","embeddable":true,"href":"https:\/\/ultrasfactory.com\/pt-pt\/wp-json\/wp\/v2\/product_cat?post=61081"},{"taxonomy":"product_tag","embeddable":true,"href":"https:\/\/ultrasfactory.com\/pt-pt\/wp-json\/wp\/v2\/product_tag?post=61081"}],"curies":[{"name":"wp","href":"https:\/\/api.w.org\/{rel}","templated":true}]}}