{"id":61100,"date":"2025-07-18T09:52:49","date_gmt":"2025-07-18T08:52:49","guid":{"rendered":"https:\/\/ultrasfactory.com\/product\/suporte-de-metal-30mm\/"},"modified":"2025-10-28T14:47:45","modified_gmt":"2025-10-28T13:47:45","slug":"suporte-de-metal-30mm","status":"publish","type":"product","link":"https:\/\/ultrasfactory.com\/pt-pt\/product\/suporte-de-metal-30mm\/","title":{"rendered":"Suporte de metal 30mm"},"content":{"rendered":"","protected":false},"excerpt":{"rendered":"<div><strong>&#8211; perfeito para utilizar com SM30, SM30 + blink, MG30, MG30F<\/strong><\/div>\n<div><strong>&#8211; constru\u00e7\u00e3o duradoura, mant\u00e9m-se est\u00e1vel<\/strong><\/div>\n<div><strong>&#8211; possibilidade de encomendar quantidades maiores mediante pedido pr\u00e9vio<\/strong><\/div>\n<div><strong>&#8211; possibilidade de fabricar altura e largura individuais de acordo com a encomenda do cliente<\/strong><\/div>\n<div><strong>&#8211; garantia de um espet\u00e1culo seguro<\/strong><\/div>\n<div><strong>&#8211; largura da base 11 cm x 11 cm<\/strong><\/div>\n<div><strong>&#8211; altura do tubo 10 cm<\/strong><\/div>\n<div><strong>&#8211; pesa 400 gramas<\/strong><\/div>\n<div><strong>&#8211; um orif\u00edcio no fundo para permitir a liberta\u00e7\u00e3o da igni\u00e7\u00e3o<\/strong><\/div>\n","protected":false},"featured_media":61103,"comment_status":"closed","ping_status":"closed","template":"","meta":{"_acf_changed":false},"product_brand":[],"product_cat":[476,492],"product_tag":[],"class_list":{"0":"post-61100","1":"product","2":"type-product","3":"status-publish","4":"has-post-thumbnail","6":"product_cat-eventos","7":"product_cat-outro","9":"first","10":"instock","11":"taxable","12":"shipping-taxable","13":"purchasable","14":"product-type-simple"},"acf":[],"_links":{"self":[{"href":"https:\/\/ultrasfactory.com\/pt-pt\/wp-json\/wp\/v2\/product\/61100","targetHints":{"allow":["GET"]}}],"collection":[{"href":"https:\/\/ultrasfactory.com\/pt-pt\/wp-json\/wp\/v2\/product"}],"about":[{"href":"https:\/\/ultrasfactory.com\/pt-pt\/wp-json\/wp\/v2\/types\/product"}],"replies":[{"embeddable":true,"href":"https:\/\/ultrasfactory.com\/pt-pt\/wp-json\/wp\/v2\/comments?post=61100"}],"wp:featuredmedia":[{"embeddable":true,"href":"https:\/\/ultrasfactory.com\/pt-pt\/wp-json\/wp\/v2\/media\/61103"}],"wp:attachment":[{"href":"https:\/\/ultrasfactory.com\/pt-pt\/wp-json\/wp\/v2\/media?parent=61100"}],"wp:term":[{"taxonomy":"product_brand","embeddable":true,"href":"https:\/\/ultrasfactory.com\/pt-pt\/wp-json\/wp\/v2\/product_brand?post=61100"},{"taxonomy":"product_cat","embeddable":true,"href":"https:\/\/ultrasfactory.com\/pt-pt\/wp-json\/wp\/v2\/product_cat?post=61100"},{"taxonomy":"product_tag","embeddable":true,"href":"https:\/\/ultrasfactory.com\/pt-pt\/wp-json\/wp\/v2\/product_tag?post=61100"}],"curies":[{"name":"wp","href":"https:\/\/api.w.org\/{rel}","templated":true}]}}