{"id":61340,"date":"2024-01-11T10:35:32","date_gmt":"2024-01-11T10:35:32","guid":{"rendered":"https:\/\/ultrasfactory.com\/product\/rausz-sfc15614\/"},"modified":"2025-10-28T14:54:18","modified_gmt":"2025-10-28T13:54:18","slug":"rausz-sfc15614","status":"publish","type":"product","link":"https:\/\/ultrasfactory.com\/pt-pt\/product\/rausz-sfc15614\/","title":{"rendered":"Rausz SFC15614"},"content":{"rendered":"<p><iframe loading=\"lazy\" title=\"Reprodutor de v\u00eddeo do YouTube\" src=\"https:\/\/www.youtube.com\/embed\/YeI0XLuu3o8?si=lfyAgG7sKqEFYuet\" width=\"560\" height=\"315\" frameborder=\"0\" allowfullscreen=\"allowfullscreen\"><\/iframe><\/p>\n","protected":false},"excerpt":{"rendered":"<ul>\n<li><strong>61 tiros<\/strong><\/li>\n<li><strong>30 mm<\/strong><\/li>\n<li><strong>NEC: 994,3g<\/strong><\/li>\n<li><strong>EXCLUSIVO<\/strong><\/li>\n<li><strong>Linha Funke \/ Iskra<\/strong><\/li>\n<li><strong>Cauda Vermelha para Coroa Brocada + Estrelas Roxas + Cristais; Cauda Azul para Vermelho Escuro + Seablue + Estrobosc\u00f3pio Branco; Cauda Verde para Palma Dourada + Seablue + Cristais; Cauda Vermelha para D\u00e1lia Roxa + D\u00e1lia Verde + Estrobosc\u00f3pio Vermelho; Cauda Coroa Dourada para Vermelho Escuro + D\u00e1lia Azul + Cristais; Cauda Coroa Brocada para Rei Brocado + Vermelho Escuro + Cristais. + Estrobosc\u00f3pio Branco<\/strong><\/li>\n<\/ul>\n","protected":false},"featured_media":61342,"comment_status":"open","ping_status":"closed","template":"","meta":{"_acf_changed":false},"product_brand":[],"product_cat":[477,495],"product_tag":[560,559,588,601,611,620,648],"class_list":{"0":"post-61340","1":"product","2":"type-product","3":"status-publish","4":"has-post-thumbnail","6":"product_cat-baterias","7":"product_cat-promocao","8":"product_tag-bateria","9":"product_tag-baterias-2","10":"product_tag-exclusivo","11":"product_tag-fogos-de-artificio-2","12":"product_tag-funk","13":"product_tag-iskralina","14":"product_tag-pyro","15":"pa_brandx-iskra-line","17":"first","18":"instock","19":"sale","20":"taxable","21":"shipping-taxable","22":"purchasable","23":"product-type-simple"},"acf":[],"_links":{"self":[{"href":"https:\/\/ultrasfactory.com\/pt-pt\/wp-json\/wp\/v2\/product\/61340","targetHints":{"allow":["GET"]}}],"collection":[{"href":"https:\/\/ultrasfactory.com\/pt-pt\/wp-json\/wp\/v2\/product"}],"about":[{"href":"https:\/\/ultrasfactory.com\/pt-pt\/wp-json\/wp\/v2\/types\/product"}],"replies":[{"embeddable":true,"href":"https:\/\/ultrasfactory.com\/pt-pt\/wp-json\/wp\/v2\/comments?post=61340"}],"wp:featuredmedia":[{"embeddable":true,"href":"https:\/\/ultrasfactory.com\/pt-pt\/wp-json\/wp\/v2\/media\/61342"}],"wp:attachment":[{"href":"https:\/\/ultrasfactory.com\/pt-pt\/wp-json\/wp\/v2\/media?parent=61340"}],"wp:term":[{"taxonomy":"product_brand","embeddable":true,"href":"https:\/\/ultrasfactory.com\/pt-pt\/wp-json\/wp\/v2\/product_brand?post=61340"},{"taxonomy":"product_cat","embeddable":true,"href":"https:\/\/ultrasfactory.com\/pt-pt\/wp-json\/wp\/v2\/product_cat?post=61340"},{"taxonomy":"product_tag","embeddable":true,"href":"https:\/\/ultrasfactory.com\/pt-pt\/wp-json\/wp\/v2\/product_tag?post=61340"}],"curies":[{"name":"wp","href":"https:\/\/api.w.org\/{rel}","templated":true}]}}