{"id":61413,"date":"2024-01-11T10:35:47","date_gmt":"2024-01-11T10:35:47","guid":{"rendered":"https:\/\/ultrasfactory.com\/product\/werwa-sfc15612\/"},"modified":"2025-10-28T14:55:04","modified_gmt":"2025-10-28T13:55:04","slug":"werwa-sfc15612","status":"publish","type":"product","link":"https:\/\/ultrasfactory.com\/pt-pt\/product\/werwa-sfc15612\/","title":{"rendered":"Werwa SFC15612"},"content":{"rendered":"<p><iframe loading=\"lazy\" title=\"Reprodutor de v\u00eddeo do YouTube\" src=\"https:\/\/www.youtube.com\/embed\/FPGT2RhUkuY?si=5XAgqcZL09zO4eQM\" width=\"560\" height=\"315\" frameborder=\"0\" allowfullscreen=\"allowfullscreen\"><\/iframe><\/p>\n","protected":false},"excerpt":{"rendered":"<ul>\n<li><strong>61 tiros<\/strong><\/li>\n<li><strong>30 mm<\/strong><\/li>\n<li><strong>Funke<\/strong><\/li>\n<li><strong>NEC: 994,3g<\/strong><\/li>\n<li><strong>efeitos: Cauda Verde para Estrelas Roxas + Estrelas Verdes + Cristais; Cauda Azul para Seablue + Vermelho Sangue + Estrobosc\u00f3pio Branco; Cauda Verde para Palma Roxa + Estrelas Amarelas + Estrobosc\u00f3pio Verde; Cauda Vermelha para Salgueiro Ondulante + Estrelas Roxas + Estrelas Verdes + Estrobosc\u00f3pio Vermelho; Cauda Verde para Onda Crepitante + D\u00e1lia Vermelha + D\u00e1lia Verde<\/strong><\/li>\n<\/ul>\n","protected":false},"featured_media":61418,"comment_status":"open","ping_status":"closed","template":"","meta":{"_acf_changed":false},"product_brand":[],"product_cat":[477,495],"product_tag":[507,560,559,525,601,611,621,648],"class_list":{"0":"post-61413","1":"product","2":"type-product","3":"status-publish","4":"has-post-thumbnail","6":"product_cat-baterias","7":"product_cat-promocao","8":"product_tag-30mm","9":"product_tag-bateria","10":"product_tag-baterias-2","11":"product_tag-feuerwerk","12":"product_tag-fogos-de-artificio-2","13":"product_tag-funk","14":"product_tag-linha-iskra","15":"product_tag-pyro","16":"pa_brandx-iskra-line","18":"first","19":"outofstock","20":"sale","21":"taxable","22":"shipping-taxable","23":"purchasable","24":"product-type-simple"},"acf":[],"_links":{"self":[{"href":"https:\/\/ultrasfactory.com\/pt-pt\/wp-json\/wp\/v2\/product\/61413","targetHints":{"allow":["GET"]}}],"collection":[{"href":"https:\/\/ultrasfactory.com\/pt-pt\/wp-json\/wp\/v2\/product"}],"about":[{"href":"https:\/\/ultrasfactory.com\/pt-pt\/wp-json\/wp\/v2\/types\/product"}],"replies":[{"embeddable":true,"href":"https:\/\/ultrasfactory.com\/pt-pt\/wp-json\/wp\/v2\/comments?post=61413"}],"wp:featuredmedia":[{"embeddable":true,"href":"https:\/\/ultrasfactory.com\/pt-pt\/wp-json\/wp\/v2\/media\/61418"}],"wp:attachment":[{"href":"https:\/\/ultrasfactory.com\/pt-pt\/wp-json\/wp\/v2\/media?parent=61413"}],"wp:term":[{"taxonomy":"product_brand","embeddable":true,"href":"https:\/\/ultrasfactory.com\/pt-pt\/wp-json\/wp\/v2\/product_brand?post=61413"},{"taxonomy":"product_cat","embeddable":true,"href":"https:\/\/ultrasfactory.com\/pt-pt\/wp-json\/wp\/v2\/product_cat?post=61413"},{"taxonomy":"product_tag","embeddable":true,"href":"https:\/\/ultrasfactory.com\/pt-pt\/wp-json\/wp\/v2\/product_tag?post=61413"}],"curies":[{"name":"wp","href":"https:\/\/api.w.org\/{rel}","templated":true}]}}