{"id":61586,"date":"2024-01-11T10:35:44","date_gmt":"2024-01-11T10:35:44","guid":{"rendered":"https:\/\/ultrasfactory.com\/product\/foguete-pirotecnico-albatross\/"},"modified":"2025-10-28T14:56:34","modified_gmt":"2025-10-28T13:56:34","slug":"foguete-pirotecnico-albatross","status":"publish","type":"product","link":"https:\/\/ultrasfactory.com\/pt-pt\/product\/foguete-pirotecnico-albatross\/","title":{"rendered":"Foguete pirot\u00e9cnico Albatross"},"content":{"rendered":"<p><iframe loading=\"lazy\" title=\"ALBATROSS PYRO FLARE | ULTRASFACTORY.COM\" width=\"563\" height=\"1000\" src=\"https:\/\/www.youtube.com\/embed\/QMak14WRzAs?feature=oembed\" frameborder=\"0\" allow=\"accelerometer; autoplay; clipboard-write; encrypted-media; gyroscope; picture-in-picture; web-share\" referrerpolicy=\"strict-origin-when-cross-origin\" allowfullscreen><\/iframe><\/p>\n<p>&nbsp;<\/p>\n","protected":false},"excerpt":{"rendered":"<ul>\n<li><strong>15.000 Candela<\/strong><\/li>\n<li><strong>Foguete de m\u00e3o vermelho<\/strong><\/li>\n<li class=\"col-5 spec-type pl-0\"><strong>Tempo de combust\u00e3o: 60 segundos<\/strong><\/li>\n<li><strong>O sinalizador mais forte do mercado<\/strong><\/li>\n<li><strong>M\u00e9todo de igni\u00e7\u00e3o Acendedor de fio de puxar superior<\/strong><\/li>\n<li><strong>Albatroz<\/strong><\/li>\n<\/ul>\n<div class=\"col-7 spec-data\"><\/div>\n","protected":false},"featured_media":61590,"comment_status":"open","ping_status":"closed","template":"","meta":{"_acf_changed":false},"product_brand":[],"product_cat":[488],"product_tag":[549,551,603,648,604],"class_list":{"0":"post-61586","1":"product","2":"type-product","3":"status-publish","4":"has-post-thumbnail","6":"product_cat-sinalizadores","7":"product_tag-alba","8":"product_tag-albatroz","9":"product_tag-flare","10":"product_tag-pyro","11":"product_tag-sinalizadores","13":"first","14":"outofstock","15":"taxable","16":"shipping-taxable","17":"purchasable","18":"product-type-simple"},"acf":[],"_links":{"self":[{"href":"https:\/\/ultrasfactory.com\/pt-pt\/wp-json\/wp\/v2\/product\/61586","targetHints":{"allow":["GET"]}}],"collection":[{"href":"https:\/\/ultrasfactory.com\/pt-pt\/wp-json\/wp\/v2\/product"}],"about":[{"href":"https:\/\/ultrasfactory.com\/pt-pt\/wp-json\/wp\/v2\/types\/product"}],"replies":[{"embeddable":true,"href":"https:\/\/ultrasfactory.com\/pt-pt\/wp-json\/wp\/v2\/comments?post=61586"}],"wp:featuredmedia":[{"embeddable":true,"href":"https:\/\/ultrasfactory.com\/pt-pt\/wp-json\/wp\/v2\/media\/61590"}],"wp:attachment":[{"href":"https:\/\/ultrasfactory.com\/pt-pt\/wp-json\/wp\/v2\/media?parent=61586"}],"wp:term":[{"taxonomy":"product_brand","embeddable":true,"href":"https:\/\/ultrasfactory.com\/pt-pt\/wp-json\/wp\/v2\/product_brand?post=61586"},{"taxonomy":"product_cat","embeddable":true,"href":"https:\/\/ultrasfactory.com\/pt-pt\/wp-json\/wp\/v2\/product_cat?post=61586"},{"taxonomy":"product_tag","embeddable":true,"href":"https:\/\/ultrasfactory.com\/pt-pt\/wp-json\/wp\/v2\/product_tag?post=61586"}],"curies":[{"name":"wp","href":"https:\/\/api.w.org\/{rel}","templated":true}]}}