{"id":61624,"date":"2024-01-11T10:35:13","date_gmt":"2024-01-11T10:35:13","guid":{"rendered":"https:\/\/ultrasfactory.com\/product\/potwor-50mm-ic50-25-7\/"},"modified":"2025-10-28T14:57:01","modified_gmt":"2025-10-28T13:57:01","slug":"potwor-50mm-ic50-25-7","status":"publish","type":"product","link":"https:\/\/ultrasfactory.com\/pt-pt\/product\/potwor-50mm-ic50-25-7\/","title":{"rendered":"Potwor 50MM &#8211; IC50-25-7"},"content":{"rendered":"<p><iframe loading=\"lazy\" title=\"Reprodutor de v\u00eddeo do YouTube\" src=\"https:\/\/www.youtube.com\/embed\/2YoZSHOv6YM?si=lu35oX4qm8G4Z4Ba\" width=\"560\" height=\"315\" frameborder=\"0\" allowfullscreen=\"allowfullscreen\"><\/iframe><\/p>\n","protected":false},"excerpt":{"rendered":"<ul>\n<li><strong>25 tiros<\/strong><\/li>\n<li><strong>50mm<\/strong><\/li>\n<li><strong>Linha Funke \/ Iskra<\/strong><\/li>\n<li><strong>NEC: 1000g<\/strong><\/li>\n<li><strong><strong>Efeito:<\/strong><\/strong>\n<div class=\"row\">\n<div class=\"col-lg-12 pl-0\"><strong>Forma de Z: Pe\u00f3nia azul com cris\u00e2ntemos dourados grandes; Estrobosc\u00f3pio verde com cris\u00e2ntemos dourados grandes; Ameixa vermelha com cris\u00e2ntemos dourados grandes Forma de leque: Palmeira grande dourada com cris\u00e1lidas grandes prateadas; Palmeira grande prateada com cris\u00e1lidas grandes prateadas<\/strong><\/div>\n<\/div>\n<\/li>\n<\/ul>\n","protected":false},"featured_media":61626,"comment_status":"open","ping_status":"closed","template":"","meta":{"_acf_changed":false},"product_brand":[],"product_cat":[477,495],"product_tag":[510,560,559,588,601,611,621,634,648],"class_list":{"0":"post-61624","1":"product","2":"type-product","3":"status-publish","4":"has-post-thumbnail","6":"product_cat-baterias","7":"product_cat-promocao","8":"product_tag-50mm","9":"product_tag-bateria","10":"product_tag-baterias-2","11":"product_tag-exclusivo","12":"product_tag-fogos-de-artificio-2","13":"product_tag-funk","14":"product_tag-linha-iskra","15":"product_tag-nova-edicao","16":"product_tag-pyro","17":"pa_brandx-iskra-line","19":"first","20":"outofstock","21":"sale","22":"taxable","23":"shipping-taxable","24":"purchasable","25":"product-type-simple"},"acf":[],"_links":{"self":[{"href":"https:\/\/ultrasfactory.com\/pt-pt\/wp-json\/wp\/v2\/product\/61624","targetHints":{"allow":["GET"]}}],"collection":[{"href":"https:\/\/ultrasfactory.com\/pt-pt\/wp-json\/wp\/v2\/product"}],"about":[{"href":"https:\/\/ultrasfactory.com\/pt-pt\/wp-json\/wp\/v2\/types\/product"}],"replies":[{"embeddable":true,"href":"https:\/\/ultrasfactory.com\/pt-pt\/wp-json\/wp\/v2\/comments?post=61624"}],"wp:featuredmedia":[{"embeddable":true,"href":"https:\/\/ultrasfactory.com\/pt-pt\/wp-json\/wp\/v2\/media\/61626"}],"wp:attachment":[{"href":"https:\/\/ultrasfactory.com\/pt-pt\/wp-json\/wp\/v2\/media?parent=61624"}],"wp:term":[{"taxonomy":"product_brand","embeddable":true,"href":"https:\/\/ultrasfactory.com\/pt-pt\/wp-json\/wp\/v2\/product_brand?post=61624"},{"taxonomy":"product_cat","embeddable":true,"href":"https:\/\/ultrasfactory.com\/pt-pt\/wp-json\/wp\/v2\/product_cat?post=61624"},{"taxonomy":"product_tag","embeddable":true,"href":"https:\/\/ultrasfactory.com\/pt-pt\/wp-json\/wp\/v2\/product_tag?post=61624"}],"curies":[{"name":"wp","href":"https:\/\/api.w.org\/{rel}","templated":true}]}}