{"id":61629,"date":"2024-01-11T10:36:03","date_gmt":"2024-01-11T10:36:03","guid":{"rendered":"https:\/\/ultrasfactory.com\/product\/babiarz-sfc2378m1\/"},"modified":"2025-10-28T14:57:03","modified_gmt":"2025-10-28T13:57:03","slug":"babiarz-sfc2378m1","status":"publish","type":"product","link":"https:\/\/ultrasfactory.com\/pt-pt\/product\/babiarz-sfc2378m1\/","title":{"rendered":"Babiarz SFC2378M1"},"content":{"rendered":"<p><iframe loading=\"lazy\" title=\"Reprodutor de v\u00eddeo do YouTube\" src=\"https:\/\/www.youtube.com\/embed\/V8jzaxGTI5o?si=XNyZZY1J58JadP3M\" width=\"560\" height=\"315\" frameborder=\"0\" allowfullscreen=\"allowfullscreen\"><\/iframe><\/p>\n","protected":false},"excerpt":{"rendered":"<ul>\n<li><strong>78 tiros<\/strong><\/li>\n<li><strong>NEC: 499,2g<\/strong><\/li>\n<li><strong>20mm<\/strong><\/li>\n<li><strong>Efeitos: Cauda vermelha para estrobosc\u00f3pio vermelho, azul-celeste e branco; cauda verde para verde-roxo e chuva do tempo; cauda vermelha para estrobosc\u00f3pio vermelho; cauda azul para estrobosc\u00f3pio azul e dourado; cauda verde para estrobosc\u00f3pio verde; cauda dourada para cris\u00e2ntemo prateado grande; cauda azul para coroa de brocado; cauda azul para cris\u00e2ntemo prateado grande  <\/strong><\/li>\n<\/ul>\n","protected":false},"featured_media":61631,"comment_status":"open","ping_status":"closed","template":"","meta":{"_acf_changed":false},"product_brand":[],"product_cat":[477,495],"product_tag":[560,559,601,611,621,648],"class_list":{"0":"post-61629","1":"product","2":"type-product","3":"status-publish","4":"has-post-thumbnail","6":"product_cat-baterias","7":"product_cat-promocao","8":"product_tag-bateria","9":"product_tag-baterias-2","10":"product_tag-fogos-de-artificio-2","11":"product_tag-funk","12":"product_tag-linha-iskra","13":"product_tag-pyro","14":"pa_brandx-iskra-line","16":"first","17":"outofstock","18":"sale","19":"taxable","20":"shipping-taxable","21":"purchasable","22":"product-type-simple"},"acf":[],"_links":{"self":[{"href":"https:\/\/ultrasfactory.com\/pt-pt\/wp-json\/wp\/v2\/product\/61629","targetHints":{"allow":["GET"]}}],"collection":[{"href":"https:\/\/ultrasfactory.com\/pt-pt\/wp-json\/wp\/v2\/product"}],"about":[{"href":"https:\/\/ultrasfactory.com\/pt-pt\/wp-json\/wp\/v2\/types\/product"}],"replies":[{"embeddable":true,"href":"https:\/\/ultrasfactory.com\/pt-pt\/wp-json\/wp\/v2\/comments?post=61629"}],"wp:featuredmedia":[{"embeddable":true,"href":"https:\/\/ultrasfactory.com\/pt-pt\/wp-json\/wp\/v2\/media\/61631"}],"wp:attachment":[{"href":"https:\/\/ultrasfactory.com\/pt-pt\/wp-json\/wp\/v2\/media?parent=61629"}],"wp:term":[{"taxonomy":"product_brand","embeddable":true,"href":"https:\/\/ultrasfactory.com\/pt-pt\/wp-json\/wp\/v2\/product_brand?post=61629"},{"taxonomy":"product_cat","embeddable":true,"href":"https:\/\/ultrasfactory.com\/pt-pt\/wp-json\/wp\/v2\/product_cat?post=61629"},{"taxonomy":"product_tag","embeddable":true,"href":"https:\/\/ultrasfactory.com\/pt-pt\/wp-json\/wp\/v2\/product_tag?post=61629"}],"curies":[{"name":"wp","href":"https:\/\/api.w.org\/{rel}","templated":true}]}}