{"id":61659,"date":"2025-09-03T14:38:27","date_gmt":"2025-09-03T13:38:27","guid":{"rendered":"https:\/\/ultrasfactory.com\/product\/color-bum-single-shot-cb370\/"},"modified":"2025-11-19T21:54:46","modified_gmt":"2025-11-19T20:54:46","slug":"color-bum-single-shot-cb370","status":"publish","type":"product","link":"https:\/\/ultrasfactory.com\/pt-pt\/product\/color-bum-single-shot-cb370\/","title":{"rendered":"Color Bum Single Shot CB370"},"content":{"rendered":"<p><iframe loading=\"lazy\" title=\"Reprodutor de v\u00eddeo do YouTube\" src=\"https:\/\/www.youtube.com\/embed\/646CYZOgMYA?si=J1XA8_hXJ7KOFoc7\" width=\"560\" height=\"315\" frameborder=\"0\" allowfullscreen=\"allowfullscreen\"><\/iframe><\/p>\n","protected":false},"excerpt":{"rendered":"<table style=\"height: 418px;\" width=\"1289\">\n<thead>\n<tr>\n<th>Carater\u00edstica<\/th>\n<th>Especifica\u00e7\u00e3o<\/th>\n<\/tr>\n<\/thead>\n<tbody>\n<tr>\n<td>Nome do produto<\/td>\n<td>Color Bum Single Shot 3.0 (CB370)<\/td>\n<\/tr>\n<tr>\n<td>Pe\u00e7as por embalagem<\/td>\n<td>4 doses por caixa<\/td>\n<\/tr>\n<tr>\n<td>Calibre<\/td>\n<td>30 mm<\/td>\n<\/tr>\n<tr>\n<td>NEC<\/td>\n<td>100 g por embalagem (aprox. 25 g por dose)<\/td>\n<\/tr>\n<tr>\n<td>Certifica\u00e7\u00e3o<\/td>\n<td>CE, Categoria F2<\/td>\n<\/tr>\n<tr>\n<td>Nota de seguran\u00e7a<\/td>\n<td>\n<table style=\"height: 31px;\" width=\"852\">\n<tbody>\n<tr>\n<td>Apenas adultos, segue as instru\u00e7\u00f5es de seguran\u00e7a<\/td>\n<\/tr>\n<\/tbody>\n<\/table>\n<p>&nbsp;<\/td>\n<\/tr>\n<tr>\n<td><\/td>\n<td><\/td>\n<\/tr>\n<tr>\n<td><\/td>\n<td><\/td>\n<\/tr>\n<\/tbody>\n<\/table>\n<p>&nbsp;<\/p>\n","protected":false},"featured_media":61660,"comment_status":"closed","ping_status":"closed","template":"","meta":{"_acf_changed":false},"product_brand":[],"product_cat":[496],"product_tag":[],"class_list":{"0":"post-61659","1":"product","2":"type-product","3":"status-publish","4":"has-post-thumbnail","6":"product_cat-tiros-unicos","7":"pa_brandx-zom-bum","9":"first","10":"instock","11":"taxable","12":"shipping-taxable","13":"purchasable","14":"product-type-simple"},"acf":[],"_links":{"self":[{"href":"https:\/\/ultrasfactory.com\/pt-pt\/wp-json\/wp\/v2\/product\/61659","targetHints":{"allow":["GET"]}}],"collection":[{"href":"https:\/\/ultrasfactory.com\/pt-pt\/wp-json\/wp\/v2\/product"}],"about":[{"href":"https:\/\/ultrasfactory.com\/pt-pt\/wp-json\/wp\/v2\/types\/product"}],"replies":[{"embeddable":true,"href":"https:\/\/ultrasfactory.com\/pt-pt\/wp-json\/wp\/v2\/comments?post=61659"}],"wp:featuredmedia":[{"embeddable":true,"href":"https:\/\/ultrasfactory.com\/pt-pt\/wp-json\/wp\/v2\/media\/61660"}],"wp:attachment":[{"href":"https:\/\/ultrasfactory.com\/pt-pt\/wp-json\/wp\/v2\/media?parent=61659"}],"wp:term":[{"taxonomy":"product_brand","embeddable":true,"href":"https:\/\/ultrasfactory.com\/pt-pt\/wp-json\/wp\/v2\/product_brand?post=61659"},{"taxonomy":"product_cat","embeddable":true,"href":"https:\/\/ultrasfactory.com\/pt-pt\/wp-json\/wp\/v2\/product_cat?post=61659"},{"taxonomy":"product_tag","embeddable":true,"href":"https:\/\/ultrasfactory.com\/pt-pt\/wp-json\/wp\/v2\/product_tag?post=61659"}],"curies":[{"name":"wp","href":"https:\/\/api.w.org\/{rel}","templated":true}]}}