{"id":61824,"date":"2024-01-11T10:34:46","date_gmt":"2024-01-11T10:34:46","guid":{"rendered":"https:\/\/ultrasfactory.com\/product\/knockout-sfc2062h01\/"},"modified":"2025-11-02T15:01:51","modified_gmt":"2025-11-02T14:01:51","slug":"knockout-sfc2062h01","status":"publish","type":"product","link":"https:\/\/ultrasfactory.com\/pt-pt\/product\/knockout-sfc2062h01\/","title":{"rendered":"Knockout SFC2062H01"},"content":{"rendered":"<p><iframe loading=\"lazy\" title=\"Reprodutor de v\u00eddeo do YouTube\" src=\"https:\/\/www.youtube.com\/embed\/zhojJOwQVt0?si=tFWdUBbT-QuqMvx6\" width=\"560\" height=\"315\" frameborder=\"0\" allowfullscreen=\"allowfullscreen\"><\/iframe><\/p>\n","protected":false},"excerpt":{"rendered":"<ul>\n<li><strong>62 tiros<\/strong><\/li>\n<li><strong>NEC: 579g<\/strong><\/li>\n<li><strong>20\/25mm<\/strong><\/li>\n<li><strong>Efeitos: 62 disparos de efeitos alternados de minas e rajadas, com salva final. Estrelas azuis com minas estrobosc\u00f3picas vermelhas:Cauda dourada para coroa de brocado com estrobosc\u00f3pio vermelho e branco;Coroa de brocado com estrobosc\u00f3pio verde e vermelho;Coroa de brocado com estrobosc\u00f3pio azul e verde;Vermelho verde azul com cris <\/strong><\/li>\n<\/ul>\n","protected":false},"featured_media":61826,"comment_status":"open","ping_status":"closed","template":"","meta":{"_acf_changed":false},"product_brand":[],"product_cat":[477,495],"product_tag":[560,559,601,611,621,648],"class_list":{"0":"post-61824","1":"product","2":"type-product","3":"status-publish","4":"has-post-thumbnail","6":"product_cat-baterias","7":"product_cat-promocao","8":"product_tag-bateria","9":"product_tag-baterias-2","10":"product_tag-fogos-de-artificio-2","11":"product_tag-funk","12":"product_tag-linha-iskra","13":"product_tag-pyro","14":"pa_brandx-iskra-line","16":"first","17":"instock","18":"sale","19":"taxable","20":"shipping-taxable","21":"purchasable","22":"product-type-simple"},"acf":[],"_links":{"self":[{"href":"https:\/\/ultrasfactory.com\/pt-pt\/wp-json\/wp\/v2\/product\/61824","targetHints":{"allow":["GET"]}}],"collection":[{"href":"https:\/\/ultrasfactory.com\/pt-pt\/wp-json\/wp\/v2\/product"}],"about":[{"href":"https:\/\/ultrasfactory.com\/pt-pt\/wp-json\/wp\/v2\/types\/product"}],"replies":[{"embeddable":true,"href":"https:\/\/ultrasfactory.com\/pt-pt\/wp-json\/wp\/v2\/comments?post=61824"}],"wp:featuredmedia":[{"embeddable":true,"href":"https:\/\/ultrasfactory.com\/pt-pt\/wp-json\/wp\/v2\/media\/61826"}],"wp:attachment":[{"href":"https:\/\/ultrasfactory.com\/pt-pt\/wp-json\/wp\/v2\/media?parent=61824"}],"wp:term":[{"taxonomy":"product_brand","embeddable":true,"href":"https:\/\/ultrasfactory.com\/pt-pt\/wp-json\/wp\/v2\/product_brand?post=61824"},{"taxonomy":"product_cat","embeddable":true,"href":"https:\/\/ultrasfactory.com\/pt-pt\/wp-json\/wp\/v2\/product_cat?post=61824"},{"taxonomy":"product_tag","embeddable":true,"href":"https:\/\/ultrasfactory.com\/pt-pt\/wp-json\/wp\/v2\/product_tag?post=61824"}],"curies":[{"name":"wp","href":"https:\/\/api.w.org\/{rel}","templated":true}]}}