{"id":61836,"date":"2024-01-11T10:34:59","date_gmt":"2024-01-11T10:34:59","guid":{"rendered":"https:\/\/ultrasfactory.com\/product\/mamut-ic50-25-2\/"},"modified":"2025-10-28T14:59:36","modified_gmt":"2025-10-28T13:59:36","slug":"mamut-ic50-25-2","status":"publish","type":"product","link":"https:\/\/ultrasfactory.com\/pt-pt\/product\/mamut-ic50-25-2\/","title":{"rendered":"Mamut &#8211; IC50-25-2"},"content":{"rendered":"<p><iframe loading=\"lazy\" title=\"Reprodutor de v\u00eddeo do YouTube\" src=\"https:\/\/www.youtube.com\/embed\/sIYPwHCWLeU?si=APTDmow_tlY6kLA5\" width=\"560\" height=\"315\" frameborder=\"0\" allowfullscreen=\"allowfullscreen\"><\/iframe><\/p>\n","protected":false},"excerpt":{"rendered":"<ul>\n<li><strong>25 tiros<\/strong><\/li>\n<li><strong>NEC: 1000g<\/strong><\/li>\n<li><strong>50mm<\/strong><\/li>\n<li><strong>Efeitos:  <\/strong><\/li>\n<li><strong>1.) Pe\u00f3nia azul com d\u00e1lia de lim\u00e3o  <\/strong><\/li>\n<li><strong>2.) Corolla  <\/strong><\/li>\n<li><strong>3.) estrobosc\u00f3pio branco com d\u00e1lia cor-de-rosa  <\/strong><\/li>\n<li><strong>4.) Grandes cristais de prata 5.) Explos\u00e3o de fa\u00edscas prateadas   <\/strong><\/li>\n<\/ul>\n","protected":false},"featured_media":61838,"comment_status":"open","ping_status":"closed","template":"","meta":{"_acf_changed":false},"product_brand":[],"product_cat":[477,495],"product_tag":[510,560,559,588,601,611,620,648],"class_list":{"0":"post-61836","1":"product","2":"type-product","3":"status-publish","4":"has-post-thumbnail","6":"product_cat-baterias","7":"product_cat-promocao","8":"product_tag-50mm","9":"product_tag-bateria","10":"product_tag-baterias-2","11":"product_tag-exclusivo","12":"product_tag-fogos-de-artificio-2","13":"product_tag-funk","14":"product_tag-iskralina","15":"product_tag-pyro","16":"pa_brandx-iskra-line","18":"first","19":"instock","20":"sale","21":"taxable","22":"shipping-taxable","23":"purchasable","24":"product-type-simple"},"acf":[],"_links":{"self":[{"href":"https:\/\/ultrasfactory.com\/pt-pt\/wp-json\/wp\/v2\/product\/61836","targetHints":{"allow":["GET"]}}],"collection":[{"href":"https:\/\/ultrasfactory.com\/pt-pt\/wp-json\/wp\/v2\/product"}],"about":[{"href":"https:\/\/ultrasfactory.com\/pt-pt\/wp-json\/wp\/v2\/types\/product"}],"replies":[{"embeddable":true,"href":"https:\/\/ultrasfactory.com\/pt-pt\/wp-json\/wp\/v2\/comments?post=61836"}],"wp:featuredmedia":[{"embeddable":true,"href":"https:\/\/ultrasfactory.com\/pt-pt\/wp-json\/wp\/v2\/media\/61838"}],"wp:attachment":[{"href":"https:\/\/ultrasfactory.com\/pt-pt\/wp-json\/wp\/v2\/media?parent=61836"}],"wp:term":[{"taxonomy":"product_brand","embeddable":true,"href":"https:\/\/ultrasfactory.com\/pt-pt\/wp-json\/wp\/v2\/product_brand?post=61836"},{"taxonomy":"product_cat","embeddable":true,"href":"https:\/\/ultrasfactory.com\/pt-pt\/wp-json\/wp\/v2\/product_cat?post=61836"},{"taxonomy":"product_tag","embeddable":true,"href":"https:\/\/ultrasfactory.com\/pt-pt\/wp-json\/wp\/v2\/product_tag?post=61836"}],"curies":[{"name":"wp","href":"https:\/\/api.w.org\/{rel}","templated":true}]}}