{"id":62125,"date":"2025-08-22T11:45:17","date_gmt":"2025-08-22T10:45:17","guid":{"rendered":"https:\/\/ultrasfactory.com\/product\/pistola-gatling-shooter-300-gat300\/"},"modified":"2026-01-16T16:53:08","modified_gmt":"2026-01-16T15:53:08","slug":"pistola-gatling-shooter-300-gat300","status":"publish","type":"product","link":"https:\/\/ultrasfactory.com\/pt-pt\/product\/pistola-gatling-shooter-300-gat300\/","title":{"rendered":"Pistola Gatling Shooter 300 GAT300"},"content":{"rendered":"<h3 data-start=\"744\" data-end=\"807\"><strong data-start=\"748\" data-end=\"807\">GAT300 Gatling Gun Shooter &#8211; Bolo de vela romana com 300 tiros<\/strong><\/h3>\n<p data-start=\"809\" data-end=\"1125\">Desencadeia uma barragem a\u00e9rea sem parar com a <strong data-start=\"852\" data-end=\"882\">GAT300 Gatling Gun Shooter<\/strong> &#8211; um bolo de vela romana hipnotizante com <strong data-start=\"925\" data-end=\"949\">300 tiros r\u00e1pidos<\/strong> num tubo compacto montado em espig\u00f5es. Durante cerca de <strong data-start=\"1005\" data-end=\"1019\">45 segundos<\/strong>, este fogo de artif\u00edcio de classe F2 desencadeia uma sequ\u00eancia incessante de explos\u00f5es vibrantes que disparam diretamente para o c\u00e9u.<\/p>\n<p data-start=\"1127\" data-end=\"1146\"><strong data-start=\"1127\" data-end=\"1146\">Principais destaques:<\/strong><\/p>\n<ul data-start=\"1147\" data-end=\"1350\">\n<li data-start=\"1147\" data-end=\"1195\">\n<p data-start=\"1149\" data-end=\"1195\">300 disparos consecutivos para um impacto de alta energia<\/p>\n<\/li>\n<li data-start=\"1196\" data-end=\"1241\">\n<p data-start=\"1198\" data-end=\"1241\">Tubos leves de 10 mm que disparam rapidamente<\/p>\n<\/li>\n<li data-start=\"1242\" data-end=\"1299\">\n<p data-start=\"1244\" data-end=\"1299\">Instala\u00e7\u00e3o f\u00e1cil: basta inserir o espig\u00e3o e acender o fus\u00edvel<\/p>\n<\/li>\n<li data-start=\"1300\" data-end=\"1350\">\n<p data-start=\"1302\" data-end=\"1350\">Forte impacto visual num formato de consumo<\/p>\n<\/li>\n<\/ul>\n<p data-start=\"1352\" data-end=\"1481\">Perfeita para finais, exibi\u00e7\u00f5es no quintal ou momentos de entusiasmo em festas, <strong data-start=\"1428\" data-end=\"1438\">a GAT300<\/strong> proporciona emo\u00e7\u00e3o sustentada com facilidade.<\/p>\n","protected":false},"excerpt":{"rendered":"<ul>\n<li data-start=\"188\" data-end=\"216\">\n<p data-start=\"190\" data-end=\"216\"><strong data-start=\"190\" data-end=\"206\">C\u00f3digo do produto<\/strong>: GAT300<\/p>\n<\/li>\n<li data-start=\"217\" data-end=\"262\">\n<p data-start=\"219\" data-end=\"262\"><strong data-start=\"219\" data-end=\"227\">Nome<\/strong>: Atirador de Gatling Gun &#8211; 300 tiros<\/p>\n<\/li>\n<li data-start=\"263\" data-end=\"340\">\n<p data-start=\"265\" data-end=\"340\"><strong data-start=\"265\" data-end=\"292\">Fabricante \/ Importador<\/strong>: Kl\u00e1sek<\/p>\n<\/li>\n<li data-start=\"341\" data-end=\"383\">\n<p data-start=\"343\" data-end=\"383\"><strong data-start=\"343\" data-end=\"351\">Tipo<\/strong>: Vela Romana (estilo Gatling)<\/p>\n<\/li>\n<li data-start=\"384\" data-end=\"412\">\n<p data-start=\"386\" data-end=\"412\"><strong data-start=\"386\" data-end=\"405\">N\u00famero de disparos<\/strong>: 300<\/p>\n<\/li>\n<li data-start=\"413\" data-end=\"459\">\n<p data-start=\"415\" data-end=\"459\"><strong data-start=\"415\" data-end=\"442\">Calibre \/ Di\u00e2metro do tubo<\/strong>: aprox. 10 mm <\/p>\n<\/li>\n<li data-start=\"460\" data-end=\"496\">\n<p data-start=\"462\" data-end=\"496\"><strong data-start=\"462\" data-end=\"474\">Dura\u00e7\u00e3o<\/strong>: cerca de 45 segundos <\/p>\n<\/li>\n<li data-start=\"548\" data-end=\"582\">\n<p data-start=\"550\" data-end=\"582\"><strong data-start=\"550\" data-end=\"565\">Categoria CE<\/strong>: F2 (consumidor)<\/p>\n<\/li>\n<li data-start=\"583\" data-end=\"627\">\n<p data-start=\"585\" data-end=\"627\"><strong data-start=\"585\" data-end=\"619\">ADR (Classifica\u00e7\u00e3o dos transportes)<\/strong>: 1.4G<\/p>\n<\/li>\n<\/ul>\n","protected":false},"featured_media":62127,"comment_status":"closed","ping_status":"closed","template":"","meta":{"_acf_changed":false},"product_brand":[],"product_cat":[491],"product_tag":[],"class_list":{"0":"post-62125","1":"product","2":"type-product","3":"status-publish","4":"has-post-thumbnail","6":"product_cat-velas-romanas","8":"first","9":"instock","10":"taxable","11":"shipping-taxable","12":"purchasable","13":"product-type-simple"},"acf":[],"_links":{"self":[{"href":"https:\/\/ultrasfactory.com\/pt-pt\/wp-json\/wp\/v2\/product\/62125","targetHints":{"allow":["GET"]}}],"collection":[{"href":"https:\/\/ultrasfactory.com\/pt-pt\/wp-json\/wp\/v2\/product"}],"about":[{"href":"https:\/\/ultrasfactory.com\/pt-pt\/wp-json\/wp\/v2\/types\/product"}],"replies":[{"embeddable":true,"href":"https:\/\/ultrasfactory.com\/pt-pt\/wp-json\/wp\/v2\/comments?post=62125"}],"wp:featuredmedia":[{"embeddable":true,"href":"https:\/\/ultrasfactory.com\/pt-pt\/wp-json\/wp\/v2\/media\/62127"}],"wp:attachment":[{"href":"https:\/\/ultrasfactory.com\/pt-pt\/wp-json\/wp\/v2\/media?parent=62125"}],"wp:term":[{"taxonomy":"product_brand","embeddable":true,"href":"https:\/\/ultrasfactory.com\/pt-pt\/wp-json\/wp\/v2\/product_brand?post=62125"},{"taxonomy":"product_cat","embeddable":true,"href":"https:\/\/ultrasfactory.com\/pt-pt\/wp-json\/wp\/v2\/product_cat?post=62125"},{"taxonomy":"product_tag","embeddable":true,"href":"https:\/\/ultrasfactory.com\/pt-pt\/wp-json\/wp\/v2\/product_tag?post=62125"}],"curies":[{"name":"wp","href":"https:\/\/api.w.org\/{rel}","templated":true}]}}