{"id":62128,"date":"2025-08-22T12:37:31","date_gmt":"2025-08-22T11:37:31","guid":{"rendered":"https:\/\/ultrasfactory.com\/product\/riakeo-toxic-hf24009s-25-fotos-30-mm\/"},"modified":"2025-10-28T15:03:36","modified_gmt":"2025-10-28T14:03:36","slug":"riakeo-toxic-hf24009s-25-fotos-30-mm","status":"publish","type":"product","link":"https:\/\/ultrasfactory.com\/pt-pt\/product\/riakeo-toxic-hf24009s-25-fotos-30-mm\/","title":{"rendered":"Riakeo Toxic HF24009S 25 fotos ! 30 mm"},"content":{"rendered":"<h3 data-start=\"1586\" data-end=\"1648\"><strong data-start=\"1590\" data-end=\"1648\">Riakeo HF-24009S &#8220;Toxic&#8221; &#8211; Bateria para bolo com 25 disparos, 30 mm<\/strong><\/h3>\n<p data-start=\"1650\" data-end=\"1915\"><strong data-start=\"1650\" data-end=\"1659\">Toxic<\/strong> by Riakeo \u00e9 um bolo de 25 tiros de 30 mm, visualmente en\u00e9rgico, dispostos em linha reta (em forma de I), oferecendo um espet\u00e1culo denso e dram\u00e1tico com uma dura\u00e7\u00e3o de cerca de <strong data-start=\"1806\" data-end=\"1820\">38 segundos<\/strong> e efeitos que atingem at\u00e9 <strong data-start=\"1849\" data-end=\"1862\">35 metros<\/strong> de altura.<br data-start=\"1873\" data-end=\"1876\"><span class=\"\" data-state=\"closed\"><span class=\"ms-1 inline-flex max-w-full items-center relative top-[-0.094rem] animate-[show_150ms_ease-in]\" data-testid=\"webpage-citation-pill\"><a class=\"flex h-4.5 overflow-hidden rounded-xl px-2 text-[9px] font-medium text-token-text-secondary! bg-[#F4F4F4]! dark:bg-[#303030]! transition-colors duration-150 ease-in-out\" href=\"https:\/\/jorge.pl\/en\/hf24009s-toxic?utm_source=chatgpt.com\" target=\"_blank\" rel=\"noopener\"><span class=\"relative start-0 bottom-0 flex h-full w-full items-center\"><span class=\"flex h-4 w-full items-center justify-between overflow-hidden\"><span class=\"max-w-full grow truncate overflow-hidden text-center\">Jorge Fogos de Artif\u00edcio<\/span><\/span><\/span><\/a><\/span><\/span><\/p>\n<h4 data-start=\"1917\" data-end=\"1946\">Inclui efeitos visuais:<\/h4>\n<ul data-start=\"1947\" data-end=\"2206\">\n<li data-start=\"1947\" data-end=\"1990\">\n<p data-start=\"1949\" data-end=\"1990\"><span class=\"relative -mx-px my-[-0.2rem] rounded px-px py-[0.2rem] transition-colors duration-100 ease-in-out\">D\u00e1lias cor de p\u00eassego e azul-celeste rematadas por um cris\u00e2ntemo dourado<\/span><\/p>\n<\/li>\n<li data-start=\"1991\" data-end=\"2034\">\n<p data-start=\"1993\" data-end=\"2034\"><span class=\"relative -mx-px my-[-0.2rem] rounded px-px py-[0.2rem] transition-colors duration-100 ease-in-out\">Coroas de brocado dourado que se transformam em d\u00e1lias de p\u00eassego e lim\u00e3o<\/span><\/p>\n<\/li>\n<li data-start=\"2035\" data-end=\"2078\">\n<p data-start=\"2037\" data-end=\"2078\"><span class=\"relative -mx-px my-[-0.2rem] rounded px-px py-[0.2rem] transition-colors duration-100 ease-in-out\">D\u00e1lias azul-petr\u00f3leo e lim\u00e3o com uma flor de cris\u00e2ntemo dourado<\/span><\/p>\n<\/li>\n<li data-start=\"2079\" data-end=\"2122\">\n<p data-start=\"2081\" data-end=\"2122\"><span class=\"relative -mx-px my-[-0.2rem] rounded px-px py-[0.2rem] transition-colors duration-100 ease-in-out\">Coroas de brocado dourado repetidas com d\u00e1lias azul-petr\u00f3leo\/lim\u00e3o<\/span><\/p>\n<\/li>\n<li data-start=\"2123\" data-end=\"2206\">\n<p data-start=\"2125\" data-end=\"2206\"><span class=\"relative -mx-px my-[-0.2rem] rounded px-px py-[0.2rem] transition-colors duration-100 ease-in-out\">Um final luminoso de cris\u00e2ntemo dourado, seguido de uma mina de cris\u00e2ntemo dourado<\/span><\/p>\n<\/li>\n<\/ul>\n","protected":false},"excerpt":{"rendered":"<ul>\n<li data-start=\"153\" data-end=\"183\">\n<p data-start=\"155\" data-end=\"183\"><strong data-start=\"155\" data-end=\"171\">C\u00f3digo do produto<\/strong>: HF24009S<\/p>\n<\/li>\n<li data-start=\"184\" data-end=\"203\">\n<p data-start=\"186\" data-end=\"203\"><strong data-start=\"186\" data-end=\"194\">Nome<\/strong>: T\u00f3xico<\/p>\n<\/li>\n<li data-start=\"204\" data-end=\"232\">\n<p data-start=\"206\" data-end=\"232\"><strong data-start=\"206\" data-end=\"222\">Fabricante<\/strong>: Riakeo<\/p>\n<\/li>\n<li data-start=\"233\" data-end=\"281\">\n<p data-start=\"235\" data-end=\"281\"><strong data-start=\"235\" data-end=\"243\">Tipo<\/strong>: Bolo de fogo de artif\u00edcio (bateria multi-shot)<\/p>\n<\/li>\n<li data-start=\"282\" data-end=\"309\">\n<p data-start=\"284\" data-end=\"309\"><strong data-start=\"284\" data-end=\"303\">N\u00famero de disparos<\/strong>: 25<\/p>\n<\/li>\n<li data-start=\"310\" data-end=\"332\">\n<p data-start=\"312\" data-end=\"332\"><strong data-start=\"312\" data-end=\"323\">Calibre<\/strong>: 30 mm<\/p>\n<\/li>\n<li data-start=\"333\" data-end=\"369\">\n<p data-start=\"335\" data-end=\"369\"><strong data-start=\"335\" data-end=\"347\">Dura\u00e7\u00e3o<\/strong>: cerca de 38 segundos <\/p>\n<\/li>\n<li data-start=\"370\" data-end=\"412\">\n<p data-start=\"372\" data-end=\"412\"><strong data-start=\"372\" data-end=\"390\">Padr\u00e3o de disparo<\/strong>: Reto (em forma de I)<\/p>\n<\/li>\n<li data-start=\"413\" data-end=\"447\">\n<p data-start=\"415\" data-end=\"447\"><strong data-start=\"415\" data-end=\"432\">Altura do efeito<\/strong>: at\u00e9 ~35 m<\/p>\n<\/li>\n<li data-start=\"448\" data-end=\"523\">\n<p data-start=\"450\" data-end=\"523\"><strong data-start=\"450\" data-end=\"481\">NEC (Conte\u00fado Explosivo L\u00edquido)<\/strong>: ~500 g (aprox., nem sempre especificado)<\/p>\n<\/li>\n<li data-start=\"524\" data-end=\"552\">\n<p data-start=\"526\" data-end=\"552\"><strong data-start=\"526\" data-end=\"541\">N\u00edvel sonoro<\/strong>: &gt; 90 dB<\/p>\n<\/li>\n<li data-start=\"553\" data-end=\"591\">\n<p data-start=\"555\" data-end=\"591\"><strong data-start=\"555\" data-end=\"570\">Categoria CE<\/strong>: F2 (utiliza\u00e7\u00e3o pelo consumidor)<\/p>\n<\/li>\n<\/ul>\n","protected":false},"featured_media":62130,"comment_status":"closed","ping_status":"closed","template":"","meta":{"_acf_changed":false},"product_brand":[],"product_cat":[477,495],"product_tag":[],"class_list":{"0":"post-62128","1":"product","2":"type-product","3":"status-publish","4":"has-post-thumbnail","6":"product_cat-baterias","7":"product_cat-promocao","8":"pa_brandx-riakeo","10":"first","11":"outofstock","12":"sale","13":"taxable","14":"shipping-taxable","15":"purchasable","16":"product-type-simple"},"acf":[],"_links":{"self":[{"href":"https:\/\/ultrasfactory.com\/pt-pt\/wp-json\/wp\/v2\/product\/62128","targetHints":{"allow":["GET"]}}],"collection":[{"href":"https:\/\/ultrasfactory.com\/pt-pt\/wp-json\/wp\/v2\/product"}],"about":[{"href":"https:\/\/ultrasfactory.com\/pt-pt\/wp-json\/wp\/v2\/types\/product"}],"replies":[{"embeddable":true,"href":"https:\/\/ultrasfactory.com\/pt-pt\/wp-json\/wp\/v2\/comments?post=62128"}],"wp:featuredmedia":[{"embeddable":true,"href":"https:\/\/ultrasfactory.com\/pt-pt\/wp-json\/wp\/v2\/media\/62130"}],"wp:attachment":[{"href":"https:\/\/ultrasfactory.com\/pt-pt\/wp-json\/wp\/v2\/media?parent=62128"}],"wp:term":[{"taxonomy":"product_brand","embeddable":true,"href":"https:\/\/ultrasfactory.com\/pt-pt\/wp-json\/wp\/v2\/product_brand?post=62128"},{"taxonomy":"product_cat","embeddable":true,"href":"https:\/\/ultrasfactory.com\/pt-pt\/wp-json\/wp\/v2\/product_cat?post=62128"},{"taxonomy":"product_tag","embeddable":true,"href":"https:\/\/ultrasfactory.com\/pt-pt\/wp-json\/wp\/v2\/product_tag?post=62128"}],"curies":[{"name":"wp","href":"https:\/\/api.w.org\/{rel}","templated":true}]}}