{"id":62175,"date":"2024-03-20T13:51:42","date_gmt":"2024-03-20T12:51:42","guid":{"rendered":"https:\/\/ultrasfactory.com\/product\/ignicao-xp1008-1\/"},"modified":"2025-10-28T15:03:46","modified_gmt":"2025-10-28T14:03:46","slug":"ignicao-xp1008-1","status":"publish","type":"product","link":"https:\/\/ultrasfactory.com\/pt-pt\/product\/ignicao-xp1008-1\/","title":{"rendered":"Igni\u00e7\u00e3o XP1008-1"},"content":{"rendered":"<p><iframe loading=\"lazy\" title=\"Reprodutor de v\u00eddeo do YouTube\" src=\"https:\/\/www.youtube.com\/embed\/A7dOZEtB1yg?si=dQECboswRoQe6SxW\" width=\"560\" height=\"315\" frameborder=\"0\" allowfullscreen=\"allowfullscreen\"><\/iframe><\/p>\n<p><iframe loading=\"lazy\" title=\"SYS104 Ignition System - Triplex - For Fireworks &amp; Pyrotechnics | ULTRASFACTORY.COM  #fireworks #fyp\" width=\"563\" height=\"1000\" src=\"https:\/\/www.youtube.com\/embed\/OF-A2ORDzEE?feature=oembed\" frameborder=\"0\" allow=\"accelerometer; autoplay; clipboard-write; encrypted-media; gyroscope; picture-in-picture; web-share\" referrerpolicy=\"strict-origin-when-cross-origin\" allowfullscreen><\/iframe><\/p>\n<p>&nbsp;<\/p>\n","protected":false},"excerpt":{"rendered":"<ul>\n<li><strong>Igni\u00e7\u00e3o el\u00e9ctrica<\/strong><\/li>\n<li><strong>1 metro<\/strong><\/li>\n<li><strong>Triplex<\/strong><\/li>\n<\/ul>\n","protected":false},"featured_media":62177,"comment_status":"open","ping_status":"closed","template":"","meta":{"_acf_changed":false},"product_brand":[],"product_cat":[476,492],"product_tag":[],"class_list":{"0":"post-62175","1":"product","2":"type-product","3":"status-publish","4":"has-post-thumbnail","6":"product_cat-eventos","7":"product_cat-outro","9":"first","10":"instock","11":"taxable","12":"shipping-taxable","13":"purchasable","14":"product-type-simple"},"acf":[],"_links":{"self":[{"href":"https:\/\/ultrasfactory.com\/pt-pt\/wp-json\/wp\/v2\/product\/62175","targetHints":{"allow":["GET"]}}],"collection":[{"href":"https:\/\/ultrasfactory.com\/pt-pt\/wp-json\/wp\/v2\/product"}],"about":[{"href":"https:\/\/ultrasfactory.com\/pt-pt\/wp-json\/wp\/v2\/types\/product"}],"replies":[{"embeddable":true,"href":"https:\/\/ultrasfactory.com\/pt-pt\/wp-json\/wp\/v2\/comments?post=62175"}],"wp:featuredmedia":[{"embeddable":true,"href":"https:\/\/ultrasfactory.com\/pt-pt\/wp-json\/wp\/v2\/media\/62177"}],"wp:attachment":[{"href":"https:\/\/ultrasfactory.com\/pt-pt\/wp-json\/wp\/v2\/media?parent=62175"}],"wp:term":[{"taxonomy":"product_brand","embeddable":true,"href":"https:\/\/ultrasfactory.com\/pt-pt\/wp-json\/wp\/v2\/product_brand?post=62175"},{"taxonomy":"product_cat","embeddable":true,"href":"https:\/\/ultrasfactory.com\/pt-pt\/wp-json\/wp\/v2\/product_cat?post=62175"},{"taxonomy":"product_tag","embeddable":true,"href":"https:\/\/ultrasfactory.com\/pt-pt\/wp-json\/wp\/v2\/product_tag?post=62175"}],"curies":[{"name":"wp","href":"https:\/\/api.w.org\/{rel}","templated":true}]}}