{"id":62185,"date":"2024-01-11T10:34:31","date_gmt":"2024-01-11T10:34:31","guid":{"rendered":"https:\/\/ultrasfactory.com\/product\/ve-ic30-100-1\/"},"modified":"2025-10-28T15:03:48","modified_gmt":"2025-10-28T14:03:48","slug":"ve-ic30-100-1","status":"publish","type":"product","link":"https:\/\/ultrasfactory.com\/pt-pt\/product\/ve-ic30-100-1\/","title":{"rendered":"V\u00ea! IC30-100-1"},"content":{"rendered":"<p><iframe loading=\"lazy\" title=\"Reprodutor de v\u00eddeo do YouTube\" src=\"https:\/\/www.youtube.com\/embed\/WWwb6egkocA?si=7bTgetksUmSi19vl\" width=\"560\" height=\"315\" frameborder=\"0\" allowfullscreen=\"allowfullscreen\"><\/iframe><\/p>\n","protected":false},"excerpt":{"rendered":"<ul>\n<li><strong>100 tiros<\/strong><\/li>\n<li><strong>NEC: 2300g<\/strong><\/li>\n<li><strong>30 mm<\/strong><\/li>\n<li><strong>Linha Funke \/ Iskra<\/strong><\/li>\n<li><strong>Efeitos: 1.) Cauda de tit\u00e2nio dourado para salgueiro de tit\u00e2nio dourado com strobe verde\uff1b 2.) Cauda verde para cris\u00e1lidas de prata grande com d\u00e1lia verde e roxa\uff1b 3.) Cauda de corola para corola com estrobosc\u00f3pio vermelho; 4.) Cauda azul para cris\u00e1lidas de prata grande com d\u00e1lia azul e verde\uff1b 5.) Cauda de brocado para coroa de brocado com estrobosc\u00f3pio dourado\uff1b 6.) Cauda roxa para cris\u00e1lidas prateadas grandes com d\u00e1lia roxa e amarela; 7.) Coroa de brocado para coroa de brocado com estrobo verde e estrobo dourado; 8.) Cauda de prata crepitante para Chrys de prata grande com d\u00e1lia vermelha de sangue de galinha; 9.) Coroa de brocado para coroa de brocado com estrobo vermelho e estrobo branco\uff1b 10.) Cauda crepitante prateada para Chrys prateada grande com d\u00e1lia vermelha sangue de galinha.          <\/strong><\/li>\n<\/ul>\n","protected":false},"featured_media":62191,"comment_status":"open","ping_status":"closed","template":"","meta":{"_acf_changed":false},"product_brand":[],"product_cat":[477,495],"product_tag":[560,559,588,601,611,620,648],"class_list":{"0":"post-62185","1":"product","2":"type-product","3":"status-publish","4":"has-post-thumbnail","6":"product_cat-baterias","7":"product_cat-promocao","8":"product_tag-bateria","9":"product_tag-baterias-2","10":"product_tag-exclusivo","11":"product_tag-fogos-de-artificio-2","12":"product_tag-funk","13":"product_tag-iskralina","14":"product_tag-pyro","15":"pa_brandx-iskra-line","17":"first","18":"outofstock","19":"sale","20":"taxable","21":"shipping-taxable","22":"purchasable","23":"product-type-simple"},"acf":[],"_links":{"self":[{"href":"https:\/\/ultrasfactory.com\/pt-pt\/wp-json\/wp\/v2\/product\/62185","targetHints":{"allow":["GET"]}}],"collection":[{"href":"https:\/\/ultrasfactory.com\/pt-pt\/wp-json\/wp\/v2\/product"}],"about":[{"href":"https:\/\/ultrasfactory.com\/pt-pt\/wp-json\/wp\/v2\/types\/product"}],"replies":[{"embeddable":true,"href":"https:\/\/ultrasfactory.com\/pt-pt\/wp-json\/wp\/v2\/comments?post=62185"}],"wp:featuredmedia":[{"embeddable":true,"href":"https:\/\/ultrasfactory.com\/pt-pt\/wp-json\/wp\/v2\/media\/62191"}],"wp:attachment":[{"href":"https:\/\/ultrasfactory.com\/pt-pt\/wp-json\/wp\/v2\/media?parent=62185"}],"wp:term":[{"taxonomy":"product_brand","embeddable":true,"href":"https:\/\/ultrasfactory.com\/pt-pt\/wp-json\/wp\/v2\/product_brand?post=62185"},{"taxonomy":"product_cat","embeddable":true,"href":"https:\/\/ultrasfactory.com\/pt-pt\/wp-json\/wp\/v2\/product_cat?post=62185"},{"taxonomy":"product_tag","embeddable":true,"href":"https:\/\/ultrasfactory.com\/pt-pt\/wp-json\/wp\/v2\/product_tag?post=62185"}],"curies":[{"name":"wp","href":"https:\/\/api.w.org\/{rel}","templated":true}]}}