{"id":62387,"date":"2024-01-11T10:30:35","date_gmt":"2024-01-11T10:30:35","guid":{"rendered":"https:\/\/ultrasfactory.com\/product\/valka-svetu-c9020v\/"},"modified":"2025-10-28T15:04:58","modified_gmt":"2025-10-28T14:04:58","slug":"valka-svetu-c9020v","status":"publish","type":"product","link":"https:\/\/ultrasfactory.com\/pt-pt\/product\/valka-svetu-c9020v\/","title":{"rendered":"Valka Svetu C9020V"},"content":{"rendered":"<p><iframe loading=\"lazy\" title=\"C9020V V\u00e1lka sv\u011bt\u016f | Klasek pyrotechnics\" width=\"980\" height=\"551\" src=\"https:\/\/www.youtube.com\/embed\/8GRjiAbk2cM?feature=oembed\" frameborder=\"0\" allow=\"accelerometer; autoplay; clipboard-write; encrypted-media; gyroscope; picture-in-picture; web-share\" referrerpolicy=\"strict-origin-when-cross-origin\" allowfullscreen><\/iframe><\/p>\n","protected":false},"excerpt":{"rendered":"<ul>\n<li><strong>90 tiros<\/strong><\/li>\n<li><strong>20mm<\/strong><\/li>\n<li><strong>NEC : 720 g<\/strong><\/li>\n<\/ul>\n","protected":false},"featured_media":62389,"comment_status":"open","ping_status":"closed","template":"","meta":{"_acf_changed":false},"product_brand":[],"product_cat":[477,495],"product_tag":[560,601],"class_list":{"0":"post-62387","1":"product","2":"type-product","3":"status-publish","4":"has-post-thumbnail","6":"product_cat-baterias","7":"product_cat-promocao","8":"product_tag-bateria","9":"product_tag-fogos-de-artificio-2","10":"pa_brandx-klasek","12":"first","13":"outofstock","14":"sale","15":"taxable","16":"shipping-taxable","17":"purchasable","18":"product-type-simple"},"acf":[],"_links":{"self":[{"href":"https:\/\/ultrasfactory.com\/pt-pt\/wp-json\/wp\/v2\/product\/62387","targetHints":{"allow":["GET"]}}],"collection":[{"href":"https:\/\/ultrasfactory.com\/pt-pt\/wp-json\/wp\/v2\/product"}],"about":[{"href":"https:\/\/ultrasfactory.com\/pt-pt\/wp-json\/wp\/v2\/types\/product"}],"replies":[{"embeddable":true,"href":"https:\/\/ultrasfactory.com\/pt-pt\/wp-json\/wp\/v2\/comments?post=62387"}],"wp:featuredmedia":[{"embeddable":true,"href":"https:\/\/ultrasfactory.com\/pt-pt\/wp-json\/wp\/v2\/media\/62389"}],"wp:attachment":[{"href":"https:\/\/ultrasfactory.com\/pt-pt\/wp-json\/wp\/v2\/media?parent=62387"}],"wp:term":[{"taxonomy":"product_brand","embeddable":true,"href":"https:\/\/ultrasfactory.com\/pt-pt\/wp-json\/wp\/v2\/product_brand?post=62387"},{"taxonomy":"product_cat","embeddable":true,"href":"https:\/\/ultrasfactory.com\/pt-pt\/wp-json\/wp\/v2\/product_cat?post=62387"},{"taxonomy":"product_tag","embeddable":true,"href":"https:\/\/ultrasfactory.com\/pt-pt\/wp-json\/wp\/v2\/product_tag?post=62387"}],"curies":[{"name":"wp","href":"https:\/\/api.w.org\/{rel}","templated":true}]}}