{"id":62657,"date":"2025-09-05T10:54:28","date_gmt":"2025-09-05T09:54:28","guid":{"rendered":"https:\/\/ultrasfactory.com\/product\/vortex-d25s-f2s30f\/"},"modified":"2025-10-28T15:14:27","modified_gmt":"2025-10-28T14:14:27","slug":"vortex-d25s-f2s30f","status":"publish","type":"product","link":"https:\/\/ultrasfactory.com\/pt-pt\/product\/vortex-d25s-f2s30f\/","title":{"rendered":"Vortex D25S-F2S30F"},"content":{"rendered":"<p><iframe loading=\"lazy\" title=\"Reprodutor de v\u00eddeo do YouTube\" src=\"https:\/\/www.youtube.com\/embed\/N5Nt8cQLB9s?si=ruqG9NgIzlzO1d4s\" width=\"560\" height=\"315\" frameborder=\"0\" allowfullscreen=\"allowfullscreen\"><\/iframe><\/p>\n","protected":false},"excerpt":{"rendered":"<ul>\n<li data-start=\"1162\" data-end=\"1208\">\n<p data-start=\"1164\" data-end=\"1208\"><strong data-start=\"1164\" data-end=\"1181\">Configura\u00e7\u00e3o<\/strong>: Bolo quadrado, disposi\u00e7\u00e3o 4\u00d71<\/p>\n<\/li>\n<li data-start=\"1209\" data-end=\"1226\">\n<p data-start=\"1211\" data-end=\"1226\"><strong data-start=\"1211\" data-end=\"1220\">Dispara<\/strong>: 25<\/p>\n<\/li>\n<li data-start=\"1227\" data-end=\"1255\">\n<p data-start=\"1229\" data-end=\"1255\"><strong data-start=\"1229\" data-end=\"1240\">Calibre<\/strong>: tubos de 30 mm<\/p>\n<\/li>\n<li data-start=\"1256\" data-end=\"1274\">\n<p data-start=\"1258\" data-end=\"1274\"><strong data-start=\"1258\" data-end=\"1265\">NEC<\/strong>: 480 g<\/p>\n<\/li>\n<li data-start=\"1275\" data-end=\"1412\">\n<p data-start=\"1277\" data-end=\"1289\"><strong data-start=\"1277\" data-end=\"1288\">Efeitos<\/strong>:<\/p>\n<ul data-start=\"1292\" data-end=\"1412\">\n<li data-start=\"1292\" data-end=\"1336\">\n<p data-start=\"1294\" data-end=\"1336\">Tiros 1-15: Explos\u00f5es de coco de ouro tit\u00e2nio<\/p>\n<\/li>\n<li data-start=\"1339\" data-end=\"1412\">\n<p data-start=\"1341\" data-end=\"1412\">Fotografias 16-25: Cometas de salgueiro em ouro tit\u00e2nio (3-5 cometas grandes por explos\u00e3o)<\/p>\n<\/li>\n<\/ul>\n<\/li>\n<li data-start=\"1413\" data-end=\"1451\">\n<p data-start=\"1415\" data-end=\"1451\"><strong data-start=\"1415\" data-end=\"1429\">Dimens\u00f5es<\/strong>: 180 \u00d7 180 \u00d7 220 mm<\/p>\n<\/li>\n<li data-start=\"1452\" data-end=\"1502\">\n<p data-start=\"1454\" data-end=\"1502\"><strong data-start=\"1454\" data-end=\"1472\">Classifica\u00e7\u00e3o<\/strong>: F2<\/p>\n<\/li>\n<li data-start=\"1452\" data-end=\"1502\">Ignite the <strong data-start=\"1731\" data-end=\"1741\">Vortex &#8211; um<\/strong>feroz bolo quadrado de 25 tiros que floresce com puro drama dourado. O espet\u00e1culo come\u00e7a com explos\u00f5es de coco em ouro tit\u00e2nio que d\u00e3o lugar a impressionantes cometas de salgueiro que se lan\u00e7am para o c\u00e9u. Numa elegante moldura de 180 \u00d7 180 \u00d7 220 mm, <strong data-start=\"1953\" data-end=\"1963\">o Vortex<\/strong> tem quase meio quilo de for\u00e7a explosiva, proporcionando eleg\u00e2ncia e poder numa performance impressionante.  <\/li>\n<\/ul>\n","protected":false},"featured_media":62660,"comment_status":"closed","ping_status":"closed","template":"","meta":{"_acf_changed":false},"product_brand":[],"product_cat":[477,495],"product_tag":[],"class_list":{"0":"post-62657","1":"product","2":"type-product","3":"status-publish","4":"has-post-thumbnail","6":"product_cat-baterias","7":"product_cat-promocao","8":"pa_brandx-pyro-shine","10":"first","11":"outofstock","12":"sale","13":"taxable","14":"shipping-taxable","15":"purchasable","16":"product-type-simple"},"acf":[],"_links":{"self":[{"href":"https:\/\/ultrasfactory.com\/pt-pt\/wp-json\/wp\/v2\/product\/62657","targetHints":{"allow":["GET"]}}],"collection":[{"href":"https:\/\/ultrasfactory.com\/pt-pt\/wp-json\/wp\/v2\/product"}],"about":[{"href":"https:\/\/ultrasfactory.com\/pt-pt\/wp-json\/wp\/v2\/types\/product"}],"replies":[{"embeddable":true,"href":"https:\/\/ultrasfactory.com\/pt-pt\/wp-json\/wp\/v2\/comments?post=62657"}],"wp:featuredmedia":[{"embeddable":true,"href":"https:\/\/ultrasfactory.com\/pt-pt\/wp-json\/wp\/v2\/media\/62660"}],"wp:attachment":[{"href":"https:\/\/ultrasfactory.com\/pt-pt\/wp-json\/wp\/v2\/media?parent=62657"}],"wp:term":[{"taxonomy":"product_brand","embeddable":true,"href":"https:\/\/ultrasfactory.com\/pt-pt\/wp-json\/wp\/v2\/product_brand?post=62657"},{"taxonomy":"product_cat","embeddable":true,"href":"https:\/\/ultrasfactory.com\/pt-pt\/wp-json\/wp\/v2\/product_cat?post=62657"},{"taxonomy":"product_tag","embeddable":true,"href":"https:\/\/ultrasfactory.com\/pt-pt\/wp-json\/wp\/v2\/product_tag?post=62657"}],"curies":[{"name":"wp","href":"https:\/\/api.w.org\/{rel}","templated":true}]}}