{"id":62661,"date":"2025-09-10T13:37:58","date_gmt":"2025-09-10T12:37:58","guid":{"rendered":"https:\/\/ultrasfactory.com\/product\/android-txp977\/"},"modified":"2026-03-17T20:48:12","modified_gmt":"2026-03-17T19:48:12","slug":"android-txp977","status":"publish","type":"product","link":"https:\/\/ultrasfactory.com\/pt-pt\/product\/android-txp977\/","title":{"rendered":"Android TXP977"},"content":{"rendered":"<p><iframe loading=\"lazy\" title=\"Reprodutor de v\u00eddeo do YouTube\" src=\"https:\/\/www.youtube.com\/embed\/j0EFbCZE4h8?si=f9gx5GrYxd_zSAvh\" width=\"560\" height=\"315\" frameborder=\"0\" allowfullscreen=\"allowfullscreen\"><\/iframe><\/p>\n<p data-start=\"246\" data-end=\"717\">Desencadeia um estrondo explosivo com o <strong data-start=\"281\" data-end=\"299\">Android TXP977<\/strong>, um foguete de topo de gama concebido para quem quer o m\u00e1ximo de som num formato compacto. Parte da categoria F3 da Triplex, esta bolacha \u00e9 perfeita para celebra\u00e7\u00f5es festivas, reuni\u00f5es ao ar livre ou qualquer evento que exija um efeito ilustrativo dram\u00e1tico. Cada pe\u00e7a emite um \u00fanico estalido alto que ecoa, o que a torna ideal quando queres chamar a aten\u00e7\u00e3o, marcar um momento importante ou simplesmente acrescentar emo\u00e7\u00e3o ao teu conjunto pirot\u00e9cnico.<\/p>\n<p data-start=\"719\" data-end=\"1024\">O seu fus\u00edvel dur\u00e1vel proporciona uma igni\u00e7\u00e3o previs\u00edvel e o tamanho pequeno facilita a distribui\u00e7\u00e3o, o armazenamento e o manuseamento, ao mesmo tempo que proporciona um efeito poderoso. Com um conte\u00fado explosivo l\u00edquido (NEC) adequado \u00e0 classe F3, <strong data-start=\"933\" data-end=\"951\">o Android TXP977<\/strong> \u00e9 potente e est\u00e1 em conformidade com as normas europeias de seguran\u00e7a pirot\u00e9cnica. <\/p>\n","protected":false},"excerpt":{"rendered":"<ul>\n<li data-start=\"163\" data-end=\"184\">\n<p data-start=\"165\" data-end=\"184\"><strong>Tamanho da embalagem: 10 unidades<\/strong><\/p>\n<\/li>\n<li data-start=\"185\" data-end=\"206\">\n<p data-start=\"187\" data-end=\"206\"><strong>Categoria: F3 (CE)<\/strong><\/p>\n<\/li>\n<li data-start=\"207\" data-end=\"272\">\n<p data-start=\"209\" data-end=\"272\"><strong>NEC 5 g por embalagem (~0,5 g por pe\u00e7a)<\/strong><\/p>\n<\/li>\n<li data-start=\"273\" data-end=\"296\">\n<p data-start=\"275\" data-end=\"296\"><strong>Fabricante: Triplex<\/strong><\/p>\n<\/li>\n<\/ul>\n","protected":false},"featured_media":62663,"comment_status":"closed","ping_status":"closed","template":"","meta":{"_acf_changed":false},"product_brand":[],"product_cat":[487,495],"product_tag":[],"class_list":{"0":"post-62661","1":"product","2":"type-product","3":"status-publish","4":"has-post-thumbnail","6":"product_cat-fogos-de-artificio","7":"product_cat-promocao","8":"pa_brandx-triplex","10":"first","11":"instock","12":"sale","13":"taxable","14":"shipping-taxable","15":"purchasable","16":"product-type-simple"},"acf":[],"_links":{"self":[{"href":"https:\/\/ultrasfactory.com\/pt-pt\/wp-json\/wp\/v2\/product\/62661","targetHints":{"allow":["GET"]}}],"collection":[{"href":"https:\/\/ultrasfactory.com\/pt-pt\/wp-json\/wp\/v2\/product"}],"about":[{"href":"https:\/\/ultrasfactory.com\/pt-pt\/wp-json\/wp\/v2\/types\/product"}],"replies":[{"embeddable":true,"href":"https:\/\/ultrasfactory.com\/pt-pt\/wp-json\/wp\/v2\/comments?post=62661"}],"wp:featuredmedia":[{"embeddable":true,"href":"https:\/\/ultrasfactory.com\/pt-pt\/wp-json\/wp\/v2\/media\/62663"}],"wp:attachment":[{"href":"https:\/\/ultrasfactory.com\/pt-pt\/wp-json\/wp\/v2\/media?parent=62661"}],"wp:term":[{"taxonomy":"product_brand","embeddable":true,"href":"https:\/\/ultrasfactory.com\/pt-pt\/wp-json\/wp\/v2\/product_brand?post=62661"},{"taxonomy":"product_cat","embeddable":true,"href":"https:\/\/ultrasfactory.com\/pt-pt\/wp-json\/wp\/v2\/product_cat?post=62661"},{"taxonomy":"product_tag","embeddable":true,"href":"https:\/\/ultrasfactory.com\/pt-pt\/wp-json\/wp\/v2\/product_tag?post=62661"}],"curies":[{"name":"wp","href":"https:\/\/api.w.org\/{rel}","templated":true}]}}