{"id":62662,"date":"2025-08-22T11:08:34","date_gmt":"2025-08-22T10:08:34","guid":{"rendered":"https:\/\/ultrasfactory.com\/product\/riakeo-hf-100-2417s-opera-de-pequim-100\/"},"modified":"2025-10-28T15:14:27","modified_gmt":"2025-10-28T14:14:27","slug":"riakeo-hf-100-2417s-opera-de-pequim-100","status":"publish","type":"product","link":"https:\/\/ultrasfactory.com\/pt-pt\/product\/riakeo-hf-100-2417s-opera-de-pequim-100\/","title":{"rendered":"Riakeo HF-100-2417S &#8220;\u00d3pera de Pequim 100&#8221;"},"content":{"rendered":"<h3 data-start=\"928\" data-end=\"1002\">Riakeo HF-100-2417S &#8220;Peking Opera 100&#8221; &#8211; Bolo composto de 30 mm com 100 disparos<\/h3>\n<p data-start=\"1004\" data-end=\"1043\"><span class=\"relative -mx-px my-[-0.2rem] rounded px-px py-[0.2rem] transition-colors duration-100 ease-in-out\">Mergulha o teu p\u00fablico num grandioso e arrebatador espet\u00e1culo de fogo de artif\u00edcio de 75 segundos com o <strong data-start=\"79\" data-end=\"99\">Peking Opera 100<\/strong> da Riakeo. Este bolo impressionante fornece <strong data-start=\"139\" data-end=\"167\">100 potentes disparos de 30 mm<\/strong> dispostos em forma de I e em leque, oferecendo profundidade e amplitude numa \u00fanica igni\u00e7\u00e3o &#8211; o que corresponde a quase um minuto e meio de espet\u00e1culo. <\/span><\/p>\n<h4 data-start=\"1045\" data-end=\"1070\">Progride no efeito:<\/h4>\n<ul data-start=\"1071\" data-end=\"1327\">\n<li data-start=\"1071\" data-end=\"1114\">\n<p data-start=\"1073\" data-end=\"1114\"><span class=\"relative -mx-px my-[-0.2rem] rounded px-px py-[0.2rem] transition-colors duration-100 ease-in-out\">Come\u00e7a com uma <strong data-start=\"14\" data-end=\"32\">mina azul profunda<\/strong> que floresce em <strong data-start=\"49\" data-end=\"100\" data-is-last-node=\"\">d\u00e1lias de p\u00eassego, lim\u00e3o, roxo, laranja e verde<\/strong><\/span><\/p>\n<\/li>\n<li data-start=\"1115\" data-end=\"1158\">\n<p data-start=\"1117\" data-end=\"1158\"><span class=\"relative -mx-px my-[-0.2rem] rounded px-px py-[0.2rem] transition-colors duration-100 ease-in-out\">Passa para uma camada de d\u00e1lias em azul profundo, verde, lim\u00e3o, roxo e laranja, real\u00e7ada por <strong data-start=\"101\" data-end=\"123\" data-is-last-node=\"\">flashes estrobosc\u00f3picos vermelhos<\/strong> dram\u00e1ticos<\/span><\/p>\n<\/li>\n<li data-start=\"1159\" data-end=\"1202\">\n<p data-start=\"1161\" data-end=\"1202\"><span class=\"relative -mx-px my-[-0.2rem] rounded px-px py-[0.2rem] transition-colors duration-100 ease-in-out\">Transita para uma <strong data-start=\"19\" data-end=\"48\">mina de cris\u00e2ntemos dourados<\/strong>, seguida de d\u00e1lias coloridas (p\u00eassego, azul celeste, verde) coroadas de novo por um cris\u00e2ntemo dourado<\/span><\/p>\n<\/li>\n<li data-start=\"1203\" data-end=\"1327\">\n<p data-start=\"1205\" data-end=\"1327\"><span class=\"relative -mx-px my-[-0.2rem] rounded px-px py-[0.2rem] transition-colors duration-100 ease-in-out\">Culmina numa <strong data-start=\"16\" data-end=\"45\">mina de cris\u00e2ntemo prateado<\/strong> que floresce em d\u00e1lias vermelhas, verdes, azuis, p\u00farpura e lim\u00e3o, terminando com um dram\u00e1tico cris\u00e2ntemo prateado<\/span><br data-start=\"1244\" data-end=\"1247\"><span class=\"relative -mx-px my-[-0.2rem] rounded px-px py-[0.2rem] transition-colors duration-100 ease-in-out\">Estas transi\u00e7\u00f5es criam um crescendo visual, combinando amplas paletas de cores com texturas vari\u00e1veis e flashes brilhantes<\/span> <span class=\"\" data-state=\"closed\"><span class=\"ms-1 inline-flex max-w-full items-center relative top-[-0.094rem] animate-[show_150ms_ease-in]\" data-testid=\"webpage-citation-pill\"><a class=\"flex h-4.5 overflow-hidden rounded-xl px-2 text-[9px] font-medium text-token-text-secondary! bg-[#F4F4F4]! dark:bg-[#303030]! transition-colors duration-150 ease-in-out\" href=\"https:\/\/jorge.pl\/en\/hf-100-2417s-peking-opera-100?utm_source=chatgpt.com\" target=\"_blank\" rel=\"noopener\"><span class=\"relative start-0 bottom-0 flex h-full w-full items-center\"><span class=\"flex h-4 w-full items-center justify-between\"><span class=\"max-w-full grow truncate overflow-hidden text-center\">jorge.pl<\/span><span class=\"-me-1 flex h-full items-center rounded-full px-1 text-[#8F8F8F]\">+2<\/span><\/span><span class=\"flex h-4 w-full items-center justify-between absolute\"><span class=\"max-w-full grow truncate overflow-hidden text-center\">inspira24.nazwa.pl<\/span><span class=\"-me-1 flex h-full items-center rounded-full px-1 text-[#8F8F8F]\">+2<\/span><\/span><\/span><\/a><\/span><\/span>.<\/p>\n<\/li>\n<\/ul>\n<p data-start=\"1329\" data-end=\"1637\">Com classifica\u00e7\u00e3o <strong data-start=\"1335\" data-end=\"1355\">CE F2 \/ ADR 1.4G<\/strong>, o <em data-start=\"1357\" data-end=\"1375\">Peking Opera 100<\/em> oferece pot\u00eancia e seguran\u00e7a. Com mais de <strong data-start=\"1416\" data-end=\"1425\">90 dB<\/strong>, oferece uma presen\u00e7a imponente, mas mant\u00e9m-se f\u00e1cil de utilizar para fogos de artif\u00edcio ao n\u00edvel do consumidor. Quer procures um espet\u00e1culo luxuoso ou um final de ponto focal, esta bateria equilibra drama, cor e impacto.  <\/p>\n<h4 data-start=\"1639\" data-end=\"1659\">Principais destaques:<\/h4>\n<ul data-start=\"1660\" data-end=\"1922\">\n<li data-start=\"1660\" data-end=\"1714\">\n<p data-start=\"1662\" data-end=\"1714\">100 disparos din\u00e2micos de 30 mm ao longo de 75 segundos alargados<\/p>\n<\/li>\n<li data-start=\"1715\" data-end=\"1787\">\n<p data-start=\"1717\" data-end=\"1787\">Efeitos de cor e estrobosc\u00f3picos ricos e multif\u00e1sicos para um fluxo visual cinematogr\u00e1fico<\/p>\n<\/li>\n<li data-start=\"1788\" data-end=\"1857\">\n<p data-start=\"1790\" data-end=\"1857\">Disposi\u00e7\u00e3o vers\u00e1til com tubos rectos e em leque para uma cobertura m\u00e1xima<\/p>\n<\/li>\n<li data-start=\"1858\" data-end=\"1922\">\n<p data-start=\"1860\" data-end=\"1922\">Categoria segura para o utilizador aliada a uma intensidade de n\u00edvel profissional<\/p>\n<\/li>\n<\/ul>\n<p data-start=\"1924\" data-end=\"2130\">Perfeita como <strong data-start=\"1937\" data-end=\"1961\">destaque aut\u00f3nomo<\/strong>, <strong data-start=\"1963\" data-end=\"1981\">elemento final<\/strong> ou <strong data-start=\"1986\" data-end=\"2008\">pe\u00e7a central visual<\/strong> em casamentos, anivers\u00e1rios e eventos de grande impacto, a Peking<strong data-start=\"2060\" data-end=\"2080\">Opera 100<\/strong> chama a aten\u00e7\u00e3o desde a descolagem at\u00e9 ao grande final.<\/p>\n","protected":false},"excerpt":{"rendered":"<ul>\n<li data-start=\"115\" data-end=\"156\">\n<p data-start=\"117\" data-end=\"156\"><span class=\"relative -mx-px my-[-0.2rem] rounded px-px py-[0.2rem] transition-colors duration-100 ease-in-out\"><strong data-start=\"0\" data-end=\"16\" data-is-only-node=\"\">C\u00f3digo do produto<\/strong>: HF-100-2417S<\/span><\/p>\n<\/li>\n<li data-start=\"157\" data-end=\"198\">\n<p data-start=\"159\" data-end=\"198\"><span class=\"relative -mx-px my-[-0.2rem] rounded px-px py-[0.2rem] transition-colors duration-100 ease-in-out\"><strong data-start=\"0\" data-end=\"8\" data-is-only-node=\"\">Nome<\/strong>: \u00d3pera de Pequim 100<\/span><\/p>\n<\/li>\n<li data-start=\"199\" data-end=\"227\">\n<p data-start=\"201\" data-end=\"227\"><strong data-start=\"201\" data-end=\"217\">Fabricante<\/strong>: Riakeo<\/p>\n<\/li>\n<li data-start=\"228\" data-end=\"269\">\n<p data-start=\"230\" data-end=\"269\"><span class=\"relative -mx-px my-[-0.2rem] rounded px-px py-[0.2rem] transition-colors duration-100 ease-in-out\"><strong data-start=\"0\" data-end=\"8\" data-is-only-node=\"\">Tipo<\/strong>: Bateria composta (bolo de fogo de artif\u00edcio)<\/span><\/p>\n<\/li>\n<li data-start=\"270\" data-end=\"311\">\n<p data-start=\"272\" data-end=\"311\"><span class=\"relative -mx-px my-[-0.2rem] rounded px-px py-[0.2rem] transition-colors duration-100 ease-in-out\"><strong data-start=\"0\" data-end=\"19\" data-is-only-node=\"\">N\u00famero de disparos<\/strong>: 100<\/span><\/p>\n<\/li>\n<li data-start=\"312\" data-end=\"353\">\n<p data-start=\"314\" data-end=\"353\"><span class=\"relative -mx-px my-[-0.2rem] rounded px-px py-[0.2rem] transition-colors duration-100 ease-in-out\"><strong data-start=\"0\" data-end=\"11\" data-is-only-node=\"\">Calibre<\/strong>: 30 mm<\/span><\/p>\n<\/li>\n<li data-start=\"354\" data-end=\"395\">\n<p data-start=\"356\" data-end=\"395\"><span class=\"relative -mx-px my-[-0.2rem] rounded px-px py-[0.2rem] transition-colors duration-100 ease-in-out\"><strong data-start=\"0\" data-end=\"12\" data-is-only-node=\"\">Dura\u00e7\u00e3o<\/strong>: cerca de 75 segundos <\/span><\/p>\n<\/li>\n<li data-start=\"396\" data-end=\"437\">\n<p data-start=\"398\" data-end=\"437\"><span class=\"relative -mx-px my-[-0.2rem] rounded px-px py-[0.2rem] transition-colors duration-100 ease-in-out\"><strong data-start=\"0\" data-end=\"18\" data-is-only-node=\"\">Padr\u00e3o de disparo<\/strong>: Misto (em forma de I + padr\u00e3o em leque)<\/span><\/p>\n<\/li>\n<li data-start=\"438\" data-end=\"673\">\n<p data-start=\"440\" data-end=\"453\"><strong data-start=\"440\" data-end=\"451\">Efeitos<\/strong>:<\/p>\n<ul data-start=\"456\" data-end=\"673\">\n<li data-start=\"456\" data-end=\"497\">\n<p data-start=\"458\" data-end=\"497\"><span class=\"relative -mx-px my-[-0.2rem] rounded px-px py-[0.2rem] transition-colors duration-100 ease-in-out\">Mina azul profundo com p\u00eassego, lim\u00e3o, roxo, laranja, d\u00e1lia verde<\/span><\/p>\n<\/li>\n<li data-start=\"500\" data-end=\"541\">\n<p data-start=\"502\" data-end=\"541\"><span class=\"relative -mx-px my-[-0.2rem] rounded px-px py-[0.2rem] transition-colors duration-100 ease-in-out\">Azul profundo, verde, lim\u00e3o, p\u00farpura, d\u00e1lia laranja com estrobosc\u00f3pio vermelho<\/span><\/p>\n<\/li>\n<li data-start=\"544\" data-end=\"587\">\n<p data-start=\"546\" data-end=\"587\"><span class=\"relative -mx-px my-[-0.2rem] rounded px-px py-[0.2rem] transition-colors duration-100 ease-in-out\">Cris\u00e2ntemo dourado mina para p\u00eassego\/azul celeste\/verde d\u00e1lia com cris\u00e2ntemo dourado<\/span><\/p>\n<\/li>\n<li data-start=\"590\" data-end=\"673\">\n<p data-start=\"592\" data-end=\"673\"><span class=\"relative -mx-px my-[-0.2rem] rounded px-px py-[0.2rem] transition-colors duration-100 ease-in-out\">Mina de cris\u00e2ntemo prateado para vermelho, verde, azul, roxo, d\u00e1lia de lim\u00e3o com cris\u00e2ntemo prateado<\/span> <span class=\"\" data-state=\"closed\"><span class=\"ms-1 inline-flex max-w-full items-center relative top-[-0.094rem] animate-[show_150ms_ease-in]\" data-testid=\"webpage-citation-pill\"><a class=\"flex h-4.5 overflow-hidden rounded-xl px-2 text-[9px] font-medium text-token-text-secondary! bg-[#F4F4F4]! dark:bg-[#303030]! transition-colors duration-150 ease-in-out\" href=\"https:\/\/jorge.pl\/en\/hf-100-2417s-peking-opera-100?utm_source=chatgpt.com\" target=\"_blank\" rel=\"noopener\"><span class=\"relative start-0 bottom-0 flex h-full w-full items-center\"><span class=\"flex h-4 w-full items-center justify-between\"><span class=\"max-w-full grow truncate overflow-hidden text-center\">jorge.pl<\/span><span class=\"-me-1 flex h-full items-center rounded-full px-1 text-[#8F8F8F]\">+2<\/span><\/span><span class=\"flex h-4 w-full items-center justify-between absolute\"><span class=\"max-w-full grow truncate overflow-hidden text-center\">jorge.pl<\/span><span class=\"-me-1 flex h-full items-center rounded-full px-1 text-[#8F8F8F]\">+2<\/span><\/span><\/span><\/a><\/span><\/span><\/p>\n<\/li>\n<\/ul>\n<\/li>\n<\/ul>\n","protected":false},"featured_media":62665,"comment_status":"closed","ping_status":"closed","template":"","meta":{"_acf_changed":false},"product_brand":[],"product_cat":[477,495],"product_tag":[],"class_list":{"0":"post-62662","1":"product","2":"type-product","3":"status-publish","4":"has-post-thumbnail","6":"product_cat-baterias","7":"product_cat-promocao","8":"pa_brandx-riakeo","10":"first","11":"instock","12":"sale","13":"taxable","14":"shipping-taxable","15":"purchasable","16":"product-type-simple"},"acf":[],"_links":{"self":[{"href":"https:\/\/ultrasfactory.com\/pt-pt\/wp-json\/wp\/v2\/product\/62662","targetHints":{"allow":["GET"]}}],"collection":[{"href":"https:\/\/ultrasfactory.com\/pt-pt\/wp-json\/wp\/v2\/product"}],"about":[{"href":"https:\/\/ultrasfactory.com\/pt-pt\/wp-json\/wp\/v2\/types\/product"}],"replies":[{"embeddable":true,"href":"https:\/\/ultrasfactory.com\/pt-pt\/wp-json\/wp\/v2\/comments?post=62662"}],"wp:featuredmedia":[{"embeddable":true,"href":"https:\/\/ultrasfactory.com\/pt-pt\/wp-json\/wp\/v2\/media\/62665"}],"wp:attachment":[{"href":"https:\/\/ultrasfactory.com\/pt-pt\/wp-json\/wp\/v2\/media?parent=62662"}],"wp:term":[{"taxonomy":"product_brand","embeddable":true,"href":"https:\/\/ultrasfactory.com\/pt-pt\/wp-json\/wp\/v2\/product_brand?post=62662"},{"taxonomy":"product_cat","embeddable":true,"href":"https:\/\/ultrasfactory.com\/pt-pt\/wp-json\/wp\/v2\/product_cat?post=62662"},{"taxonomy":"product_tag","embeddable":true,"href":"https:\/\/ultrasfactory.com\/pt-pt\/wp-json\/wp\/v2\/product_tag?post=62662"}],"curies":[{"name":"wp","href":"https:\/\/api.w.org\/{rel}","templated":true}]}}