{"id":62670,"date":"2025-09-05T10:45:11","date_gmt":"2025-09-05T09:45:11","guid":{"rendered":"https:\/\/ultrasfactory.com\/product\/nitro-d25s-f2s30g\/"},"modified":"2025-10-28T15:14:29","modified_gmt":"2025-10-28T14:14:29","slug":"nitro-d25s-f2s30g","status":"publish","type":"product","link":"https:\/\/ultrasfactory.com\/pt-pt\/product\/nitro-d25s-f2s30g\/","title":{"rendered":"Nitro D25S-F2S30G"},"content":{"rendered":"<p><iframe loading=\"lazy\" title=\"Reprodutor de v\u00eddeo do YouTube\" src=\"https:\/\/www.youtube.com\/embed\/mQ9032x9160?si=Rq_49ml3k_fxmthL\" width=\"560\" height=\"315\" frameborder=\"0\" allowfullscreen=\"allowfullscreen\"><\/iframe><\/p>\n","protected":false},"excerpt":{"rendered":"<ul>\n<li data-start=\"1513\" data-end=\"1542\">\n<p data-start=\"1515\" data-end=\"1542\">Disparos: 25 (disposi\u00e7\u00e3o quadrada)<\/p>\n<\/li>\n<li data-start=\"1543\" data-end=\"1561\">\n<p data-start=\"1545\" data-end=\"1561\">Calibre: 30 mm<\/p>\n<\/li>\n<li data-start=\"1562\" data-end=\"1576\">\n<p data-start=\"1564\" data-end=\"1576\">NEC: 480 g<\/p>\n<\/li>\n<li data-start=\"1577\" data-end=\"1611\">\n<p data-start=\"1579\" data-end=\"1611\">Classifica\u00e7\u00e3o: CE F2<\/p>\n<\/li>\n<li data-start=\"1612\" data-end=\"1782\">\n<p data-start=\"1614\" data-end=\"1782\">Efeitos: Caudas de coco douradas sequenciais que se transformam em ondas de flores com cores vivas de estrelas &#8211; p\u00farpura, laranja, azul &#8211; terminando com um final de d\u00e1lia + cris\u00e2ntemo em camadas<\/p>\n<\/li>\n<li data-start=\"1783\" data-end=\"1818\">\n<p data-start=\"1785\" data-end=\"1818\">Dimens\u00f5es: ~180 \u00d7 180 \u00d7 220 mm<\/p>\n<\/li>\n<li data-start=\"1783\" data-end=\"1818\">Ignite <strong data-start=\"1942\" data-end=\"1951\">Nitro &#8211; uma<\/strong>maravilha ardente de 25 disparos que pinta o c\u00e9u noturno com caudas de coco douradas em cascata e ondas de flores radiantes em roxo, laranja e azul, culminando num impressionante h\u00edbrido de d\u00e1lia e cris\u00e2ntemo em azul-marinho, laranja ou roxo. Pequena na moldura mas rica em espet\u00e1culo, esta pilha oferece transi\u00e7\u00f5es arrojadas e coloridas que despertam a emo\u00e7\u00e3o a cada flash. <\/li>\n<\/ul>\n","protected":false},"featured_media":62671,"comment_status":"closed","ping_status":"closed","template":"","meta":{"_acf_changed":false},"product_brand":[],"product_cat":[477,495],"product_tag":[],"class_list":{"0":"post-62670","1":"product","2":"type-product","3":"status-publish","4":"has-post-thumbnail","6":"product_cat-baterias","7":"product_cat-promocao","8":"pa_brandx-pyro-shine","10":"first","11":"outofstock","12":"sale","13":"taxable","14":"shipping-taxable","15":"purchasable","16":"product-type-simple"},"acf":[],"_links":{"self":[{"href":"https:\/\/ultrasfactory.com\/pt-pt\/wp-json\/wp\/v2\/product\/62670","targetHints":{"allow":["GET"]}}],"collection":[{"href":"https:\/\/ultrasfactory.com\/pt-pt\/wp-json\/wp\/v2\/product"}],"about":[{"href":"https:\/\/ultrasfactory.com\/pt-pt\/wp-json\/wp\/v2\/types\/product"}],"replies":[{"embeddable":true,"href":"https:\/\/ultrasfactory.com\/pt-pt\/wp-json\/wp\/v2\/comments?post=62670"}],"wp:featuredmedia":[{"embeddable":true,"href":"https:\/\/ultrasfactory.com\/pt-pt\/wp-json\/wp\/v2\/media\/62671"}],"wp:attachment":[{"href":"https:\/\/ultrasfactory.com\/pt-pt\/wp-json\/wp\/v2\/media?parent=62670"}],"wp:term":[{"taxonomy":"product_brand","embeddable":true,"href":"https:\/\/ultrasfactory.com\/pt-pt\/wp-json\/wp\/v2\/product_brand?post=62670"},{"taxonomy":"product_cat","embeddable":true,"href":"https:\/\/ultrasfactory.com\/pt-pt\/wp-json\/wp\/v2\/product_cat?post=62670"},{"taxonomy":"product_tag","embeddable":true,"href":"https:\/\/ultrasfactory.com\/pt-pt\/wp-json\/wp\/v2\/product_tag?post=62670"}],"curies":[{"name":"wp","href":"https:\/\/api.w.org\/{rel}","templated":true}]}}